{"id":11592,"date":"2023-05-30T14:44:19","date_gmt":"2023-05-30T12:44:19","guid":{"rendered":"https:\/\/fundacjaukraina.eu\/support-ukraine\/safe-space\/"},"modified":"2023-10-24T11:55:52","modified_gmt":"2023-10-24T09:55:52","slug":"safe-space","status":"publish","type":"page","link":"https:\/\/fundacjaukraina.eu\/en\/support-ukraine\/safe-space\/","title":{"rendered":"Projekt &#8220;Safe Space&#8221;"},"content":{"rendered":"\n<div class=\"wp-block-columns is-layout-flex wp-container-core-columns-is-layout-9d6595d7 wp-block-columns-is-layout-flex\">\n<div class=\"wp-block-column is-layout-flow wp-block-column-is-layout-flow\">\n<p>W zwi\u0105zku z atakiem Rosji i rozpocz\u0119ciem wojny na pe\u0142n\u0105 skal\u0119, tysi\u0105ce ludzi w Ukrainie zosta\u0142o zmuszonych do opuszczenia swoich dom\u00f3w. <\/p>\n\n\n\n<p>Wielu z nich ju\u017c nigdy nie b\u0119dzie mog\u0142o wr\u00f3ci\u0107 do swoich dom\u00f3w, poniewa\u017c zosta\u0142y one cz\u0119\u015bciowo lub ca\u0142kowicie zniszczone lub uszkodzone w wyniku rosyjskiej agresji. Opr\u00f3cz tego, \u017ce osoby te musia\u0142y spakowa\u0107 ca\u0142e swoje \u017cycie do jednej walizki i wyjecha\u0107 w nieznanym kierunku, wielu z nich straci\u0142o r\u00f3wnie\u017c \u017ar\u00f3d\u0142o utrzymania i obecnie nie ma mo\u017cliwo\u015bci zarobkowania.<\/p>\n\n\n\n<div style=\"height:50px\" aria-hidden=\"true\" class=\"wp-block-spacer\"><\/div>\n\n\n\n<p class=\"has-large-font-size\"><strong>Nasz projekt \u201cSafe Space\u201d ma na celu zapewnienie osobom wewn\u0119trznie przesiedlonym na terytorium Ukrainiy przynajmniej tymczasowego miejsca zamieszkania (tzw. schronienia) i mo\u017cliwo\u015bci powrotu do normalnego \u017cycia. <\/strong><\/p>\n<\/div>\n\n\n\n<div class=\"wp-block-column is-layout-flow wp-block-column-is-layout-flow\">\n<figure class=\"wp-block-image size-full\"><img loading=\"lazy\" decoding=\"async\" width=\"1280\" height=\"720\" src=\"https:\/\/fundacjaukraina.eu\/wp-content\/uploads\/2023\/06\/safe-space-6-edited.jpg\" alt=\"Safe Space\" class=\"wp-image-8855\"\/><\/figure>\n<\/div>\n<\/div>\n\n\n\n<div style=\"height:40px\" aria-hidden=\"true\" class=\"wp-block-spacer\"><\/div>\n\n\n\n<div class=\"wp-block-columns is-layout-flex wp-container-core-columns-is-layout-9d6595d7 wp-block-columns-is-layout-flex\">\n<div class=\"wp-block-column is-layout-flow wp-block-column-is-layout-flow\">\n<figure class=\"wp-block-image size-full\"><img loading=\"lazy\" decoding=\"async\" width=\"1280\" height=\"720\" src=\"https:\/\/fundacjaukraina.eu\/wp-content\/uploads\/2023\/06\/safe-space-1-edited.jpg\" alt=\"Safe Space\" class=\"wp-image-8860\"\/><\/figure>\n<\/div>\n\n\n\n<div class=\"wp-block-column is-layout-flow wp-block-column-is-layout-flow\">\n<p>Zapewnienie podstawowych potrzeb, takich jak jedzenie, higiena, schronienie, daje ludziom szans\u0119 na otrz\u0105\u015bni\u0119cie si\u0119 z pocz\u0105tkowego szoku i pozwala skupi\u0107 si\u0119 na radzeniu sobie z now\u0105 rzeczywisto\u015bci\u0105, w kt\u00f3rej si\u0119 znale\u017ali. Fundacja Ukraina zaopatruje schron w artyku\u0142y pierwszej potrzeby (\u017cywno\u015b\u0107, higiena, chemia gospodarcza, drewno opa\u0142owe itp.) <\/p>\n\n\n\n<p class=\"has-large-font-size\"><strong>Schron ten znajduje si\u0119 w mie\u015bcie \u0141uck na bazie art hostelu Adrenalin. <\/strong><\/p>\n\n\n\n<p>To miejsce obecnie zapewnia mieszka\u0144com trzy ciep\u0142e posi\u0142ki, miejsca do spania, pranie, prysznice do higieny osobistej, pomoc humanitarn\u0105 i nie tylko.<\/p>\n\n\n\n<p>Schron odwiedzaj\u0105 r\u00f3wnie\u017c pracownicy socjalni i inni specjali\u015bci, kt\u00f3rzy pomagaj\u0105 mieszka\u0144com w rozwi\u0105zywaniu r\u00f3\u017cnych problem\u00f3w, takich jak poszukiwanie pracy czy porady&nbsp; prawna, a tak\u017ce zaj\u0119cia dla dzieci i arteterapia dla doros\u0142ych.<\/p>\n<\/div>\n<\/div>\n\n\n\n<div style=\"height:40px\" aria-hidden=\"true\" class=\"wp-block-spacer\"><\/div>\n\n\n\n<div class=\"wp-block-columns is-layout-flex wp-container-core-columns-is-layout-9d6595d7 wp-block-columns-is-layout-flex\">\n<div class=\"wp-block-column is-layout-flow wp-block-column-is-layout-flow\">\n<p class=\"has-large-font-size\">Obecnie w schronie przebywa codziennie <strong>ponad 100 os\u00f3b, z czego 35 to dzieci<\/strong>. \u0141\u0105cznie schron mo\u017ce zabezpieczy\u0107 potrzeby ponad <strong>200 os\u00f3b<\/strong>.<\/p>\n\n\n\n<p>Na terenie schroniska znajduje si\u0119 r\u00f3wnie\u017c schron przeciwbombowy, z kt\u00f3rego podczas alarm\u00f3w powietrznych korzysta ponad 200 os\u00f3b.<\/p>\n\n\n\n<p><strong>Celem projektu jest r\u00f3wnie\u017c poprawa stanu schronu przeciwbombowego, aby uczyni\u0107 go bardziej komfortowym dla przebywaj\u0105cych w nim os\u00f3b doros\u0142ych i dzieci<\/strong>, a mianowicie podj\u0105\u0107 nast\u0119puj\u0105ce dzia\u0142ania:<\/p>\n\n\n\n<ul class=\"wp-block-list\">\n<li>wype\u0142ni\u0107 pod\u0142ogi betonem;<\/li>\n\n\n\n<li>wzmocni\u0107 \u015bciany i belki no\u015bne;<\/li>\n\n\n\n<li>otynkowa\u0107 i pomalowa\u0107 \u015bciany;<\/li>\n\n\n\n<li>stworzy\u0107 drugie wyj\u015bcie awaryjne;<\/li>\n\n\n\n<li>zakupi\u0107 meble niezb\u0119dne do komfortowego funkcjonowania.<\/li>\n<\/ul>\n\n\n\n<p>Jednym z najbezpieczniejszych miejsc dla cz\u0142owieka jest jego dom. Niestety mieszka\u0144cy schroniska nie maj\u0105 mo\u017cliwo\u015bci czu\u0107 si\u0119 bezpiecznie, dlatego apelujemy o wsparcie zbi\u00f3rki na remont schronu znajduj\u0105cego si\u0119 na jego terytorium. Taki schron mo\u017ce uratowa\u0107 \u017cycie podczas ataku bombowego.<\/p>\n\n\n\n<p><strong>Wesprzyj nasz\u0105 zbi\u00f3rk\u0119 i pom\u00f3\u017c odbudowa\u0107 schron przeciwbombowy!<\/strong><\/p>\n<\/div>\n\n\n\n<div class=\"wp-block-column is-layout-flow wp-block-column-is-layout-flow\">\n<figure class=\"wp-block-image size-full\"><img loading=\"lazy\" decoding=\"async\" width=\"1280\" height=\"720\" src=\"https:\/\/fundacjaukraina.eu\/wp-content\/uploads\/2023\/06\/safe-space-9-edited.jpg\" alt=\"Safe Space\" class=\"wp-image-8864\"\/><\/figure>\n<\/div>\n<\/div>\n\n\n\n<div style=\"height:40px\" aria-hidden=\"true\" class=\"wp-block-spacer\"><\/div>\n\n\n\n<h2 class=\"wp-block-heading has-text-align-center\">Wesprzyj projekt &#8220;Safe Space&#8221; <\/h2>\n\n\n\n<p class=\"has-text-align-center has-large-font-size\">Przeka\u017c darowizn\u0119 przez <a href=\"https:\/\/zrzutka.pl\/peuska\" data-type=\"link\" data-id=\"https:\/\/zrzutka.pl\/peuska\" target=\"_blank\" rel=\"noreferrer noopener\">zrzutka.pl<\/a>  <\/p>\n\n\n\n<div class=\"wp-block-buttons is-content-justification-center is-layout-flex wp-container-core-buttons-is-layout-16018d1d wp-block-buttons-is-layout-flex\">\n<div class=\"wp-block-button is-style-fill\"><a class=\"wp-block-button__link has-text-align-center wp-element-button\" href=\"https:\/\/zrzutka.pl\/peuska\" target=\"_blank\" rel=\"noreferrer noopener\">Wpla\u0107<\/a><\/div>\n<\/div>\n\n\n\n<div style=\"height:40px\" aria-hidden=\"true\" class=\"wp-block-spacer\"><\/div>\n\n\n\n<figure class=\"wp-block-gallery has-nested-images columns-5 is-cropped wp-block-gallery-1 is-layout-flex wp-block-gallery-is-layout-flex\">\n<figure class=\"wp-block-image size-medium\"><a href=\"https:\/\/fundacjaukraina.eu\/wp-content\/uploads\/2023\/06\/safe-space-2.jpg\"><img loading=\"lazy\" decoding=\"async\" width=\"600\" height=\"450\" data-id=\"8799\" src=\"https:\/\/fundacjaukraina.eu\/wp-content\/uploads\/2023\/06\/safe-space-2-600x450.jpg\" alt=\"Safe Space\" class=\"wp-image-8799\"\/><\/a><\/figure>\n\n\n\n<figure class=\"wp-block-image size-medium\"><a href=\"https:\/\/fundacjaukraina.eu\/wp-content\/uploads\/2023\/06\/safe-space-3.jpg\"><img loading=\"lazy\" decoding=\"async\" width=\"600\" height=\"450\" data-id=\"8803\" src=\"https:\/\/fundacjaukraina.eu\/wp-content\/uploads\/2023\/06\/safe-space-3-600x450.jpg\" alt=\"Safe Space\" class=\"wp-image-8803\"\/><\/a><\/figure>\n\n\n\n<figure class=\"wp-block-image size-medium\"><a href=\"https:\/\/fundacjaukraina.eu\/wp-content\/uploads\/2023\/06\/safe-space-4.jpg\"><img loading=\"lazy\" decoding=\"async\" width=\"600\" height=\"450\" data-id=\"8807\" src=\"https:\/\/fundacjaukraina.eu\/wp-content\/uploads\/2023\/06\/safe-space-4-600x450.jpg\" alt=\"Safe Space\" class=\"wp-image-8807\"\/><\/a><\/figure>\n\n\n\n<figure class=\"wp-block-image size-medium\"><a href=\"https:\/\/fundacjaukraina.eu\/wp-content\/uploads\/2023\/06\/safe-space-5.jpg\"><img loading=\"lazy\" decoding=\"async\" width=\"600\" height=\"400\" data-id=\"8811\" src=\"https:\/\/fundacjaukraina.eu\/wp-content\/uploads\/2023\/06\/safe-space-5-600x400.jpg\" alt=\"Safe Space\" class=\"wp-image-8811\"\/><\/a><\/figure>\n\n\n\n<figure class=\"wp-block-image size-medium\"><a href=\"https:\/\/fundacjaukraina.eu\/wp-content\/uploads\/2023\/06\/safe-space-7.jpg\"><img loading=\"lazy\" decoding=\"async\" width=\"600\" height=\"369\" data-id=\"8819\" src=\"https:\/\/fundacjaukraina.eu\/wp-content\/uploads\/2023\/06\/safe-space-7-600x369.jpg\" alt=\"Safe Space\" class=\"wp-image-8819\"\/><\/a><\/figure>\n\n\n\n<figure class=\"wp-block-image size-medium\"><a href=\"https:\/\/fundacjaukraina.eu\/wp-content\/uploads\/2023\/06\/safe-space-10.jpg\"><img decoding=\"async\" data-id=\"8831\" src=\"https:\/\/fundacjaukraina.eu\/wp-content\/uploads\/2023\/06\/safe-space-10-600x450.jpg\" alt=\"Safe Space\" class=\"wp-image-8831\"\/><\/a><\/figure>\n\n\n\n<figure class=\"wp-block-image size-medium\"><a href=\"https:\/\/fundacjaukraina.eu\/wp-content\/uploads\/2023\/06\/safe-space-11.jpg\"><img loading=\"lazy\" decoding=\"async\" width=\"600\" height=\"450\" data-id=\"8835\" src=\"https:\/\/fundacjaukraina.eu\/wp-content\/uploads\/2023\/06\/safe-space-11-600x450.jpg\" alt=\"Safe Space\" class=\"wp-image-8835\"\/><\/a><\/figure>\n\n\n\n<figure class=\"wp-block-image size-medium\"><a href=\"https:\/\/fundacjaukraina.eu\/wp-content\/uploads\/2023\/06\/safe-space-12.jpg\"><img loading=\"lazy\" decoding=\"async\" width=\"600\" height=\"450\" data-id=\"8839\" src=\"https:\/\/fundacjaukraina.eu\/wp-content\/uploads\/2023\/06\/safe-space-12-600x450.jpg\" alt=\"Safe Space\" class=\"wp-image-8839\"\/><\/a><\/figure>\n\n\n\n<figure class=\"wp-block-image size-medium\"><a href=\"https:\/\/fundacjaukraina.eu\/wp-content\/uploads\/2023\/06\/safe-space-13.jpg\"><img loading=\"lazy\" decoding=\"async\" width=\"600\" height=\"450\" data-id=\"8843\" src=\"https:\/\/fundacjaukraina.eu\/wp-content\/uploads\/2023\/06\/safe-space-13-600x450.jpg\" alt=\"Safe Space\" class=\"wp-image-8843\"\/><\/a><\/figure>\n\n\n\n<figure class=\"wp-block-image size-large\"><a href=\"https:\/\/fundacjaukraina.eu\/wp-content\/uploads\/2023\/06\/safe-space-14.jpg\"><img loading=\"lazy\" decoding=\"async\" width=\"568\" height=\"400\" data-id=\"8847\" src=\"https:\/\/fundacjaukraina.eu\/wp-content\/uploads\/2023\/06\/safe-space-14.jpg\" alt=\"Safe Space\" class=\"wp-image-8847\"\/><\/a><\/figure>\n<\/figure>\n","protected":false},"excerpt":{"rendered":"<p>W zwi\u0105zku z atakiem Rosji i rozpocz\u0119ciem wojny na pe\u0142n\u0105 skal\u0119, tysi\u0105ce ludzi w Ukrainie zosta\u0142o zmuszonych do opuszczenia swoich dom\u00f3w. Wielu z nich ju\u017c nigdy nie b\u0119dzie mog\u0142o wr\u00f3ci\u0107 do swoich dom\u00f3w, poniewa\u017c zosta\u0142y one cz\u0119\u015bciowo lub ca\u0142kowicie zniszczone lub uszkodzone w wyniku rosyjskiej agresji. Opr\u00f3cz tego, \u017ce osoby te musia\u0142y spakowa\u0107 ca\u0142e swoje&#8230;<\/p>\n","protected":false},"author":1,"featured_media":0,"parent":11554,"menu_order":131,"comment_status":"closed","ping_status":"closed","template":"","meta":{"_eb_attr":"","inline_featured_image":false,"advgb_blocks_editor_width":"","advgb_blocks_columns_visual_guide":"","footnotes":""},"class_list":["post-11592","page","type-page","status-publish","hentry"],"yoast_head":"<!-- This site is optimized with the Yoast SEO plugin v24.7 - https:\/\/yoast.com\/wordpress\/plugins\/seo\/ -->\n<title>Projekt &quot;Safe Space&quot; - Fundacja Ukraina<\/title>\n<meta name=\"robots\" content=\"index, follow, max-snippet:-1, max-image-preview:large, max-video-preview:-1\" \/>\n<link rel=\"canonical\" href=\"https:\/\/fundacjaukraina.eu\/en\/support-ukraine\/safe-space\/\" \/>\n<meta property=\"og:locale\" content=\"en_US\" \/>\n<meta property=\"og:type\" content=\"article\" \/>\n<meta property=\"og:title\" content=\"Projekt &quot;Safe Space&quot; - Fundacja Ukraina\" \/>\n<meta property=\"og:description\" content=\"W zwi\u0105zku z atakiem Rosji i rozpocz\u0119ciem wojny na pe\u0142n\u0105 skal\u0119, tysi\u0105ce ludzi w Ukrainie zosta\u0142o zmuszonych do opuszczenia swoich dom\u00f3w. Wielu z nich ju\u017c nigdy nie b\u0119dzie mog\u0142o wr\u00f3ci\u0107 do swoich dom\u00f3w, poniewa\u017c zosta\u0142y one cz\u0119\u015bciowo lub ca\u0142kowicie zniszczone lub uszkodzone w wyniku rosyjskiej agresji. Opr\u00f3cz tego, \u017ce osoby te musia\u0142y spakowa\u0107 ca\u0142e swoje...\" \/>\n<meta property=\"og:url\" content=\"https:\/\/fundacjaukraina.eu\/en\/support-ukraine\/safe-space\/\" \/>\n<meta property=\"og:site_name\" content=\"Fundacja Ukraina\" \/>\n<meta property=\"article:publisher\" content=\"https:\/\/www.facebook.com\/fundacja.ukraina\/\" \/>\n<meta property=\"article:modified_time\" content=\"2023-10-24T09:55:52+00:00\" \/>\n<meta property=\"og:image\" content=\"https:\/\/fundacjaukraina.eu\/wp-content\/uploads\/2023\/06\/safe-space-6-edited.jpg\" \/>\n<meta name=\"twitter:card\" content=\"summary_large_image\" \/>\n<meta name=\"twitter:label1\" content=\"Est. reading time\" \/>\n\t<meta name=\"twitter:data1\" content=\"5 minutes\" \/>\n<script type=\"application\/ld+json\" class=\"yoast-schema-graph\">{\"@context\":\"https:\/\/schema.org\",\"@graph\":[{\"@type\":\"WebPage\",\"@id\":\"https:\/\/fundacjaukraina.eu\/en\/support-ukraine\/safe-space\/\",\"url\":\"https:\/\/fundacjaukraina.eu\/en\/support-ukraine\/safe-space\/\",\"name\":\"Projekt \\\"Safe Space\\\" - Fundacja Ukraina\",\"isPartOf\":{\"@id\":\"https:\/\/fundacjaukraina.eu\/#website\"},\"primaryImageOfPage\":{\"@id\":\"https:\/\/fundacjaukraina.eu\/en\/support-ukraine\/safe-space\/#primaryimage\"},\"image\":{\"@id\":\"https:\/\/fundacjaukraina.eu\/en\/support-ukraine\/safe-space\/#primaryimage\"},\"thumbnailUrl\":\"https:\/\/fundacjaukraina.eu\/wp-content\/uploads\/2023\/06\/safe-space-6-edited.jpg\",\"datePublished\":\"2023-05-30T12:44:19+00:00\",\"dateModified\":\"2023-10-24T09:55:52+00:00\",\"breadcrumb\":{\"@id\":\"https:\/\/fundacjaukraina.eu\/en\/support-ukraine\/safe-space\/#breadcrumb\"},\"inLanguage\":\"en-US\",\"potentialAction\":[{\"@type\":\"ReadAction\",\"target\":[\"https:\/\/fundacjaukraina.eu\/en\/support-ukraine\/safe-space\/\"]}]},{\"@type\":\"ImageObject\",\"inLanguage\":\"en-US\",\"@id\":\"https:\/\/fundacjaukraina.eu\/en\/support-ukraine\/safe-space\/#primaryimage\",\"url\":\"https:\/\/fundacjaukraina.eu\/wp-content\/uploads\/2023\/06\/safe-space-6-edited.jpg\",\"contentUrl\":\"https:\/\/fundacjaukraina.eu\/wp-content\/uploads\/2023\/06\/safe-space-6-edited.jpg\"},{\"@type\":\"BreadcrumbList\",\"@id\":\"https:\/\/fundacjaukraina.eu\/en\/support-ukraine\/safe-space\/#breadcrumb\",\"itemListElement\":[{\"@type\":\"ListItem\",\"position\":1,\"name\":\"Home\",\"item\":\"https:\/\/fundacjaukraina.eu\/en\/\"},{\"@type\":\"ListItem\",\"position\":2,\"name\":\"HELP FOR UKRAINE\",\"item\":\"https:\/\/fundacjaukraina.eu\/en\/support-ukraine\/\"},{\"@type\":\"ListItem\",\"position\":3,\"name\":\"Projekt &#8220;Safe Space&#8221;\"}]},{\"@type\":\"WebSite\",\"@id\":\"https:\/\/fundacjaukraina.eu\/#website\",\"url\":\"https:\/\/fundacjaukraina.eu\/\",\"name\":\"Fundacja Ukraina\",\"description\":\"Pracujemy z lud\u017ami i dla ludzi\",\"publisher\":{\"@id\":\"https:\/\/fundacjaukraina.eu\/#organization\"},\"potentialAction\":[{\"@type\":\"SearchAction\",\"target\":{\"@type\":\"EntryPoint\",\"urlTemplate\":\"https:\/\/fundacjaukraina.eu\/?s={search_term_string}\"},\"query-input\":{\"@type\":\"PropertyValueSpecification\",\"valueRequired\":true,\"valueName\":\"search_term_string\"}}],\"inLanguage\":\"en-US\"},{\"@type\":\"Organization\",\"@id\":\"https:\/\/fundacjaukraina.eu\/#organization\",\"name\":\"Fundacja Ukraina\",\"url\":\"https:\/\/fundacjaukraina.eu\/\",\"logo\":{\"@type\":\"ImageObject\",\"inLanguage\":\"en-US\",\"@id\":\"https:\/\/fundacjaukraina.eu\/#\/schema\/logo\/image\/\",\"url\":\"https:\/\/fundacjaukraina.eu\/wp-content\/uploads\/2023\/09\/fu-main.png\",\"contentUrl\":\"https:\/\/fundacjaukraina.eu\/wp-content\/uploads\/2023\/09\/fu-main.png\",\"width\":1200,\"height\":630,\"caption\":\"Fundacja Ukraina\"},\"image\":{\"@id\":\"https:\/\/fundacjaukraina.eu\/#\/schema\/logo\/image\/\"},\"sameAs\":[\"https:\/\/www.facebook.com\/fundacja.ukraina\/\",\"https:\/\/www.linkedin.com\/company\/fundacja-ukraina\"]}]}<\/script>\n<!-- \/ Yoast SEO plugin. -->","yoast_head_json":{"title":"Projekt \"Safe Space\" - Fundacja Ukraina","robots":{"index":"index","follow":"follow","max-snippet":"max-snippet:-1","max-image-preview":"max-image-preview:large","max-video-preview":"max-video-preview:-1"},"canonical":"https:\/\/fundacjaukraina.eu\/en\/support-ukraine\/safe-space\/","og_locale":"en_US","og_type":"article","og_title":"Projekt \"Safe Space\" - Fundacja Ukraina","og_description":"W zwi\u0105zku z atakiem Rosji i rozpocz\u0119ciem wojny na pe\u0142n\u0105 skal\u0119, tysi\u0105ce ludzi w Ukrainie zosta\u0142o zmuszonych do opuszczenia swoich dom\u00f3w. Wielu z nich ju\u017c nigdy nie b\u0119dzie mog\u0142o wr\u00f3ci\u0107 do swoich dom\u00f3w, poniewa\u017c zosta\u0142y one cz\u0119\u015bciowo lub ca\u0142kowicie zniszczone lub uszkodzone w wyniku rosyjskiej agresji. Opr\u00f3cz tego, \u017ce osoby te musia\u0142y spakowa\u0107 ca\u0142e swoje...","og_url":"https:\/\/fundacjaukraina.eu\/en\/support-ukraine\/safe-space\/","og_site_name":"Fundacja Ukraina","article_publisher":"https:\/\/www.facebook.com\/fundacja.ukraina\/","article_modified_time":"2023-10-24T09:55:52+00:00","og_image":[{"url":"https:\/\/fundacjaukraina.eu\/wp-content\/uploads\/2023\/06\/safe-space-6-edited.jpg","type":"","width":"","height":""}],"twitter_card":"summary_large_image","twitter_misc":{"Est. reading time":"5 minutes"},"schema":{"@context":"https:\/\/schema.org","@graph":[{"@type":"WebPage","@id":"https:\/\/fundacjaukraina.eu\/en\/support-ukraine\/safe-space\/","url":"https:\/\/fundacjaukraina.eu\/en\/support-ukraine\/safe-space\/","name":"Projekt \"Safe Space\" - Fundacja Ukraina","isPartOf":{"@id":"https:\/\/fundacjaukraina.eu\/#website"},"primaryImageOfPage":{"@id":"https:\/\/fundacjaukraina.eu\/en\/support-ukraine\/safe-space\/#primaryimage"},"image":{"@id":"https:\/\/fundacjaukraina.eu\/en\/support-ukraine\/safe-space\/#primaryimage"},"thumbnailUrl":"https:\/\/fundacjaukraina.eu\/wp-content\/uploads\/2023\/06\/safe-space-6-edited.jpg","datePublished":"2023-05-30T12:44:19+00:00","dateModified":"2023-10-24T09:55:52+00:00","breadcrumb":{"@id":"https:\/\/fundacjaukraina.eu\/en\/support-ukraine\/safe-space\/#breadcrumb"},"inLanguage":"en-US","potentialAction":[{"@type":"ReadAction","target":["https:\/\/fundacjaukraina.eu\/en\/support-ukraine\/safe-space\/"]}]},{"@type":"ImageObject","inLanguage":"en-US","@id":"https:\/\/fundacjaukraina.eu\/en\/support-ukraine\/safe-space\/#primaryimage","url":"https:\/\/fundacjaukraina.eu\/wp-content\/uploads\/2023\/06\/safe-space-6-edited.jpg","contentUrl":"https:\/\/fundacjaukraina.eu\/wp-content\/uploads\/2023\/06\/safe-space-6-edited.jpg"},{"@type":"BreadcrumbList","@id":"https:\/\/fundacjaukraina.eu\/en\/support-ukraine\/safe-space\/#breadcrumb","itemListElement":[{"@type":"ListItem","position":1,"name":"Home","item":"https:\/\/fundacjaukraina.eu\/en\/"},{"@type":"ListItem","position":2,"name":"HELP FOR UKRAINE","item":"https:\/\/fundacjaukraina.eu\/en\/support-ukraine\/"},{"@type":"ListItem","position":3,"name":"Projekt &#8220;Safe Space&#8221;"}]},{"@type":"WebSite","@id":"https:\/\/fundacjaukraina.eu\/#website","url":"https:\/\/fundacjaukraina.eu\/","name":"Fundacja Ukraina","description":"Pracujemy z lud\u017ami i dla ludzi","publisher":{"@id":"https:\/\/fundacjaukraina.eu\/#organization"},"potentialAction":[{"@type":"SearchAction","target":{"@type":"EntryPoint","urlTemplate":"https:\/\/fundacjaukraina.eu\/?s={search_term_string}"},"query-input":{"@type":"PropertyValueSpecification","valueRequired":true,"valueName":"search_term_string"}}],"inLanguage":"en-US"},{"@type":"Organization","@id":"https:\/\/fundacjaukraina.eu\/#organization","name":"Fundacja Ukraina","url":"https:\/\/fundacjaukraina.eu\/","logo":{"@type":"ImageObject","inLanguage":"en-US","@id":"https:\/\/fundacjaukraina.eu\/#\/schema\/logo\/image\/","url":"https:\/\/fundacjaukraina.eu\/wp-content\/uploads\/2023\/09\/fu-main.png","contentUrl":"https:\/\/fundacjaukraina.eu\/wp-content\/uploads\/2023\/09\/fu-main.png","width":1200,"height":630,"caption":"Fundacja Ukraina"},"image":{"@id":"https:\/\/fundacjaukraina.eu\/#\/schema\/logo\/image\/"},"sameAs":["https:\/\/www.facebook.com\/fundacja.ukraina\/","https:\/\/www.linkedin.com\/company\/fundacja-ukraina"]}]}},"coauthors":[],"author_meta":{"author_link":"https:\/\/fundacjaukraina.eu\/en\/author\/fu-admin\/","display_name":"fu-admin"},"relative_dates":{"created":"Posted 3 years ago","modified":"Updated 2 years ago"},"absolute_dates":{"created":"Posted on 2023-05-30","modified":"Updated on 2023-10-24"},"absolute_dates_time":{"created":"Posted on 2023-05-30 14:44","modified":"Updated on 2023-10-24 11:55"},"featured_img_caption":"","featured_img":false,"series_order":"","_links":{"self":[{"href":"https:\/\/fundacjaukraina.eu\/en\/wp-json\/wp\/v2\/pages\/11592","targetHints":{"allow":["GET"]}}],"collection":[{"href":"https:\/\/fundacjaukraina.eu\/en\/wp-json\/wp\/v2\/pages"}],"about":[{"href":"https:\/\/fundacjaukraina.eu\/en\/wp-json\/wp\/v2\/types\/page"}],"author":[{"embeddable":true,"href":"https:\/\/fundacjaukraina.eu\/en\/wp-json\/wp\/v2\/users\/1"}],"replies":[{"embeddable":true,"href":"https:\/\/fundacjaukraina.eu\/en\/wp-json\/wp\/v2\/comments?post=11592"}],"version-history":[{"count":1,"href":"https:\/\/fundacjaukraina.eu\/en\/wp-json\/wp\/v2\/pages\/11592\/revisions"}],"predecessor-version":[{"id":11593,"href":"https:\/\/fundacjaukraina.eu\/en\/wp-json\/wp\/v2\/pages\/11592\/revisions\/11593"}],"up":[{"embeddable":true,"href":"https:\/\/fundacjaukraina.eu\/en\/wp-json\/wp\/v2\/pages\/11554"}],"wp:attachment":[{"href":"https:\/\/fundacjaukraina.eu\/en\/wp-json\/wp\/v2\/media?parent=11592"}],"curies":[{"name":"wp","href":"https:\/\/api.w.org\/{rel}","templated":true}]}}