{"id":11636,"date":"2023-06-20T10:29:09","date_gmt":"2023-06-20T08:29:09","guid":{"rendered":"https:\/\/fundacjaukraina.eu\/cooperation\/wolontariat\/"},"modified":"2023-10-24T13:10:55","modified_gmt":"2023-10-24T11:10:55","slug":"wolontariat","status":"publish","type":"page","link":"https:\/\/fundacjaukraina.eu\/en\/cooperation\/wolontariat\/","title":{"rendered":"Wolontariat"},"content":{"rendered":"\n<div class=\"wp-block-columns is-layout-flex wp-container-core-columns-is-layout-9d6595d7 wp-block-columns-is-layout-flex\">\n<div class=\"wp-block-column is-layout-flow wp-block-column-is-layout-flow\">\n<h3 class=\"wp-block-heading\"><strong>Czym jest wolontariat?<\/strong><\/h3>\n\n\n\n<p><strong>Wolontariat to dobrowolna, \u015bwiadoma i aktywna praca na rzecz konkretnej organizacji lub ca\u0142ego spo\u0142ecze\u0144stwa w celu w\u0142asnego samorozwoju.&nbsp; <\/strong><\/p>\n\n\n\n<p>Wolontariuszem mo\u017ce by\u0107 ka\u017cdy, kto ma ch\u0119\u0107 i energi\u0119 pomaga\u0107 ludziom, kt\u00f3rzy tego potrzebuj\u0105! Co prawda, wolontariusz nie dostaje wynagrodzenia materialnego, ale otrzymuje cenne do\u015bwiadczenie, kt\u00f3re p\u00f3\u017aniej mo\u017ce wykorzysta\u0107 w pracy zawodowej i \u017cyciu prywatnym, zyskuje nowe znajomo\u015bci oraz niezapomniane prze\u017cycia.<\/p>\n<\/div>\n\n\n\n<div class=\"wp-block-column is-layout-flow wp-block-column-is-layout-flow\">\n<h3 class=\"wp-block-heading\"><strong>Jakie s\u0105 korzy\u015bci wsp\u00f3\u0142pracy wolontariackiej z Fundacj\u0105 Ukraina?<\/strong><\/h3>\n\n\n\n<p>Wolontariat w Fundacji Ukraina daje wiele korzy\u015bci oraz otwiera nowe mo\u017cliwo\u015bci. Ka\u017cdy, kto do\u0142\u0105czy do naszej ekipy, opr\u00f3cz towarzyskiej atmosfery mo\u017ce si\u0119 pochwali\u0107:<\/p>\n\n\n\n<ul class=\"wp-block-list\">\n<li>umow\u0105 wolontariack\u0105 i referencjami do CV;<\/li>\n\n\n\n<li>darmowym udzia\u0142em w naszych wydarzeniach i projektach;&nbsp;<\/li>\n\n\n\n<li>ci\u0105g\u0142ym samorozwojem i mo\u017cliwo\u015bci\u0105 zrealizowania w\u0142asnych pomys\u0142\u00f3w;&nbsp;<\/li>\n\n\n\n<li>wsp\u00f3\u0142prac\u0105 z fajnymi lud\u017ami, ekspertami swojej dziedziny;<\/li>\n\n\n\n<li>zdobyciem nowych umiej\u0119tno\u015bci i kompetencji;<\/li>\n\n\n\n<li>szans\u0105 spr\u00f3bowania swoich si\u0142 w ka\u017cdym z dzia\u0142\u00f3w organizacji.<\/li>\n<\/ul>\n<\/div>\n<\/div>\n\n\n\n<div style=\"height:40px\" aria-hidden=\"true\" class=\"wp-block-spacer\"><\/div>\n\n\n\n<div class=\"wp-block-columns is-layout-flex wp-container-core-columns-is-layout-9d6595d7 wp-block-columns-is-layout-flex\">\n<div class=\"wp-block-column has-yellow-background-color has-background is-layout-flow wp-block-column-is-layout-flow\" style=\"padding-top:var(--wp--preset--spacing--60);padding-right:var(--wp--preset--spacing--60);padding-bottom:var(--wp--preset--spacing--60);padding-left:var(--wp--preset--spacing--60)\">\n<h2 class=\"wp-block-heading has-text-align-center\"><strong>Chcesz zosta\u0107 wolontariuszem?<\/strong><\/h2>\n\n\n\n<p class=\"has-text-align-center\"><strong>wy\u015blij zg\u0142oszenie na adres mailowy: <\/strong><\/p>\n\n\n\n<p class=\"has-text-align-center\"><a href=\"mailto:wolontariat@funadcjaukraina.eu\">wolontariat@funadcjaukraina.eu<\/a> <\/p>\n\n\n\n<p class=\"has-text-align-center\">lub wype\u0142nij formularz, skontaktuje si\u0119 z tob\u0105 nasz pracownik<\/p>\n\n\n\n<div style=\"height:10px\" aria-hidden=\"true\" class=\"wp-block-spacer\"><\/div>\n\n\n\n<div class=\"wp-block-buttons is-content-justification-center is-layout-flex wp-container-core-buttons-is-layout-16018d1d wp-block-buttons-is-layout-flex\">\n<div class=\"wp-block-button is-style-fill\"><a class=\"wp-block-button__link wp-element-button\" href=\"https:\/\/forms.gle\/vne2qGXg8TiYLrtK9\" target=\"_blank\" rel=\"noreferrer noopener\">FORMULARZ REJESTRACYJNY<\/a><\/div>\n<\/div>\n<\/div>\n\n\n\n<div class=\"wp-block-column has-light-grey-color has-dark-blue-background-color has-text-color has-background is-layout-flow wp-block-column-is-layout-flow\" style=\"padding-top:var(--wp--preset--spacing--60);padding-right:var(--wp--preset--spacing--60);padding-bottom:var(--wp--preset--spacing--60);padding-left:var(--wp--preset--spacing--60)\">\n<p class=\"has-text-align-center has-light-grey-color has-text-color has-large-font-size\"><strong>W tre\u015bci maila podaj po\u017c\u0105dan\u0105 opcj\u0119 wolontariatu:<\/strong><\/p>\n\n\n\n<ol class=\"has-white-color has-text-color wp-block-list\">\n<li>Jednokrotny wolontariat przy du\u017cym wydarzeniu<\/li>\n\n\n\n<li>Wolontariat przy Polish Speaking Club<\/li>\n\n\n\n<li>Wolontariat przy English Speaking Club<\/li>\n\n\n\n<li>Wolontariat w Centrum Wsparcia Uchod\u017ac\u00f3w<\/li>\n\n\n\n<li>Wolontariat w magazynie Fundacji Ukraina (pomoc w pakowaniu pomocy humanitarnej dla Ukrainy)<\/li>\n\n\n\n<li>Realizacja w\u0142asnej inicjatywy<\/li>\n<\/ol>\n<\/div>\n<\/div>\n\n\n\n<div style=\"height:40px\" aria-hidden=\"true\" class=\"wp-block-spacer\"><\/div>\n\n\n\n<figure class=\"wp-block-gallery has-nested-images columns-6 is-cropped wp-block-gallery-1 is-layout-flex wp-block-gallery-is-layout-flex\">\n<figure class=\"wp-block-image size-large\"><img loading=\"lazy\" decoding=\"async\" width=\"714\" height=\"960\" data-id=\"8575\" src=\"https:\/\/fundacjaukraina.eu\/wp-content\/uploads\/2023\/06\/wolontariat-1.jpeg\" alt=\"Wolontariat\" class=\"wp-image-8575\"\/><\/figure>\n\n\n\n<figure class=\"wp-block-image size-large\"><img loading=\"lazy\" decoding=\"async\" width=\"1280\" height=\"853\" data-id=\"8636\" src=\"https:\/\/fundacjaukraina.eu\/wp-content\/uploads\/2023\/06\/wolontariat-12.jpeg\" alt=\"Wolontariat\" class=\"wp-image-8636\"\/><\/figure>\n\n\n\n<figure class=\"wp-block-image size-large\"><img loading=\"lazy\" decoding=\"async\" width=\"1280\" height=\"576\" data-id=\"8579\" src=\"https:\/\/fundacjaukraina.eu\/wp-content\/uploads\/2023\/06\/wolontariat-2.jpeg\" alt=\"Wolontariat\" class=\"wp-image-8579\"\/><\/figure>\n\n\n\n<figure class=\"wp-block-image size-large\"><img loading=\"lazy\" decoding=\"async\" width=\"1280\" height=\"853\" data-id=\"8583\" src=\"https:\/\/fundacjaukraina.eu\/wp-content\/uploads\/2023\/06\/wolontariat-3.jpeg\" alt=\"Wolontariat\" class=\"wp-image-8583\"\/><\/figure>\n\n\n\n<figure class=\"wp-block-image size-large\"><img loading=\"lazy\" decoding=\"async\" width=\"960\" height=\"1280\" data-id=\"8614\" src=\"https:\/\/fundacjaukraina.eu\/wp-content\/uploads\/2023\/06\/wolontariat-7.jpeg\" alt=\"Wolontariat\" class=\"wp-image-8614\"\/><\/figure>\n\n\n\n<figure class=\"wp-block-image size-large\"><img loading=\"lazy\" decoding=\"async\" width=\"1280\" height=\"853\" data-id=\"8587\" src=\"https:\/\/fundacjaukraina.eu\/wp-content\/uploads\/2023\/06\/wolontariat-4.jpeg\" alt=\"Wolontariat\" class=\"wp-image-8587\"\/><\/figure>\n\n\n\n<figure class=\"wp-block-image size-large\"><img loading=\"lazy\" decoding=\"async\" width=\"960\" height=\"1280\" data-id=\"8618\" src=\"https:\/\/fundacjaukraina.eu\/wp-content\/uploads\/2023\/06\/wolontariat-9.jpeg\" alt=\"Wolontariat\" class=\"wp-image-8618\"\/><\/figure>\n\n\n\n<figure class=\"wp-block-image size-large\"><img loading=\"lazy\" decoding=\"async\" width=\"960\" height=\"1280\" data-id=\"8610\" src=\"https:\/\/fundacjaukraina.eu\/wp-content\/uploads\/2023\/06\/wolontariat-6.jpeg\" alt=\"Wolontariat\" class=\"wp-image-8610\"\/><\/figure>\n\n\n\n<figure class=\"wp-block-image size-large\"><img loading=\"lazy\" decoding=\"async\" width=\"1280\" height=\"853\" data-id=\"8591\" src=\"https:\/\/fundacjaukraina.eu\/wp-content\/uploads\/2023\/06\/wolontariat-5.jpeg\" alt=\"Wolontariat\" class=\"wp-image-8591\"\/><\/figure>\n\n\n\n<figure class=\"wp-block-image size-large\"><img loading=\"lazy\" decoding=\"async\" width=\"1280\" height=\"854\" data-id=\"8622\" src=\"https:\/\/fundacjaukraina.eu\/wp-content\/uploads\/2023\/06\/wolontariat-10.jpeg\" alt=\"Wolontariat\" class=\"wp-image-8622\"\/><\/figure>\n\n\n\n<figure class=\"wp-block-image size-large\"><img loading=\"lazy\" decoding=\"async\" width=\"1280\" height=\"853\" data-id=\"8626\" src=\"https:\/\/fundacjaukraina.eu\/wp-content\/uploads\/2023\/06\/wolontariat-11.jpeg\" alt=\"Wolontariat\" class=\"wp-image-8626\"\/><\/figure>\n\n\n\n<figure class=\"wp-block-image size-large\"><img loading=\"lazy\" decoding=\"async\" width=\"1280\" height=\"853\" data-id=\"8630\" src=\"https:\/\/fundacjaukraina.eu\/wp-content\/uploads\/2023\/06\/wolontariat-13.jpeg\" alt=\"Wolontariat\" class=\"wp-image-8630\"\/><\/figure>\n<\/figure>\n","protected":false},"excerpt":{"rendered":"<p>Czym jest wolontariat? Wolontariat to dobrowolna, \u015bwiadoma i aktywna praca na rzecz konkretnej organizacji lub ca\u0142ego spo\u0142ecze\u0144stwa w celu w\u0142asnego samorozwoju.&nbsp; Wolontariuszem mo\u017ce by\u0107 ka\u017cdy, kto ma ch\u0119\u0107 i energi\u0119 pomaga\u0107 ludziom, kt\u00f3rzy tego potrzebuj\u0105! Co prawda, wolontariusz nie dostaje wynagrodzenia materialnego, ale otrzymuje cenne do\u015bwiadczenie, kt\u00f3re p\u00f3\u017aniej mo\u017ce wykorzysta\u0107 w pracy zawodowej i \u017cyciu&#8230;<\/p>\n","protected":false},"author":1,"featured_media":0,"parent":11562,"menu_order":83,"comment_status":"closed","ping_status":"closed","template":"","meta":{"_eb_attr":"","inline_featured_image":false,"advgb_blocks_editor_width":"","advgb_blocks_columns_visual_guide":"","footnotes":""},"class_list":["post-11636","page","type-page","status-publish","hentry"],"yoast_head":"<!-- This site is optimized with the Yoast SEO plugin v27.5 - https:\/\/yoast.com\/product\/yoast-seo-wordpress\/ -->\n<title>Wolontariat - Fundacja Ukraina<\/title>\n<meta name=\"robots\" content=\"index, follow, max-snippet:-1, max-image-preview:large, max-video-preview:-1\" \/>\n<link rel=\"canonical\" href=\"https:\/\/fundacjaukraina.eu\/en\/cooperation\/wolontariat\/\" \/>\n<meta property=\"og:locale\" content=\"en_US\" \/>\n<meta property=\"og:type\" content=\"article\" \/>\n<meta property=\"og:title\" content=\"Wolontariat - Fundacja Ukraina\" \/>\n<meta property=\"og:description\" content=\"Czym jest wolontariat? Wolontariat to dobrowolna, \u015bwiadoma i aktywna praca na rzecz konkretnej organizacji lub ca\u0142ego spo\u0142ecze\u0144stwa w celu w\u0142asnego samorozwoju.&nbsp; Wolontariuszem mo\u017ce by\u0107 ka\u017cdy, kto ma ch\u0119\u0107 i energi\u0119 pomaga\u0107 ludziom, kt\u00f3rzy tego potrzebuj\u0105! Co prawda, wolontariusz nie dostaje wynagrodzenia materialnego, ale otrzymuje cenne do\u015bwiadczenie, kt\u00f3re p\u00f3\u017aniej mo\u017ce wykorzysta\u0107 w pracy zawodowej i \u017cyciu...\" \/>\n<meta property=\"og:url\" content=\"https:\/\/fundacjaukraina.eu\/en\/cooperation\/wolontariat\/\" \/>\n<meta property=\"og:site_name\" content=\"Fundacja Ukraina\" \/>\n<meta property=\"article:publisher\" content=\"https:\/\/www.facebook.com\/fundacja.ukraina\/\" \/>\n<meta property=\"article:modified_time\" content=\"2023-10-24T11:10:55+00:00\" \/>\n<meta property=\"og:image\" content=\"https:\/\/fundacjaukraina.eu\/wp-content\/uploads\/2023\/06\/wolontariat-1.jpeg\" \/>\n<meta name=\"twitter:card\" content=\"summary_large_image\" \/>\n<meta name=\"twitter:label1\" content=\"Est. reading time\" \/>\n\t<meta name=\"twitter:data1\" content=\"4 minutes\" \/>\n<script type=\"application\/ld+json\" class=\"yoast-schema-graph\">{\"@context\":\"https:\\\/\\\/schema.org\",\"@graph\":[{\"@type\":\"WebPage\",\"@id\":\"https:\\\/\\\/fundacjaukraina.eu\\\/en\\\/cooperation\\\/wolontariat\\\/\",\"url\":\"https:\\\/\\\/fundacjaukraina.eu\\\/en\\\/cooperation\\\/wolontariat\\\/\",\"name\":\"Wolontariat - Fundacja Ukraina\",\"isPartOf\":{\"@id\":\"https:\\\/\\\/fundacjaukraina.eu\\\/#website\"},\"primaryImageOfPage\":{\"@id\":\"https:\\\/\\\/fundacjaukraina.eu\\\/en\\\/cooperation\\\/wolontariat\\\/#primaryimage\"},\"image\":{\"@id\":\"https:\\\/\\\/fundacjaukraina.eu\\\/en\\\/cooperation\\\/wolontariat\\\/#primaryimage\"},\"thumbnailUrl\":\"https:\\\/\\\/fundacjaukraina.eu\\\/wp-content\\\/uploads\\\/2023\\\/06\\\/wolontariat-1.jpeg\",\"datePublished\":\"2023-06-20T08:29:09+00:00\",\"dateModified\":\"2023-10-24T11:10:55+00:00\",\"breadcrumb\":{\"@id\":\"https:\\\/\\\/fundacjaukraina.eu\\\/en\\\/cooperation\\\/wolontariat\\\/#breadcrumb\"},\"inLanguage\":\"en-US\",\"potentialAction\":[{\"@type\":\"ReadAction\",\"target\":[\"https:\\\/\\\/fundacjaukraina.eu\\\/en\\\/cooperation\\\/wolontariat\\\/\"]}]},{\"@type\":\"ImageObject\",\"inLanguage\":\"en-US\",\"@id\":\"https:\\\/\\\/fundacjaukraina.eu\\\/en\\\/cooperation\\\/wolontariat\\\/#primaryimage\",\"url\":\"https:\\\/\\\/fundacjaukraina.eu\\\/wp-content\\\/uploads\\\/2023\\\/06\\\/wolontariat-1.jpeg\",\"contentUrl\":\"https:\\\/\\\/fundacjaukraina.eu\\\/wp-content\\\/uploads\\\/2023\\\/06\\\/wolontariat-1.jpeg\"},{\"@type\":\"BreadcrumbList\",\"@id\":\"https:\\\/\\\/fundacjaukraina.eu\\\/en\\\/cooperation\\\/wolontariat\\\/#breadcrumb\",\"itemListElement\":[{\"@type\":\"ListItem\",\"position\":1,\"name\":\"Home\",\"item\":\"https:\\\/\\\/fundacjaukraina.eu\\\/en\\\/\"},{\"@type\":\"ListItem\",\"position\":2,\"name\":\"Cooperation\",\"item\":\"https:\\\/\\\/fundacjaukraina.eu\\\/en\\\/cooperation\\\/\"},{\"@type\":\"ListItem\",\"position\":3,\"name\":\"Wolontariat\"}]},{\"@type\":\"WebSite\",\"@id\":\"https:\\\/\\\/fundacjaukraina.eu\\\/#website\",\"url\":\"https:\\\/\\\/fundacjaukraina.eu\\\/\",\"name\":\"Fundacja Ukraina\",\"description\":\"Pracujemy z lud\u017ami i dla ludzi\",\"publisher\":{\"@id\":\"https:\\\/\\\/fundacjaukraina.eu\\\/#organization\"},\"potentialAction\":[{\"@type\":\"SearchAction\",\"target\":{\"@type\":\"EntryPoint\",\"urlTemplate\":\"https:\\\/\\\/fundacjaukraina.eu\\\/?s={search_term_string}\"},\"query-input\":{\"@type\":\"PropertyValueSpecification\",\"valueRequired\":true,\"valueName\":\"search_term_string\"}}],\"inLanguage\":\"en-US\"},{\"@type\":\"Organization\",\"@id\":\"https:\\\/\\\/fundacjaukraina.eu\\\/#organization\",\"name\":\"Fundacja Ukraina\",\"url\":\"https:\\\/\\\/fundacjaukraina.eu\\\/\",\"logo\":{\"@type\":\"ImageObject\",\"inLanguage\":\"en-US\",\"@id\":\"https:\\\/\\\/fundacjaukraina.eu\\\/#\\\/schema\\\/logo\\\/image\\\/\",\"url\":\"https:\\\/\\\/fundacjaukraina.eu\\\/wp-content\\\/uploads\\\/2023\\\/09\\\/fu-main.png\",\"contentUrl\":\"https:\\\/\\\/fundacjaukraina.eu\\\/wp-content\\\/uploads\\\/2023\\\/09\\\/fu-main.png\",\"width\":1200,\"height\":630,\"caption\":\"Fundacja Ukraina\"},\"image\":{\"@id\":\"https:\\\/\\\/fundacjaukraina.eu\\\/#\\\/schema\\\/logo\\\/image\\\/\"},\"sameAs\":[\"https:\\\/\\\/www.facebook.com\\\/fundacja.ukraina\\\/\",\"https:\\\/\\\/www.linkedin.com\\\/company\\\/fundacja-ukraina\"]}]}<\/script>\n<!-- \/ Yoast SEO plugin. -->","yoast_head_json":{"title":"Wolontariat - Fundacja Ukraina","robots":{"index":"index","follow":"follow","max-snippet":"max-snippet:-1","max-image-preview":"max-image-preview:large","max-video-preview":"max-video-preview:-1"},"canonical":"https:\/\/fundacjaukraina.eu\/en\/cooperation\/wolontariat\/","og_locale":"en_US","og_type":"article","og_title":"Wolontariat - Fundacja Ukraina","og_description":"Czym jest wolontariat? Wolontariat to dobrowolna, \u015bwiadoma i aktywna praca na rzecz konkretnej organizacji lub ca\u0142ego spo\u0142ecze\u0144stwa w celu w\u0142asnego samorozwoju.&nbsp; Wolontariuszem mo\u017ce by\u0107 ka\u017cdy, kto ma ch\u0119\u0107 i energi\u0119 pomaga\u0107 ludziom, kt\u00f3rzy tego potrzebuj\u0105! Co prawda, wolontariusz nie dostaje wynagrodzenia materialnego, ale otrzymuje cenne do\u015bwiadczenie, kt\u00f3re p\u00f3\u017aniej mo\u017ce wykorzysta\u0107 w pracy zawodowej i \u017cyciu...","og_url":"https:\/\/fundacjaukraina.eu\/en\/cooperation\/wolontariat\/","og_site_name":"Fundacja Ukraina","article_publisher":"https:\/\/www.facebook.com\/fundacja.ukraina\/","article_modified_time":"2023-10-24T11:10:55+00:00","og_image":[{"url":"https:\/\/fundacjaukraina.eu\/wp-content\/uploads\/2023\/06\/wolontariat-1.jpeg","type":"","width":"","height":""}],"twitter_card":"summary_large_image","twitter_misc":{"Est. reading time":"4 minutes"},"schema":{"@context":"https:\/\/schema.org","@graph":[{"@type":"WebPage","@id":"https:\/\/fundacjaukraina.eu\/en\/cooperation\/wolontariat\/","url":"https:\/\/fundacjaukraina.eu\/en\/cooperation\/wolontariat\/","name":"Wolontariat - Fundacja Ukraina","isPartOf":{"@id":"https:\/\/fundacjaukraina.eu\/#website"},"primaryImageOfPage":{"@id":"https:\/\/fundacjaukraina.eu\/en\/cooperation\/wolontariat\/#primaryimage"},"image":{"@id":"https:\/\/fundacjaukraina.eu\/en\/cooperation\/wolontariat\/#primaryimage"},"thumbnailUrl":"https:\/\/fundacjaukraina.eu\/wp-content\/uploads\/2023\/06\/wolontariat-1.jpeg","datePublished":"2023-06-20T08:29:09+00:00","dateModified":"2023-10-24T11:10:55+00:00","breadcrumb":{"@id":"https:\/\/fundacjaukraina.eu\/en\/cooperation\/wolontariat\/#breadcrumb"},"inLanguage":"en-US","potentialAction":[{"@type":"ReadAction","target":["https:\/\/fundacjaukraina.eu\/en\/cooperation\/wolontariat\/"]}]},{"@type":"ImageObject","inLanguage":"en-US","@id":"https:\/\/fundacjaukraina.eu\/en\/cooperation\/wolontariat\/#primaryimage","url":"https:\/\/fundacjaukraina.eu\/wp-content\/uploads\/2023\/06\/wolontariat-1.jpeg","contentUrl":"https:\/\/fundacjaukraina.eu\/wp-content\/uploads\/2023\/06\/wolontariat-1.jpeg"},{"@type":"BreadcrumbList","@id":"https:\/\/fundacjaukraina.eu\/en\/cooperation\/wolontariat\/#breadcrumb","itemListElement":[{"@type":"ListItem","position":1,"name":"Home","item":"https:\/\/fundacjaukraina.eu\/en\/"},{"@type":"ListItem","position":2,"name":"Cooperation","item":"https:\/\/fundacjaukraina.eu\/en\/cooperation\/"},{"@type":"ListItem","position":3,"name":"Wolontariat"}]},{"@type":"WebSite","@id":"https:\/\/fundacjaukraina.eu\/#website","url":"https:\/\/fundacjaukraina.eu\/","name":"Fundacja Ukraina","description":"Pracujemy z lud\u017ami i dla ludzi","publisher":{"@id":"https:\/\/fundacjaukraina.eu\/#organization"},"potentialAction":[{"@type":"SearchAction","target":{"@type":"EntryPoint","urlTemplate":"https:\/\/fundacjaukraina.eu\/?s={search_term_string}"},"query-input":{"@type":"PropertyValueSpecification","valueRequired":true,"valueName":"search_term_string"}}],"inLanguage":"en-US"},{"@type":"Organization","@id":"https:\/\/fundacjaukraina.eu\/#organization","name":"Fundacja Ukraina","url":"https:\/\/fundacjaukraina.eu\/","logo":{"@type":"ImageObject","inLanguage":"en-US","@id":"https:\/\/fundacjaukraina.eu\/#\/schema\/logo\/image\/","url":"https:\/\/fundacjaukraina.eu\/wp-content\/uploads\/2023\/09\/fu-main.png","contentUrl":"https:\/\/fundacjaukraina.eu\/wp-content\/uploads\/2023\/09\/fu-main.png","width":1200,"height":630,"caption":"Fundacja Ukraina"},"image":{"@id":"https:\/\/fundacjaukraina.eu\/#\/schema\/logo\/image\/"},"sameAs":["https:\/\/www.facebook.com\/fundacja.ukraina\/","https:\/\/www.linkedin.com\/company\/fundacja-ukraina"]}]}},"coauthors":[],"author_meta":{"author_link":"https:\/\/fundacjaukraina.eu\/en\/author\/fu-admin\/","display_name":"fu-admin"},"relative_dates":{"created":"Posted 3 years ago","modified":"Updated 3 years ago"},"absolute_dates":{"created":"Posted on 2023-06-20","modified":"Updated on 2023-10-24"},"absolute_dates_time":{"created":"Posted on 2023-06-20 10:29","modified":"Updated on 2023-10-24 13:10"},"featured_img_caption":"","featured_img":false,"series_order":"","_links":{"self":[{"href":"https:\/\/fundacjaukraina.eu\/en\/wp-json\/wp\/v2\/pages\/11636","targetHints":{"allow":["GET"]}}],"collection":[{"href":"https:\/\/fundacjaukraina.eu\/en\/wp-json\/wp\/v2\/pages"}],"about":[{"href":"https:\/\/fundacjaukraina.eu\/en\/wp-json\/wp\/v2\/types\/page"}],"author":[{"embeddable":true,"href":"https:\/\/fundacjaukraina.eu\/en\/wp-json\/wp\/v2\/users\/1"}],"replies":[{"embeddable":true,"href":"https:\/\/fundacjaukraina.eu\/en\/wp-json\/wp\/v2\/comments?post=11636"}],"version-history":[{"count":1,"href":"https:\/\/fundacjaukraina.eu\/en\/wp-json\/wp\/v2\/pages\/11636\/revisions"}],"predecessor-version":[{"id":11638,"href":"https:\/\/fundacjaukraina.eu\/en\/wp-json\/wp\/v2\/pages\/11636\/revisions\/11638"}],"up":[{"embeddable":true,"href":"https:\/\/fundacjaukraina.eu\/en\/wp-json\/wp\/v2\/pages\/11562"}],"wp:attachment":[{"href":"https:\/\/fundacjaukraina.eu\/en\/wp-json\/wp\/v2\/media?parent=11636"}],"curies":[{"name":"wp","href":"https:\/\/api.w.org\/{rel}","templated":true}]}}