{"id":11639,"date":"2023-06-20T11:33:06","date_gmt":"2023-06-20T09:33:06","guid":{"rendered":"https:\/\/fundacjaukraina.eu\/cooperation\/praktyki-zawodowe\/"},"modified":"2024-12-12T11:49:19","modified_gmt":"2024-12-12T10:49:19","slug":"praktyki-zawodowe","status":"publish","type":"page","link":"https:\/\/fundacjaukraina.eu\/en\/cooperation\/praktyki-zawodowe\/","title":{"rendered":"Praktyki zawodowe"},"content":{"rendered":"\n<div class=\"wp-block-columns is-layout-flex wp-container-core-columns-is-layout-9d6595d7 wp-block-columns-is-layout-flex\">\n<div class=\"wp-block-column is-layout-flow wp-block-column-is-layout-flow\">\n<h3 class=\"wp-block-heading\"><strong><strong>Czym jest praktyka zawodowa?<\/strong><\/strong><\/h3>\n\n\n\n<p><strong>Praktyka zawodowa to okres praktycznego pobierania nauki i zdobywania do\u015bwiadczenia w okre\u015blonym zawodzie. <\/strong><\/p>\n\n\n\n<p>Ma ona na celu pokaza\u0107 studentom i uczniom, jak wygl\u0105da praca w danym zawodzie w organizacji lub firmie, zapozna\u0107 ich z obowi\u0105zkami i umo\u017cliwi\u0107 zdobycie do\u015bwiadczenia w okre\u015blonej bran\u017cy. W Fundacji Ukraina mo\u017cna odby\u0107 nieodp\u0142atne praktyki w dzia\u0142ach administracji, zarz\u0105dzania projektami, promocji, oraz z zakresu prawa, edukacji oraz integracji.<\/p>\n<\/div>\n\n\n\n<div class=\"wp-block-column is-layout-flow wp-block-column-is-layout-flow\">\n<h3 class=\"wp-block-heading\"><strong><strong>Dlaczego warto wybra\u0107 Fundacj\u0119 Ukraina jako miejsce odbywania praktyki?<\/strong><\/strong><\/h3>\n\n\n\n<p>Praktyki w Fundacji Ukraina daj\u0105 wiele korzy\u015bci oraz otwieraj\u0105 nowe mo\u017cliwo\u015bci. Ka\u017cdy, kto do\u0142\u0105cza do naszej ekipy, opr\u00f3cz towarzyskiej atmosfery mo\u017ce si\u0119 pochwali\u0107:<\/p>\n\n\n\n<ul class=\"wp-block-list\">\n<li>do\u015bwiadczeniem pracy w organizacji pozarz\u0105dowej i udzia\u0142em w realizacji warto\u015bciowych inicjatyw spo\u0142ecznych;<\/li>\n\n\n\n<li>umow\u0105 o praktykach i referencjami do CV;<\/li>\n\n\n\n<li>darmowym udzia\u0142em we wszystkich naszych wydarzeniach i projektach;&nbsp;<\/li>\n\n\n\n<li>ci\u0105g\u0142ym samorozwojem i mo\u017cliwo\u015bci\u0105 zrealizowania w\u0142asnych pomys\u0142\u00f3w;&nbsp;<\/li>\n\n\n\n<li>wsp\u00f3\u0142prac\u0105 ze zgran\u0105 ekip\u0105, ekspertami swojej dziedziny;<\/li>\n\n\n\n<li>zdobyciem nowych umiej\u0119tno\u015bci i kompetencji.<\/li>\n<\/ul>\n<\/div>\n<\/div>\n\n\n\n<div style=\"height:40px\" aria-hidden=\"true\" class=\"wp-block-spacer\"><\/div>\n\n\n\n<div class=\"wp-block-columns is-layout-flex wp-container-core-columns-is-layout-9d6595d7 wp-block-columns-is-layout-flex\">\n<div class=\"wp-block-column has-yellow-background-color has-background is-layout-flow wp-block-column-is-layout-flow\" style=\"padding-top:var(--wp--preset--spacing--60);padding-right:var(--wp--preset--spacing--60);padding-bottom:var(--wp--preset--spacing--60);padding-left:var(--wp--preset--spacing--60)\">\n<h2 class=\"wp-block-heading has-text-align-center\"><strong>Chcesz <strong>zosta\u0107 naszym praktykantem<\/strong>?<\/strong><\/h2>\n\n\n\n<p class=\"has-text-align-center\"><strong>Wystarczy, \u017ce wy\u015blesz CV na adres mailowy<\/strong><\/p>\n\n\n\n<p class=\"has-text-align-center\"><a href=\"mailto:wolontariat@funadcjaukraina.eu\"><a href=\"mailto:rekrutacja@fundacjaukraina.eu\">rekrutacja@fundacjaukraina.eu<\/a><\/a><\/p>\n\n\n\n<p class=\"has-text-align-center\">a nasz pracownik skontaktuje si\u0119 z Tob\u0105!&nbsp;<\/p>\n\n\n\n<div style=\"height:10px\" aria-hidden=\"true\" class=\"wp-block-spacer\"><\/div>\n\n\n\n<div class=\"wp-block-buttons is-content-justification-center is-layout-flex wp-container-core-buttons-is-layout-16018d1d wp-block-buttons-is-layout-flex\">\n<div class=\"wp-block-button is-style-fill\"><a class=\"wp-block-button__link wp-element-button\" href=\"https:\/\/forms.gle\/vne2qGXg8TiYLrtK9\" target=\"_blank\" rel=\"noreferrer noopener\"><strong>Wy\u015blij CV<\/strong><\/a><\/div>\n<\/div>\n<\/div>\n\n\n\n<div class=\"wp-block-column has-light-grey-color has-dark-blue-background-color has-text-color has-background is-layout-flow wp-block-column-is-layout-flow\" style=\"padding-top:var(--wp--preset--spacing--60);padding-right:var(--wp--preset--spacing--60);padding-bottom:var(--wp--preset--spacing--60);padding-left:var(--wp--preset--spacing--60)\">\n<p class=\"has-text-align-center has-white-color has-text-color has-large-font-size\">Uwaga, w mailu prosimy zaznaczy\u0107 preferowany kierunek dzia\u0142alno\u015bci w ramach praktyk, uczelnie lub szko\u0142\u0119, rok studi\u00f3w, wymiar i okres praktyk, oraz co Ci\u0119 motywuje do odbycia praktyk w Fundacji Ukraina.&nbsp;<\/p>\n\n\n\n<p class=\"has-text-align-center has-white-color has-text-color\"><br>Zastrzegamy sobie prawo do kontaktu z wybranymi osobami!<\/p>\n<\/div>\n<\/div>\n\n\n\n<div style=\"height:40px\" aria-hidden=\"true\" class=\"wp-block-spacer\"><\/div>\n\n\n\n<div class=\"wp-block-essential-blocks-image-gallery  root-eb-image-gallery-n8b7d\"><div class=\"eb-parent-wrapper eb-parent-eb-image-gallery-n8b7d \"><div class=\"eb-gallery-img-wrapper eb-image-gallery-n8b7d grid overlay-bottom caption-style-0   no-isotope \" data-id=\"eb-image-gallery-n8b7d\"><a href=\"https:\/\/fundacjaukraina.eu\/wp-content\/uploads\/2023\/06\/praktyki-zawodowe-5.jpeg\" rel=\"noopener\" data-fslightbox=\"gallery\" data-type=\"image\" class=\"eb-gallery-img-content eb-filter-img-\"><span class=\"eb-gallery-link-wrapper\"><img decoding=\"async\" class=\"eb-gallery-img\" src=\"https:\/\/fundacjaukraina.eu\/wp-content\/uploads\/2023\/06\/praktyki-zawodowe-5.jpeg\" image-index=\"0\" alt=\"Pracownicy Fundacji Ukraina w pracy.\"\/><\/span><\/a><a href=\"https:\/\/fundacjaukraina.eu\/wp-content\/uploads\/2023\/06\/praktyki-zawodowe-6.jpeg\" rel=\"noopener\" data-fslightbox=\"gallery\" data-type=\"image\" class=\"eb-gallery-img-content eb-filter-img-\"><span class=\"eb-gallery-link-wrapper\"><img decoding=\"async\" class=\"eb-gallery-img\" src=\"https:\/\/fundacjaukraina.eu\/wp-content\/uploads\/2023\/06\/praktyki-zawodowe-6.jpeg\" image-index=\"1\" alt=\"Pracowniczka Fundacji Ukraina podczas pracy.\"\/><\/span><\/a><a href=\"https:\/\/fundacjaukraina.eu\/wp-content\/uploads\/2023\/06\/praktyki-zawodowe-7.jpeg\" rel=\"noopener\" data-fslightbox=\"gallery\" data-type=\"image\" class=\"eb-gallery-img-content eb-filter-img-\"><span class=\"eb-gallery-link-wrapper\"><img decoding=\"async\" class=\"eb-gallery-img\" src=\"https:\/\/fundacjaukraina.eu\/wp-content\/uploads\/2023\/06\/praktyki-zawodowe-7.jpeg\" image-index=\"2\" alt=\"Pracownik Fundacji Ukraina.\"\/><\/span><\/a><a href=\"https:\/\/fundacjaukraina.eu\/wp-content\/uploads\/2023\/06\/praktyki-zawodowe-8.jpeg\" rel=\"noopener\" data-fslightbox=\"gallery\" data-type=\"image\" class=\"eb-gallery-img-content eb-filter-img-\"><span class=\"eb-gallery-link-wrapper\"><img decoding=\"async\" class=\"eb-gallery-img\" src=\"https:\/\/fundacjaukraina.eu\/wp-content\/uploads\/2023\/06\/praktyki-zawodowe-8.jpeg\" image-index=\"3\" alt=\"Pracownicy Fundacji Ukraina.\"\/><\/span><\/a><a href=\"https:\/\/fundacjaukraina.eu\/wp-content\/uploads\/2023\/06\/praktyki-zawodowe-10.jpeg\" rel=\"noopener\" data-fslightbox=\"gallery\" data-type=\"image\" class=\"eb-gallery-img-content eb-filter-img-\"><span class=\"eb-gallery-link-wrapper\"><img decoding=\"async\" class=\"eb-gallery-img\" src=\"https:\/\/fundacjaukraina.eu\/wp-content\/uploads\/2023\/06\/praktyki-zawodowe-10.jpeg\" image-index=\"4\" alt=\"Pracownicy Fundacji Ukraina na spotkaniu dzia\u0142u.\"\/><\/span><\/a><a href=\"https:\/\/fundacjaukraina.eu\/wp-content\/uploads\/2023\/06\/praktyki-zawodowe-11.jpeg\" rel=\"noopener\" data-fslightbox=\"gallery\" data-type=\"image\" class=\"eb-gallery-img-content eb-filter-img-\"><span class=\"eb-gallery-link-wrapper\"><img decoding=\"async\" class=\"eb-gallery-img\" src=\"https:\/\/fundacjaukraina.eu\/wp-content\/uploads\/2023\/06\/praktyki-zawodowe-11.jpeg\" image-index=\"5\" alt=\"Dwie kobiety siedz\u0105 przy stole i pracuj\u0105 na laptopach.\"\/><\/span><\/a><a href=\"https:\/\/fundacjaukraina.eu\/wp-content\/uploads\/2023\/06\/praktyki-zawodowe-9.jpeg\" rel=\"noopener\" data-fslightbox=\"gallery\" data-type=\"image\" class=\"eb-gallery-img-content eb-filter-img-\"><span class=\"eb-gallery-link-wrapper\"><img decoding=\"async\" class=\"eb-gallery-img\" src=\"https:\/\/fundacjaukraina.eu\/wp-content\/uploads\/2023\/06\/praktyki-zawodowe-9.jpeg\" image-index=\"6\" alt=\"Pracownicy Fundacji Ukraina siedz\u0105 przy stole i pracuj\u0105.\"\/><\/span><\/a><a href=\"https:\/\/fundacjaukraina.eu\/wp-content\/uploads\/2023\/06\/praktyki-zawodowe-1.jpeg\" rel=\"noopener\" data-fslightbox=\"gallery\" data-type=\"image\" class=\"eb-gallery-img-content eb-filter-img-\"><span class=\"eb-gallery-link-wrapper\"><img decoding=\"async\" class=\"eb-gallery-img\" src=\"https:\/\/fundacjaukraina.eu\/wp-content\/uploads\/2023\/06\/praktyki-zawodowe-1.jpeg\" image-index=\"7\" alt=\"M\u0119\u017cczyzna pokazuje co\u015b kobiecie na telefonie\"\/><\/span><\/a><a href=\"https:\/\/fundacjaukraina.eu\/wp-content\/uploads\/2023\/06\/praktyki-zawodowe-2.jpeg\" rel=\"noopener\" data-fslightbox=\"gallery\" data-type=\"image\" class=\"eb-gallery-img-content eb-filter-img-\"><span class=\"eb-gallery-link-wrapper\"><img decoding=\"async\" class=\"eb-gallery-img\" src=\"https:\/\/fundacjaukraina.eu\/wp-content\/uploads\/2023\/06\/praktyki-zawodowe-2.jpeg\" image-index=\"8\" alt=\"Uczestnicy praktyki zawodowych siedz\u0105 przy stole i s\u0142uchaj\u0105 prowadz\u0105cej.\"\/><\/span><\/a><a href=\"https:\/\/fundacjaukraina.eu\/wp-content\/uploads\/2023\/06\/praktyki-zawodowe-12.jpeg\" rel=\"noopener\" data-fslightbox=\"gallery\" data-type=\"image\" class=\"eb-gallery-img-content eb-filter-img-\"><span class=\"eb-gallery-link-wrapper\"><img decoding=\"async\" class=\"eb-gallery-img\" src=\"https:\/\/fundacjaukraina.eu\/wp-content\/uploads\/2023\/06\/praktyki-zawodowe-12.jpeg\" image-index=\"9\" alt=\"Pracownicy Fundacji Ukraina siedz\u0105 na pufach.\"\/><\/span><\/a><a href=\"https:\/\/fundacjaukraina.eu\/wp-content\/uploads\/2023\/06\/praktyki-zawodowe-3.jpeg\" rel=\"noopener\" data-fslightbox=\"gallery\" data-type=\"image\" class=\"eb-gallery-img-content eb-filter-img-\"><span class=\"eb-gallery-link-wrapper\"><img decoding=\"async\" class=\"eb-gallery-img\" src=\"https:\/\/fundacjaukraina.eu\/wp-content\/uploads\/2023\/06\/praktyki-zawodowe-3.jpeg\" image-index=\"10\" alt=\"Dwie kobiety pracuj\u0105 na laptopach.\"\/><\/span><\/a><a href=\"https:\/\/fundacjaukraina.eu\/wp-content\/uploads\/2023\/06\/praktyki-zawodowe-4.jpeg\" rel=\"noopener\" data-fslightbox=\"gallery\" data-type=\"image\" class=\"eb-gallery-img-content eb-filter-img-\"><span class=\"eb-gallery-link-wrapper\"><img decoding=\"async\" class=\"eb-gallery-img\" src=\"https:\/\/fundacjaukraina.eu\/wp-content\/uploads\/2023\/06\/praktyki-zawodowe-4.jpeg\" image-index=\"11\" alt=\"Praktyki zawodowe w Cukrze..\"\/><\/span><\/a><\/div><\/div><\/div>\n","protected":false},"excerpt":{"rendered":"<p>Czym jest praktyka zawodowa? Praktyka zawodowa to okres praktycznego pobierania nauki i zdobywania do\u015bwiadczenia w okre\u015blonym zawodzie. Ma ona na celu pokaza\u0107 studentom i uczniom, jak wygl\u0105da praca w danym zawodzie w organizacji lub firmie, zapozna\u0107 ich z obowi\u0105zkami i umo\u017cliwi\u0107 zdobycie do\u015bwiadczenia w okre\u015blonej bran\u017cy. W Fundacji Ukraina mo\u017cna odby\u0107 nieodp\u0142atne praktyki w dzia\u0142ach&#8230;<\/p>\n","protected":false},"author":1,"featured_media":0,"parent":11562,"menu_order":86,"comment_status":"closed","ping_status":"closed","template":"page-default-dark-header.php","meta":{"_eb_attr":"","inline_featured_image":false,"advgb_blocks_editor_width":"","advgb_blocks_columns_visual_guide":"","footnotes":""},"class_list":["post-11639","page","type-page","status-publish","hentry"],"yoast_head":"<!-- This site is optimized with the Yoast SEO plugin v24.7 - https:\/\/yoast.com\/wordpress\/plugins\/seo\/ -->\n<title>Praktyki zawodowe - Fundacja Ukraina<\/title>\n<meta name=\"robots\" content=\"index, follow, max-snippet:-1, max-image-preview:large, max-video-preview:-1\" \/>\n<link rel=\"canonical\" href=\"https:\/\/fundacjaukraina.eu\/en\/cooperation\/praktyki-zawodowe\/\" \/>\n<meta property=\"og:locale\" content=\"en_US\" \/>\n<meta property=\"og:type\" content=\"article\" \/>\n<meta property=\"og:title\" content=\"Praktyki zawodowe - Fundacja Ukraina\" \/>\n<meta property=\"og:description\" content=\"Czym jest praktyka zawodowa? Praktyka zawodowa to okres praktycznego pobierania nauki i zdobywania do\u015bwiadczenia w okre\u015blonym zawodzie. Ma ona na celu pokaza\u0107 studentom i uczniom, jak wygl\u0105da praca w danym zawodzie w organizacji lub firmie, zapozna\u0107 ich z obowi\u0105zkami i umo\u017cliwi\u0107 zdobycie do\u015bwiadczenia w okre\u015blonej bran\u017cy. W Fundacji Ukraina mo\u017cna odby\u0107 nieodp\u0142atne praktyki w dzia\u0142ach...\" \/>\n<meta property=\"og:url\" content=\"https:\/\/fundacjaukraina.eu\/en\/cooperation\/praktyki-zawodowe\/\" \/>\n<meta property=\"og:site_name\" content=\"Fundacja Ukraina\" \/>\n<meta property=\"article:publisher\" content=\"https:\/\/www.facebook.com\/fundacja.ukraina\/\" \/>\n<meta property=\"article:modified_time\" content=\"2024-12-12T10:49:19+00:00\" \/>\n<meta property=\"og:image\" content=\"https:\/\/fundacjaukraina.eu\/wp-content\/uploads\/2023\/06\/praktyki-zawodowe-5.jpeg\" \/>\n<meta name=\"twitter:card\" content=\"summary_large_image\" \/>\n<meta name=\"twitter:label1\" content=\"Est. reading time\" \/>\n\t<meta name=\"twitter:data1\" content=\"4 minutes\" \/>\n<script type=\"application\/ld+json\" class=\"yoast-schema-graph\">{\"@context\":\"https:\/\/schema.org\",\"@graph\":[{\"@type\":\"WebPage\",\"@id\":\"https:\/\/fundacjaukraina.eu\/en\/cooperation\/praktyki-zawodowe\/\",\"url\":\"https:\/\/fundacjaukraina.eu\/en\/cooperation\/praktyki-zawodowe\/\",\"name\":\"Praktyki zawodowe - Fundacja Ukraina\",\"isPartOf\":{\"@id\":\"https:\/\/fundacjaukraina.eu\/#website\"},\"primaryImageOfPage\":{\"@id\":\"https:\/\/fundacjaukraina.eu\/en\/cooperation\/praktyki-zawodowe\/#primaryimage\"},\"image\":{\"@id\":\"https:\/\/fundacjaukraina.eu\/en\/cooperation\/praktyki-zawodowe\/#primaryimage\"},\"thumbnailUrl\":\"https:\/\/fundacjaukraina.eu\/wp-content\/uploads\/2023\/06\/praktyki-zawodowe-5.jpeg\",\"datePublished\":\"2023-06-20T09:33:06+00:00\",\"dateModified\":\"2024-12-12T10:49:19+00:00\",\"breadcrumb\":{\"@id\":\"https:\/\/fundacjaukraina.eu\/en\/cooperation\/praktyki-zawodowe\/#breadcrumb\"},\"inLanguage\":\"en-US\",\"potentialAction\":[{\"@type\":\"ReadAction\",\"target\":[\"https:\/\/fundacjaukraina.eu\/en\/cooperation\/praktyki-zawodowe\/\"]}]},{\"@type\":\"ImageObject\",\"inLanguage\":\"en-US\",\"@id\":\"https:\/\/fundacjaukraina.eu\/en\/cooperation\/praktyki-zawodowe\/#primaryimage\",\"url\":\"https:\/\/fundacjaukraina.eu\/wp-content\/uploads\/2023\/06\/praktyki-zawodowe-5.jpeg\",\"contentUrl\":\"https:\/\/fundacjaukraina.eu\/wp-content\/uploads\/2023\/06\/praktyki-zawodowe-5.jpeg\"},{\"@type\":\"BreadcrumbList\",\"@id\":\"https:\/\/fundacjaukraina.eu\/en\/cooperation\/praktyki-zawodowe\/#breadcrumb\",\"itemListElement\":[{\"@type\":\"ListItem\",\"position\":1,\"name\":\"Home\",\"item\":\"https:\/\/fundacjaukraina.eu\/en\/\"},{\"@type\":\"ListItem\",\"position\":2,\"name\":\"Cooperation\",\"item\":\"https:\/\/fundacjaukraina.eu\/en\/cooperation\/\"},{\"@type\":\"ListItem\",\"position\":3,\"name\":\"Praktyki zawodowe\"}]},{\"@type\":\"WebSite\",\"@id\":\"https:\/\/fundacjaukraina.eu\/#website\",\"url\":\"https:\/\/fundacjaukraina.eu\/\",\"name\":\"Fundacja Ukraina\",\"description\":\"Pracujemy z lud\u017ami i dla ludzi\",\"publisher\":{\"@id\":\"https:\/\/fundacjaukraina.eu\/#organization\"},\"potentialAction\":[{\"@type\":\"SearchAction\",\"target\":{\"@type\":\"EntryPoint\",\"urlTemplate\":\"https:\/\/fundacjaukraina.eu\/?s={search_term_string}\"},\"query-input\":{\"@type\":\"PropertyValueSpecification\",\"valueRequired\":true,\"valueName\":\"search_term_string\"}}],\"inLanguage\":\"en-US\"},{\"@type\":\"Organization\",\"@id\":\"https:\/\/fundacjaukraina.eu\/#organization\",\"name\":\"Fundacja Ukraina\",\"url\":\"https:\/\/fundacjaukraina.eu\/\",\"logo\":{\"@type\":\"ImageObject\",\"inLanguage\":\"en-US\",\"@id\":\"https:\/\/fundacjaukraina.eu\/#\/schema\/logo\/image\/\",\"url\":\"https:\/\/fundacjaukraina.eu\/wp-content\/uploads\/2023\/09\/fu-main.png\",\"contentUrl\":\"https:\/\/fundacjaukraina.eu\/wp-content\/uploads\/2023\/09\/fu-main.png\",\"width\":1200,\"height\":630,\"caption\":\"Fundacja Ukraina\"},\"image\":{\"@id\":\"https:\/\/fundacjaukraina.eu\/#\/schema\/logo\/image\/\"},\"sameAs\":[\"https:\/\/www.facebook.com\/fundacja.ukraina\/\",\"https:\/\/www.linkedin.com\/company\/fundacja-ukraina\"]}]}<\/script>\n<!-- \/ Yoast SEO plugin. -->","yoast_head_json":{"title":"Praktyki zawodowe - Fundacja Ukraina","robots":{"index":"index","follow":"follow","max-snippet":"max-snippet:-1","max-image-preview":"max-image-preview:large","max-video-preview":"max-video-preview:-1"},"canonical":"https:\/\/fundacjaukraina.eu\/en\/cooperation\/praktyki-zawodowe\/","og_locale":"en_US","og_type":"article","og_title":"Praktyki zawodowe - Fundacja Ukraina","og_description":"Czym jest praktyka zawodowa? Praktyka zawodowa to okres praktycznego pobierania nauki i zdobywania do\u015bwiadczenia w okre\u015blonym zawodzie. Ma ona na celu pokaza\u0107 studentom i uczniom, jak wygl\u0105da praca w danym zawodzie w organizacji lub firmie, zapozna\u0107 ich z obowi\u0105zkami i umo\u017cliwi\u0107 zdobycie do\u015bwiadczenia w okre\u015blonej bran\u017cy. W Fundacji Ukraina mo\u017cna odby\u0107 nieodp\u0142atne praktyki w dzia\u0142ach...","og_url":"https:\/\/fundacjaukraina.eu\/en\/cooperation\/praktyki-zawodowe\/","og_site_name":"Fundacja Ukraina","article_publisher":"https:\/\/www.facebook.com\/fundacja.ukraina\/","article_modified_time":"2024-12-12T10:49:19+00:00","og_image":[{"url":"https:\/\/fundacjaukraina.eu\/wp-content\/uploads\/2023\/06\/praktyki-zawodowe-5.jpeg","type":"","width":"","height":""}],"twitter_card":"summary_large_image","twitter_misc":{"Est. reading time":"4 minutes"},"schema":{"@context":"https:\/\/schema.org","@graph":[{"@type":"WebPage","@id":"https:\/\/fundacjaukraina.eu\/en\/cooperation\/praktyki-zawodowe\/","url":"https:\/\/fundacjaukraina.eu\/en\/cooperation\/praktyki-zawodowe\/","name":"Praktyki zawodowe - Fundacja Ukraina","isPartOf":{"@id":"https:\/\/fundacjaukraina.eu\/#website"},"primaryImageOfPage":{"@id":"https:\/\/fundacjaukraina.eu\/en\/cooperation\/praktyki-zawodowe\/#primaryimage"},"image":{"@id":"https:\/\/fundacjaukraina.eu\/en\/cooperation\/praktyki-zawodowe\/#primaryimage"},"thumbnailUrl":"https:\/\/fundacjaukraina.eu\/wp-content\/uploads\/2023\/06\/praktyki-zawodowe-5.jpeg","datePublished":"2023-06-20T09:33:06+00:00","dateModified":"2024-12-12T10:49:19+00:00","breadcrumb":{"@id":"https:\/\/fundacjaukraina.eu\/en\/cooperation\/praktyki-zawodowe\/#breadcrumb"},"inLanguage":"en-US","potentialAction":[{"@type":"ReadAction","target":["https:\/\/fundacjaukraina.eu\/en\/cooperation\/praktyki-zawodowe\/"]}]},{"@type":"ImageObject","inLanguage":"en-US","@id":"https:\/\/fundacjaukraina.eu\/en\/cooperation\/praktyki-zawodowe\/#primaryimage","url":"https:\/\/fundacjaukraina.eu\/wp-content\/uploads\/2023\/06\/praktyki-zawodowe-5.jpeg","contentUrl":"https:\/\/fundacjaukraina.eu\/wp-content\/uploads\/2023\/06\/praktyki-zawodowe-5.jpeg"},{"@type":"BreadcrumbList","@id":"https:\/\/fundacjaukraina.eu\/en\/cooperation\/praktyki-zawodowe\/#breadcrumb","itemListElement":[{"@type":"ListItem","position":1,"name":"Home","item":"https:\/\/fundacjaukraina.eu\/en\/"},{"@type":"ListItem","position":2,"name":"Cooperation","item":"https:\/\/fundacjaukraina.eu\/en\/cooperation\/"},{"@type":"ListItem","position":3,"name":"Praktyki zawodowe"}]},{"@type":"WebSite","@id":"https:\/\/fundacjaukraina.eu\/#website","url":"https:\/\/fundacjaukraina.eu\/","name":"Fundacja Ukraina","description":"Pracujemy z lud\u017ami i dla ludzi","publisher":{"@id":"https:\/\/fundacjaukraina.eu\/#organization"},"potentialAction":[{"@type":"SearchAction","target":{"@type":"EntryPoint","urlTemplate":"https:\/\/fundacjaukraina.eu\/?s={search_term_string}"},"query-input":{"@type":"PropertyValueSpecification","valueRequired":true,"valueName":"search_term_string"}}],"inLanguage":"en-US"},{"@type":"Organization","@id":"https:\/\/fundacjaukraina.eu\/#organization","name":"Fundacja Ukraina","url":"https:\/\/fundacjaukraina.eu\/","logo":{"@type":"ImageObject","inLanguage":"en-US","@id":"https:\/\/fundacjaukraina.eu\/#\/schema\/logo\/image\/","url":"https:\/\/fundacjaukraina.eu\/wp-content\/uploads\/2023\/09\/fu-main.png","contentUrl":"https:\/\/fundacjaukraina.eu\/wp-content\/uploads\/2023\/09\/fu-main.png","width":1200,"height":630,"caption":"Fundacja Ukraina"},"image":{"@id":"https:\/\/fundacjaukraina.eu\/#\/schema\/logo\/image\/"},"sameAs":["https:\/\/www.facebook.com\/fundacja.ukraina\/","https:\/\/www.linkedin.com\/company\/fundacja-ukraina"]}]}},"coauthors":[],"author_meta":{"author_link":"https:\/\/fundacjaukraina.eu\/en\/author\/fu-admin\/","display_name":"fu-admin"},"relative_dates":{"created":"Posted 3 years ago","modified":"Updated 1 year ago"},"absolute_dates":{"created":"Posted on 2023-06-20","modified":"Updated on 2024-12-12"},"absolute_dates_time":{"created":"Posted on 2023-06-20 11:33","modified":"Updated on 2024-12-12 11:49"},"featured_img_caption":"","featured_img":false,"series_order":"","_links":{"self":[{"href":"https:\/\/fundacjaukraina.eu\/en\/wp-json\/wp\/v2\/pages\/11639","targetHints":{"allow":["GET"]}}],"collection":[{"href":"https:\/\/fundacjaukraina.eu\/en\/wp-json\/wp\/v2\/pages"}],"about":[{"href":"https:\/\/fundacjaukraina.eu\/en\/wp-json\/wp\/v2\/types\/page"}],"author":[{"embeddable":true,"href":"https:\/\/fundacjaukraina.eu\/en\/wp-json\/wp\/v2\/users\/1"}],"replies":[{"embeddable":true,"href":"https:\/\/fundacjaukraina.eu\/en\/wp-json\/wp\/v2\/comments?post=11639"}],"version-history":[{"count":3,"href":"https:\/\/fundacjaukraina.eu\/en\/wp-json\/wp\/v2\/pages\/11639\/revisions"}],"predecessor-version":[{"id":16467,"href":"https:\/\/fundacjaukraina.eu\/en\/wp-json\/wp\/v2\/pages\/11639\/revisions\/16467"}],"up":[{"embeddable":true,"href":"https:\/\/fundacjaukraina.eu\/en\/wp-json\/wp\/v2\/pages\/11562"}],"wp:attachment":[{"href":"https:\/\/fundacjaukraina.eu\/en\/wp-json\/wp\/v2\/media?parent=11639"}],"curies":[{"name":"wp","href":"https:\/\/api.w.org\/{rel}","templated":true}]}}