{"id":12127,"date":"2023-05-30T14:23:58","date_gmt":"2023-05-30T12:23:58","guid":{"rendered":"https:\/\/fundacjaukraina.eu\/?page_id=12127"},"modified":"2024-12-20T17:35:20","modified_gmt":"2024-12-20T16:35:20","slug":"march-2022-saveukraine-report","status":"publish","type":"page","link":"https:\/\/fundacjaukraina.eu\/en\/support-ukraine\/saveukraine\/march-2022-saveukraine-report\/","title":{"rendered":"March 2022 #SAVEUKRAINE REPORT"},"content":{"rendered":"\n<div class=\"wp-block-group section-subpage-top has-blue-background-color has-background is-layout-flow wp-block-group-is-layout-flow\">\n<div class=\"wp-block-group container is-layout-flow wp-block-group-is-layout-flow\">\n<p class=\"has-white-color has-text-color has-x-large-font-size\">March 2022<\/p>\n\n\n\n<h1 class=\"wp-block-heading has-white-color has-text-color\">#SAVE<mark style=\"background-color:rgba(0, 0, 0, 0)\" class=\"has-inline-color has-yellow-color\">UKRAINE<\/mark> REPORT<\/h1>\n\n\n\n<div class=\"wp-block-group desktop-70 is-content-justification-left is-layout-constrained wp-container-core-group-is-layout-eded1d97 wp-block-group-is-layout-constrained\">\n<p class=\"has-white-color has-text-color has-x-large-font-size\">The SAVE UKRAINE campaign is a set of actions and mechanisms aimed at assisting Ukraine, its residents, and refugees forced to flee to Lower Silesia due to the war.<\/p>\n<\/div>\n<\/div>\n<\/div>\n\n\n\n<div class=\"wp-block-group section-display-content is-layout-flow wp-block-group-is-layout-flow\">\n<div class=\"wp-block-group container is-layout-flow wp-block-group-is-layout-flow\">\n<div class=\"wp-block-group is-layout-constrained wp-container-core-group-is-layout-b0c428d9 wp-block-group-is-layout-constrained\">\n<h2 class=\"wp-block-heading has-text-align-center\"><strong>Today, we want to share with you the achievements of our actions in March as part of the campaign.<\/strong><\/h2>\n<\/div>\n\n\n\n<div class=\"wp-block-essential-blocks-row alignfull  root-eb-row-2lonwxl\"><div class=\"eb-parent-wrapper eb-parent-eb-row-2lonwxl \"><div class=\"eb-row-root-container eb-row-2lonwxl\" data-id=\"eb-row-2lonwxl\"><div class=\"eb-row-wrapper\"><div class=\"eb-row-inner\">\n<div class=\"wp-block-essential-blocks-column vertical-center  root-eb-column-d7wla8v\"><div class=\"eb-parent-wrapper eb-parent-eb-column-d7wla8v \"><div class=\"eb-column-wrapper eb-column-d7wla8v\"><div class=\"eb-column-inner\">\n<p class=\"has-white-color has-text-color has-large-font-size\"><strong><strong>Volunteer Coordination<\/strong><\/strong><\/p>\n\n\n\n<p class=\"has-white-color has-text-color has-xxx-large-font-size\"><strong>3000<\/strong><\/p>\n<\/div><\/div><\/div><\/div>\n\n\n\n<div class=\"wp-block-essential-blocks-column  root-eb-column-jrxv76u\"><div class=\"eb-parent-wrapper eb-parent-eb-column-jrxv76u \"><div class=\"eb-column-wrapper eb-column-jrxv76u\"><div class=\"eb-column-inner\">\n<h4 class=\"wp-block-heading\"><strong><strong>Volunteer Coordination<\/strong><\/strong><\/h4>\n\n\n\n<p>Foundation Ukraine has coordinated the efforts of 3000 volunteers engaged in translation, resettlement assistance for refugees, psychological aid, counseling, childcare, and support in humanitarian warehousing. Their commitment and support are invaluable as we all work towards the common goal of Ukraine&#8217;s victory.<\/p>\n\n\n\n<p>Foundation Ukraine has been designated by the Lower Silesia Voivode to coordinate activities at the Wroclaw Main Railway Station &#8211; Wroc\u0142aw PKP. In collaboration with the Voivode of Lower Silesia, support for volunteers has been ensured at information-reception points at the Wroclaw Main Railway Station and in the dormitories for refugees.<\/p>\n<\/div><\/div><\/div><\/div>\n<\/div><\/div><\/div><\/div><\/div>\n\n\n\n<div class=\"wp-block-essential-blocks-row alignfull  root-eb-row-scm142t\"><div class=\"eb-parent-wrapper eb-parent-eb-row-scm142t \"><div class=\"eb-row-root-container eb-row-scm142t\" data-id=\"eb-row-scm142t\"><div class=\"eb-row-wrapper\"><div class=\"eb-row-inner\">\n<div class=\"wp-block-essential-blocks-column  root-eb-column-81qttra\"><div class=\"eb-parent-wrapper eb-parent-eb-column-81qttra \"><div class=\"eb-column-wrapper eb-column-81qttra\"><div class=\"eb-column-inner\">\n<h4 class=\"wp-block-heading\"><strong>Informational Support &#8211; over 2900 consultations<\/strong><\/h4>\n\n\n\n<p>Providing guidance for migrants regarding legalization and adaptation has always been one of Foundation Ukraine&#8217;s key areas of activity. Following the russian invasion of Ukraine, our Institute of Migrant Rights immediately adjusted its focus to accommodate its service for refugees and hugely increased visitor numbers. We are thankful to the volunteers who assisted in answering phones and conducting consultations for refugees! In March, the employees of the Institute of Migrant Rights\u2019 Information Point&nbsp; provided informational support to over 2900 individuals, uncluding:<\/p>\n\n\n\n<ul class=\"wp-block-list\">\n<li>252 consultations via email<\/li>\n\n\n\n<li>1608 phone consultations<\/li>\n\n\n\n<li>680 in-person consultations<\/li>\n\n\n\n<li>368 consultations via media platforms<\/li>\n<\/ul>\n<\/div><\/div><\/div><\/div>\n\n\n\n<div class=\"wp-block-essential-blocks-column vertical-center  root-eb-column-pugmw92\"><div class=\"eb-parent-wrapper eb-parent-eb-column-pugmw92 \"><div class=\"eb-column-wrapper eb-column-pugmw92\"><div class=\"eb-column-inner\">\n<p class=\"has-white-color has-text-color has-large-font-size\"><strong><strong>Informational Support<\/strong><\/strong><\/p>\n\n\n\n<p class=\"has-white-color has-text-color has-xxx-large-font-size\"><strong>over 2900<\/strong><\/p>\n<\/div><\/div><\/div><\/div>\n<\/div><\/div><\/div><\/div><\/div>\n\n\n\n<div class=\"wp-block-essential-blocks-row alignfull  root-eb-row-9y7bfvg\"><div class=\"eb-parent-wrapper eb-parent-eb-row-9y7bfvg \"><div class=\"eb-row-root-container eb-row-9y7bfvg\" data-id=\"eb-row-9y7bfvg\"><div class=\"eb-row-wrapper\"><div class=\"eb-row-inner\">\n<div class=\"wp-block-essential-blocks-column vertical-center  root-eb-column-k33sn85\"><div class=\"eb-parent-wrapper eb-parent-eb-column-k33sn85 \"><div class=\"eb-column-wrapper eb-column-k33sn85\"><div class=\"eb-column-inner\">\n<p class=\"has-white-color has-text-color has-large-font-size\"><strong><strong>Raised Funds<\/strong><\/strong><\/p>\n\n\n\n<p class=\"has-white-color has-text-color has-xxx-large-font-size\"><strong>over 3,329,000 PLN<\/strong><\/p>\n<\/div><\/div><\/div><\/div>\n\n\n\n<div class=\"wp-block-essential-blocks-column  root-eb-column-wbfdrxy\"><div class=\"eb-parent-wrapper eb-parent-eb-column-wbfdrxy \"><div class=\"eb-column-wrapper eb-column-wbfdrxy\"><div class=\"eb-column-inner\">\n<h4 class=\"wp-block-heading\"><strong><strong>Fundraising for medical and tactical humanitarian aid for Ukraine<\/strong><\/strong><\/h4>\n\n\n\n<p>Over the course of the month, thanks to you, our partners, and donors, we managed to collect <strong>over 3,329,000 PLN<\/strong>, which we spent for purchasing medicines, medical kits, military equipment, thermal imagers, drones, and other essential tactical items for the Ukrainian military and hospitals.<\/p>\n\n\n\n<p>You can check a detailed list of purchases using the link:&nbsp;<a href=\"https:\/\/tiny.pl\/9knf4\" target=\"_blank\" rel=\"noreferrer noopener\">https:\/\/tiny.pl\/9knf4<\/a>.<\/p>\n\n\n\n<p><br>The system for reporting needs can be found in the publication under the link:<\/p>\n\n\n\n<p><a rel=\"noreferrer noopener\" href=\"https:\/\/www.facebook.com\/CUKR.Wroclaw\/posts\/1234779780384735\" target=\"_blank\">https:\/\/www.facebook.com\/CUKR.Wroclaw\/posts\/1234779780384735<\/a>.<\/p>\n<\/div><\/div><\/div><\/div>\n<\/div><\/div><\/div><\/div><\/div>\n\n\n\n<div class=\"wp-block-essential-blocks-row alignfull  root-eb-row-62qbflc\"><div class=\"eb-parent-wrapper eb-parent-eb-row-62qbflc \"><div class=\"eb-row-root-container eb-row-62qbflc\" data-id=\"eb-row-62qbflc\"><div class=\"eb-row-wrapper\"><div class=\"eb-row-inner\">\n<div class=\"wp-block-essential-blocks-column  root-eb-column-dzrtx0s\"><div class=\"eb-parent-wrapper eb-parent-eb-column-dzrtx0s \"><div class=\"eb-column-wrapper eb-column-dzrtx0s\"><div class=\"eb-column-inner\">\n<h4 class=\"wp-block-heading\"><strong><strong>Partnership Events<\/strong><\/strong><\/h4>\n\n\n\n<p>Since February 24, 2022, under the patronage of Foundation Ukraine, more than 20 charity events have taken place, raising and contributing 62,748.82 PLN to the SAVE UKRAINE initiative. We extend our gratitude to the National Forum of Music, Capitol Musical Theatre, The Culture Zone Wroc\u0142aw, Impart Theatre, Grotowski Institute, Jewish Community of Wroclaw, Word and Voice, WKS \u015al\u0105sk Wroc\u0142aw, Alliance Fran\u00e7aise Wroc\u0142aw, \u201cUnder the Columns\u201d Club, Creative Arts Centre \u201cOPT\u201d, The Polish Theatre of Wroc\u0142aw, The House of Literature Wroc\u0142aw, and other organizations that collected funds for us &#8211; you are incredible!<\/p>\n<\/div><\/div><\/div><\/div>\n\n\n\n<div class=\"wp-block-essential-blocks-column vertical-center  root-eb-column-r6u739i\"><div class=\"eb-parent-wrapper eb-parent-eb-column-r6u739i \"><div class=\"eb-column-wrapper eb-column-r6u739i\"><div class=\"eb-column-inner\">\n<figure class=\"wp-block-image size-full mb-0\"><img loading=\"lazy\" decoding=\"async\" width=\"768\" height=\"722\" src=\"https:\/\/fundacjaukraina.eu\/wp-content\/uploads\/2023\/05\/wydazenia-768x722-1.png\" alt=\"Wydarzenia partnerskie\" class=\"wp-image-7074\"\/><\/figure>\n<\/div><\/div><\/div><\/div>\n<\/div><\/div><\/div><\/div><\/div>\n\n\n\n<div class=\"wp-block-essential-blocks-row alignfull  root-eb-row-eo1e4sd\"><div class=\"eb-parent-wrapper eb-parent-eb-row-eo1e4sd \"><div class=\"eb-row-root-container eb-row-eo1e4sd\" data-id=\"eb-row-eo1e4sd\"><div class=\"eb-row-wrapper\"><div class=\"eb-row-inner\">\n<div class=\"wp-block-essential-blocks-column vertical-center  root-eb-column-kvm0grb\"><div class=\"eb-parent-wrapper eb-parent-eb-column-kvm0grb \"><div class=\"eb-column-wrapper eb-column-kvm0grb\"><div class=\"eb-column-inner\">\n<p class=\"has-white-color has-text-color has-large-font-size\"><strong><strong>Humanitarian Aid<\/strong><\/strong><\/p>\n\n\n\n<p class=\"has-white-color has-text-color has-xxx-large-font-size\">over <strong>800 <strong>pallets<\/strong><\/strong><\/p>\n\n\n\n<p class=\"has-white-color has-text-color has-xx-large-font-size\"><strong>33 <strong>vehicles<\/strong><\/strong><\/p>\n<\/div><\/div><\/div><\/div>\n\n\n\n<div class=\"wp-block-essential-blocks-column  root-eb-column-lakpi0e\"><div class=\"eb-parent-wrapper eb-parent-eb-column-lakpi0e \"><div class=\"eb-column-wrapper eb-column-lakpi0e\"><div class=\"eb-column-inner\">\n<h4 class=\"wp-block-heading\"><strong><strong>Collection and dispatch of humanitarian aid<\/strong><\/strong><\/h4>\n\n\n\n<p>From early February to the end of March, we gathered and sent over 800 pallets of humanitarian aid consisting of food, hygiene products, clothing, medicines, and tactical equipment.<\/p>\n\n\n\n<p>33 vehicles carrying humanitarian aid were dispatched to Lviv, Uzhhorod, Kharkiv, Kyiv, Rivne, Sumy, Kovel, Khmelnytskyi, Berdychiv, Zhytomyr, Mykolaiv, Vinnytsia, Teplodar, Chernihiv, Boyarka, Hoshcha, Dnipro, Zazymya, Kulykivka, and Browary.<\/p>\n\n\n\n<p>As part of the initiative, we also provided humanitarian aid for the reception point at Wroc\u0142aw Main Railway Station &#8211; PKP Wroc\u0142aw G\u0142\u00f3wny. Items such as body balms, shaving kits, shampoos, toothbrushes, soaps, personal hygiene products, wet wipes, and pet bowls were purchased for a total of 19,064.42 PLN.<\/p>\n\n\n\n<p>Additionally, thanks to a 100,000 euro grant for refugees in Lower Silesia from the Federal State of Saxony, our team has begun procuring essential items to equip refugee housing facilities in \u015awidnica, O\u0142awa, Wa\u0142brzych, and Jelcz-Laskowice.<\/p>\n<\/div><\/div><\/div><\/div>\n<\/div><\/div><\/div><\/div><\/div>\n\n\n\n<div class=\"wp-block-essential-blocks-image-gallery  root-eb-image-gallery-e7skc\"><div class=\"eb-parent-wrapper eb-parent-eb-image-gallery-e7skc \"><div class=\"eb-gallery-img-wrapper eb-image-gallery-e7skc grid overlay-bottom caption-style-0   no-isotope \" data-id=\"eb-image-gallery-e7skc\"><a href=\"https:\/\/fundacjaukraina.eu\/wp-content\/uploads\/2023\/05\/s3.jpg\" rel=\"noopener\" data-fslightbox=\"gallery\" data-type=\"image\" class=\"eb-gallery-img-content eb-filter-img-\"><span class=\"eb-gallery-link-wrapper\"><img decoding=\"async\" class=\"eb-gallery-img\" src=\"https:\/\/fundacjaukraina.eu\/wp-content\/uploads\/2023\/05\/s3.jpg\" image-index=\"0\" alt=\"\"\/><\/span><\/a><a href=\"https:\/\/fundacjaukraina.eu\/wp-content\/uploads\/2023\/05\/s2.jpeg\" rel=\"noopener\" data-fslightbox=\"gallery\" data-type=\"image\" class=\"eb-gallery-img-content eb-filter-img-\"><span class=\"eb-gallery-link-wrapper\"><img decoding=\"async\" class=\"eb-gallery-img\" src=\"https:\/\/fundacjaukraina.eu\/wp-content\/uploads\/2023\/05\/s2.jpeg\" image-index=\"1\" alt=\"\"\/><\/span><\/a><a href=\"https:\/\/fundacjaukraina.eu\/wp-content\/uploads\/2023\/05\/s2-1.jpeg\" rel=\"noopener\" data-fslightbox=\"gallery\" data-type=\"image\" class=\"eb-gallery-img-content eb-filter-img-\"><span class=\"eb-gallery-link-wrapper\"><img decoding=\"async\" class=\"eb-gallery-img\" src=\"https:\/\/fundacjaukraina.eu\/wp-content\/uploads\/2023\/05\/s2-1.jpeg\" image-index=\"2\" alt=\"\"\/><\/span><\/a><a href=\"https:\/\/fundacjaukraina.eu\/wp-content\/uploads\/2023\/05\/s4.jpeg\" rel=\"noopener\" data-fslightbox=\"gallery\" data-type=\"image\" class=\"eb-gallery-img-content eb-filter-img-\"><span class=\"eb-gallery-link-wrapper\"><img decoding=\"async\" class=\"eb-gallery-img\" src=\"https:\/\/fundacjaukraina.eu\/wp-content\/uploads\/2023\/05\/s4.jpeg\" image-index=\"3\" alt=\"\"\/><\/span><\/a><\/div><\/div><\/div>\n\n\n\n<div style=\"height:50px\" aria-hidden=\"true\" class=\"wp-block-spacer\"><\/div>\n\n\n\n<p class=\"has-text-align-center\">Together, we&#8217;ve achieved many positive outcomes, but we cannot slow down &#8211; the war in Ukraine requires long-term strategic support from each of us! Spread the word, maintain enthusiasm in volunteer activities, regularly contribute donations &#8211; it&#8217;s better to help with a smaller amount each month than exhaust our ability by contributing a large sum at the onset of the war.<\/p>\n\n\n\n<h4 class=\"wp-block-heading has-text-align-center\"><strong>Together we are stronger &#8211; Ukraine will win!<\/strong><\/h4>\n<\/div>\n<\/div>\n","protected":false},"excerpt":{"rendered":"<p>March 2022 #SAVEUKRAINE REPORT The SAVE UKRAINE campaign is a set of actions and mechanisms aimed at assisting Ukraine, its residents, and refugees forced to flee to Lower Silesia due to the war. Today, we want to share with you the achievements of our actions in March as part of the campaign. Together, we&#8217;ve achieved&#8230;<\/p>\n","protected":false},"author":4,"featured_media":0,"parent":11585,"menu_order":144,"comment_status":"closed","ping_status":"closed","template":"page-fullwidth-blue.php","meta":{"_eb_attr":"","inline_featured_image":false,"advgb_blocks_editor_width":"","advgb_blocks_columns_visual_guide":"","footnotes":""},"class_list":["post-12127","page","type-page","status-publish","hentry"],"yoast_head":"<!-- This site is optimized with the Yoast SEO plugin v24.7 - https:\/\/yoast.com\/wordpress\/plugins\/seo\/ -->\n<title>March 2022 #SAVEUKRAINE REPORT - Fundacja Ukraina<\/title>\n<meta name=\"robots\" content=\"index, follow, max-snippet:-1, max-image-preview:large, max-video-preview:-1\" \/>\n<link rel=\"canonical\" href=\"https:\/\/fundacjaukraina.eu\/en\/support-ukraine\/saveukraine\/march-2022-saveukraine-report\/\" \/>\n<meta property=\"og:locale\" content=\"en_US\" \/>\n<meta property=\"og:type\" content=\"article\" \/>\n<meta property=\"og:title\" content=\"March 2022 #SAVEUKRAINE REPORT - Fundacja Ukraina\" \/>\n<meta property=\"og:description\" content=\"March 2022 #SAVEUKRAINE REPORT The SAVE UKRAINE campaign is a set of actions and mechanisms aimed at assisting Ukraine, its residents, and refugees forced to flee to Lower Silesia due to the war. Today, we want to share with you the achievements of our actions in March as part of the campaign. Together, we&#8217;ve achieved...\" \/>\n<meta property=\"og:url\" content=\"https:\/\/fundacjaukraina.eu\/en\/support-ukraine\/saveukraine\/march-2022-saveukraine-report\/\" \/>\n<meta property=\"og:site_name\" content=\"Fundacja Ukraina\" \/>\n<meta property=\"article:publisher\" content=\"https:\/\/www.facebook.com\/fundacja.ukraina\/\" \/>\n<meta property=\"article:modified_time\" content=\"2024-12-20T16:35:20+00:00\" \/>\n<meta property=\"og:image\" content=\"https:\/\/fundacjaukraina.eu\/wp-content\/uploads\/2023\/05\/wydazenia-768x722-1.png\" \/>\n<meta name=\"twitter:card\" content=\"summary_large_image\" \/>\n<meta name=\"twitter:label1\" content=\"Est. reading time\" \/>\n\t<meta name=\"twitter:data1\" content=\"5 minutes\" \/>\n<script type=\"application\/ld+json\" class=\"yoast-schema-graph\">{\"@context\":\"https:\/\/schema.org\",\"@graph\":[{\"@type\":\"WebPage\",\"@id\":\"https:\/\/fundacjaukraina.eu\/en\/support-ukraine\/saveukraine\/march-2022-saveukraine-report\/\",\"url\":\"https:\/\/fundacjaukraina.eu\/en\/support-ukraine\/saveukraine\/march-2022-saveukraine-report\/\",\"name\":\"March 2022 #SAVEUKRAINE REPORT - Fundacja Ukraina\",\"isPartOf\":{\"@id\":\"https:\/\/fundacjaukraina.eu\/#website\"},\"primaryImageOfPage\":{\"@id\":\"https:\/\/fundacjaukraina.eu\/en\/support-ukraine\/saveukraine\/march-2022-saveukraine-report\/#primaryimage\"},\"image\":{\"@id\":\"https:\/\/fundacjaukraina.eu\/en\/support-ukraine\/saveukraine\/march-2022-saveukraine-report\/#primaryimage\"},\"thumbnailUrl\":\"https:\/\/fundacjaukraina.eu\/wp-content\/uploads\/2023\/05\/wydazenia-768x722-1.png\",\"datePublished\":\"2023-05-30T12:23:58+00:00\",\"dateModified\":\"2024-12-20T16:35:20+00:00\",\"breadcrumb\":{\"@id\":\"https:\/\/fundacjaukraina.eu\/en\/support-ukraine\/saveukraine\/march-2022-saveukraine-report\/#breadcrumb\"},\"inLanguage\":\"en-US\",\"potentialAction\":[{\"@type\":\"ReadAction\",\"target\":[\"https:\/\/fundacjaukraina.eu\/en\/support-ukraine\/saveukraine\/march-2022-saveukraine-report\/\"]}]},{\"@type\":\"ImageObject\",\"inLanguage\":\"en-US\",\"@id\":\"https:\/\/fundacjaukraina.eu\/en\/support-ukraine\/saveukraine\/march-2022-saveukraine-report\/#primaryimage\",\"url\":\"https:\/\/fundacjaukraina.eu\/wp-content\/uploads\/2023\/05\/wydazenia-768x722-1.png\",\"contentUrl\":\"https:\/\/fundacjaukraina.eu\/wp-content\/uploads\/2023\/05\/wydazenia-768x722-1.png\"},{\"@type\":\"BreadcrumbList\",\"@id\":\"https:\/\/fundacjaukraina.eu\/en\/support-ukraine\/saveukraine\/march-2022-saveukraine-report\/#breadcrumb\",\"itemListElement\":[{\"@type\":\"ListItem\",\"position\":1,\"name\":\"Home\",\"item\":\"https:\/\/fundacjaukraina.eu\/en\/\"},{\"@type\":\"ListItem\",\"position\":2,\"name\":\"HELP FOR UKRAINE\",\"item\":\"https:\/\/fundacjaukraina.eu\/en\/support-ukraine\/\"},{\"@type\":\"ListItem\",\"position\":3,\"name\":\"#SaveUkraine Fundraising\",\"item\":\"https:\/\/fundacjaukraina.eu\/en\/support-ukraine\/saveukraine\/\"},{\"@type\":\"ListItem\",\"position\":4,\"name\":\"March 2022 #SAVEUKRAINE REPORT\"}]},{\"@type\":\"WebSite\",\"@id\":\"https:\/\/fundacjaukraina.eu\/#website\",\"url\":\"https:\/\/fundacjaukraina.eu\/\",\"name\":\"Fundacja Ukraina\",\"description\":\"Pracujemy z lud\u017ami i dla ludzi\",\"publisher\":{\"@id\":\"https:\/\/fundacjaukraina.eu\/#organization\"},\"potentialAction\":[{\"@type\":\"SearchAction\",\"target\":{\"@type\":\"EntryPoint\",\"urlTemplate\":\"https:\/\/fundacjaukraina.eu\/?s={search_term_string}\"},\"query-input\":{\"@type\":\"PropertyValueSpecification\",\"valueRequired\":true,\"valueName\":\"search_term_string\"}}],\"inLanguage\":\"en-US\"},{\"@type\":\"Organization\",\"@id\":\"https:\/\/fundacjaukraina.eu\/#organization\",\"name\":\"Fundacja Ukraina\",\"url\":\"https:\/\/fundacjaukraina.eu\/\",\"logo\":{\"@type\":\"ImageObject\",\"inLanguage\":\"en-US\",\"@id\":\"https:\/\/fundacjaukraina.eu\/#\/schema\/logo\/image\/\",\"url\":\"https:\/\/fundacjaukraina.eu\/wp-content\/uploads\/2023\/09\/fu-main.png\",\"contentUrl\":\"https:\/\/fundacjaukraina.eu\/wp-content\/uploads\/2023\/09\/fu-main.png\",\"width\":1200,\"height\":630,\"caption\":\"Fundacja Ukraina\"},\"image\":{\"@id\":\"https:\/\/fundacjaukraina.eu\/#\/schema\/logo\/image\/\"},\"sameAs\":[\"https:\/\/www.facebook.com\/fundacja.ukraina\/\",\"https:\/\/www.linkedin.com\/company\/fundacja-ukraina\"]}]}<\/script>\n<!-- \/ Yoast SEO plugin. -->","yoast_head_json":{"title":"March 2022 #SAVEUKRAINE REPORT - Fundacja Ukraina","robots":{"index":"index","follow":"follow","max-snippet":"max-snippet:-1","max-image-preview":"max-image-preview:large","max-video-preview":"max-video-preview:-1"},"canonical":"https:\/\/fundacjaukraina.eu\/en\/support-ukraine\/saveukraine\/march-2022-saveukraine-report\/","og_locale":"en_US","og_type":"article","og_title":"March 2022 #SAVEUKRAINE REPORT - Fundacja Ukraina","og_description":"March 2022 #SAVEUKRAINE REPORT The SAVE UKRAINE campaign is a set of actions and mechanisms aimed at assisting Ukraine, its residents, and refugees forced to flee to Lower Silesia due to the war. Today, we want to share with you the achievements of our actions in March as part of the campaign. Together, we&#8217;ve achieved...","og_url":"https:\/\/fundacjaukraina.eu\/en\/support-ukraine\/saveukraine\/march-2022-saveukraine-report\/","og_site_name":"Fundacja Ukraina","article_publisher":"https:\/\/www.facebook.com\/fundacja.ukraina\/","article_modified_time":"2024-12-20T16:35:20+00:00","og_image":[{"url":"https:\/\/fundacjaukraina.eu\/wp-content\/uploads\/2023\/05\/wydazenia-768x722-1.png","type":"","width":"","height":""}],"twitter_card":"summary_large_image","twitter_misc":{"Est. reading time":"5 minutes"},"schema":{"@context":"https:\/\/schema.org","@graph":[{"@type":"WebPage","@id":"https:\/\/fundacjaukraina.eu\/en\/support-ukraine\/saveukraine\/march-2022-saveukraine-report\/","url":"https:\/\/fundacjaukraina.eu\/en\/support-ukraine\/saveukraine\/march-2022-saveukraine-report\/","name":"March 2022 #SAVEUKRAINE REPORT - Fundacja Ukraina","isPartOf":{"@id":"https:\/\/fundacjaukraina.eu\/#website"},"primaryImageOfPage":{"@id":"https:\/\/fundacjaukraina.eu\/en\/support-ukraine\/saveukraine\/march-2022-saveukraine-report\/#primaryimage"},"image":{"@id":"https:\/\/fundacjaukraina.eu\/en\/support-ukraine\/saveukraine\/march-2022-saveukraine-report\/#primaryimage"},"thumbnailUrl":"https:\/\/fundacjaukraina.eu\/wp-content\/uploads\/2023\/05\/wydazenia-768x722-1.png","datePublished":"2023-05-30T12:23:58+00:00","dateModified":"2024-12-20T16:35:20+00:00","breadcrumb":{"@id":"https:\/\/fundacjaukraina.eu\/en\/support-ukraine\/saveukraine\/march-2022-saveukraine-report\/#breadcrumb"},"inLanguage":"en-US","potentialAction":[{"@type":"ReadAction","target":["https:\/\/fundacjaukraina.eu\/en\/support-ukraine\/saveukraine\/march-2022-saveukraine-report\/"]}]},{"@type":"ImageObject","inLanguage":"en-US","@id":"https:\/\/fundacjaukraina.eu\/en\/support-ukraine\/saveukraine\/march-2022-saveukraine-report\/#primaryimage","url":"https:\/\/fundacjaukraina.eu\/wp-content\/uploads\/2023\/05\/wydazenia-768x722-1.png","contentUrl":"https:\/\/fundacjaukraina.eu\/wp-content\/uploads\/2023\/05\/wydazenia-768x722-1.png"},{"@type":"BreadcrumbList","@id":"https:\/\/fundacjaukraina.eu\/en\/support-ukraine\/saveukraine\/march-2022-saveukraine-report\/#breadcrumb","itemListElement":[{"@type":"ListItem","position":1,"name":"Home","item":"https:\/\/fundacjaukraina.eu\/en\/"},{"@type":"ListItem","position":2,"name":"HELP FOR UKRAINE","item":"https:\/\/fundacjaukraina.eu\/en\/support-ukraine\/"},{"@type":"ListItem","position":3,"name":"#SaveUkraine Fundraising","item":"https:\/\/fundacjaukraina.eu\/en\/support-ukraine\/saveukraine\/"},{"@type":"ListItem","position":4,"name":"March 2022 #SAVEUKRAINE REPORT"}]},{"@type":"WebSite","@id":"https:\/\/fundacjaukraina.eu\/#website","url":"https:\/\/fundacjaukraina.eu\/","name":"Fundacja Ukraina","description":"Pracujemy z lud\u017ami i dla ludzi","publisher":{"@id":"https:\/\/fundacjaukraina.eu\/#organization"},"potentialAction":[{"@type":"SearchAction","target":{"@type":"EntryPoint","urlTemplate":"https:\/\/fundacjaukraina.eu\/?s={search_term_string}"},"query-input":{"@type":"PropertyValueSpecification","valueRequired":true,"valueName":"search_term_string"}}],"inLanguage":"en-US"},{"@type":"Organization","@id":"https:\/\/fundacjaukraina.eu\/#organization","name":"Fundacja Ukraina","url":"https:\/\/fundacjaukraina.eu\/","logo":{"@type":"ImageObject","inLanguage":"en-US","@id":"https:\/\/fundacjaukraina.eu\/#\/schema\/logo\/image\/","url":"https:\/\/fundacjaukraina.eu\/wp-content\/uploads\/2023\/09\/fu-main.png","contentUrl":"https:\/\/fundacjaukraina.eu\/wp-content\/uploads\/2023\/09\/fu-main.png","width":1200,"height":630,"caption":"Fundacja Ukraina"},"image":{"@id":"https:\/\/fundacjaukraina.eu\/#\/schema\/logo\/image\/"},"sameAs":["https:\/\/www.facebook.com\/fundacja.ukraina\/","https:\/\/www.linkedin.com\/company\/fundacja-ukraina"]}]}},"coauthors":[],"author_meta":{"author_link":"https:\/\/fundacjaukraina.eu\/en\/author\/dariahorna-promofu\/","display_name":"Daria Chorna"},"relative_dates":{"created":"Posted 3 years ago","modified":"Updated 1 year ago"},"absolute_dates":{"created":"Posted on 2023-05-30","modified":"Updated on 2024-12-20"},"absolute_dates_time":{"created":"Posted on 2023-05-30 14:23","modified":"Updated on 2024-12-20 17:35"},"featured_img_caption":"","featured_img":false,"series_order":"","_links":{"self":[{"href":"https:\/\/fundacjaukraina.eu\/en\/wp-json\/wp\/v2\/pages\/12127","targetHints":{"allow":["GET"]}}],"collection":[{"href":"https:\/\/fundacjaukraina.eu\/en\/wp-json\/wp\/v2\/pages"}],"about":[{"href":"https:\/\/fundacjaukraina.eu\/en\/wp-json\/wp\/v2\/types\/page"}],"author":[{"embeddable":true,"href":"https:\/\/fundacjaukraina.eu\/en\/wp-json\/wp\/v2\/users\/4"}],"replies":[{"embeddable":true,"href":"https:\/\/fundacjaukraina.eu\/en\/wp-json\/wp\/v2\/comments?post=12127"}],"version-history":[{"count":5,"href":"https:\/\/fundacjaukraina.eu\/en\/wp-json\/wp\/v2\/pages\/12127\/revisions"}],"predecessor-version":[{"id":16580,"href":"https:\/\/fundacjaukraina.eu\/en\/wp-json\/wp\/v2\/pages\/12127\/revisions\/16580"}],"up":[{"embeddable":true,"href":"https:\/\/fundacjaukraina.eu\/en\/wp-json\/wp\/v2\/pages\/11585"}],"wp:attachment":[{"href":"https:\/\/fundacjaukraina.eu\/en\/wp-json\/wp\/v2\/media?parent=12127"}],"curies":[{"name":"wp","href":"https:\/\/api.w.org\/{rel}","templated":true}]}}