{"id":14073,"date":"2024-04-09T16:13:34","date_gmt":"2024-04-09T14:13:34","guid":{"rendered":"https:\/\/fundacjaukraina.eu\/support-ukraine\/blik-na-telefon\/"},"modified":"2024-04-09T17:10:40","modified_gmt":"2024-04-09T15:10:40","slug":"blik-on-phone","status":"publish","type":"page","link":"https:\/\/fundacjaukraina.eu\/en\/support-ukraine\/blik-on-phone\/","title":{"rendered":"BLIK on phone"},"content":{"rendered":"\n<div class=\"wp-block-columns is-layout-flex wp-container-core-columns-is-layout-9d6595d7 wp-block-columns-is-layout-flex\">\n<div class=\"wp-block-column is-layout-flow wp-block-column-is-layout-flow\">\n<h2 class=\"wp-block-heading\"><strong>Make a donation with BLIK<\/strong><mark style=\"background-color:rgba(0, 0, 0, 0)\" class=\"has-inline-color has-blue-color\">__<\/mark><\/h2>\n\n\n\n<p>Helping is even easier! For your comfort Foundation Ukraine has launched a new donation option &#8211; BLIK payment to a phone number. Now you can do it anytime, anywhere &#8211; all you need is your smartphone and internet access!<\/p>\n\n\n\n<p>All donations will go to the account of our &#8220;SAVE UKRAINE&#8221; fundraiser, launched in 2022 in agreement with the Mayor of Wroc\u0142aw, Jacek Sutryk, and will be used to support Ukraine and its citizens who have found refuge in Lower Silesia.<\/p>\n<\/div>\n\n\n\n<div class=\"wp-block-column has-light-blue-background-color has-background is-layout-flow wp-block-column-is-layout-flow\" style=\"padding-top:var(--wp--preset--spacing--60);padding-right:var(--wp--preset--spacing--70);padding-bottom:var(--wp--preset--spacing--60);padding-left:var(--wp--preset--spacing--70)\">\n<figure class=\"wp-block-image aligncenter size-full\"><img loading=\"lazy\" decoding=\"async\" width=\"400\" height=\"300\" src=\"https:\/\/fundacjaukraina.eu\/wp-content\/uploads\/2024\/04\/blik.png\" alt=\"Dzi\u0119ki Twojemu wsparciu mo\u017cemy jeszcze skuteczniej wspiera\u0107 integracj\u0119 i rozw\u00f3j spo\u0142ecze\u0144stwa, zmieniaj\u0105c \u015bwiat na lepsze.\u00a0\" class=\"wp-image-14013\"\/><\/figure>\n\n\n\n<p class=\"has-text-align-center has-large-font-size\"><strong><mark style=\"background-color:rgba(0, 0, 0, 0)\" class=\"has-inline-color has-blue-color\">BLIK ON PHONE +48 510 011 846<\/mark><\/strong><\/p>\n\n\n\n<p class=\"has-text-align-center has-small-font-size\">in the transfer title, write: \u201e<strong>SAVE UKRAINE DONATION<\/strong>\u201d<\/p>\n\n\n\n<h3 class=\"wp-block-heading has-text-align-center has-medium-font-size\">Thanks <strong>to you<\/strong>, we can more effectively support integration and development of society, making the world a better place.<\/h3>\n<\/div>\n<\/div>\n\n\n\n<h3 class=\"wp-block-heading\"><strong>How to donate via BLIK?<\/strong><\/h3>\n\n\n\n<ol class=\"wp-block-list\">\n<li>In your bank&#8217;s mobile application, select the &#8220;Transfer via BLIK phone&#8221; option.<\/li>\n\n\n\n<li>\u00a0Enter the phone number of the Foundation Ukraine: <strong>+48 510 011 846<\/strong>, and in the transfer title, write: \u201e<strong>SAVE UKRAINE DONATION<\/strong>\u201d.\u00a0<\/li>\n\n\n\n<li>Then, choose any donation amount and confirm the transfer with mobile authorization.<\/li>\n<\/ol>\n\n\n\n<p>You can find the <a href=\"https:\/\/fundacjaukraina.eu\/en\/support-ukraine\/#reports\">reports on our activities<\/a> within the SAVE UKRAINE campaign:<a href=\"https:\/\/fundacjaukraina.eu\/pomoc-da-ukrainy\/#raporty\"><\/a><\/p>\n\n\n\n\n","protected":false},"excerpt":{"rendered":"<p>Make a donation with BLIK__ Helping is even easier! For your comfort Foundation Ukraine has launched a new donation option &#8211; BLIK payment to a phone number. Now you can do it anytime, anywhere &#8211; all you need is your smartphone and internet access! All donations will go to the account of our &#8220;SAVE UKRAINE&#8221;&#8230;<\/p>\n","protected":false},"author":1,"featured_media":0,"parent":11554,"menu_order":41,"comment_status":"closed","ping_status":"closed","template":"","meta":{"_eb_attr":"","inline_featured_image":false,"advgb_blocks_editor_width":"","advgb_blocks_columns_visual_guide":"","footnotes":""},"class_list":["post-14073","page","type-page","status-publish","hentry"],"yoast_head":"<!-- This site is optimized with the Yoast SEO plugin v24.7 - https:\/\/yoast.com\/wordpress\/plugins\/seo\/ -->\n<title>BLIK on phone - Fundacja Ukraina<\/title>\n<meta name=\"robots\" content=\"index, follow, max-snippet:-1, max-image-preview:large, max-video-preview:-1\" \/>\n<link rel=\"canonical\" href=\"https:\/\/fundacjaukraina.eu\/en\/support-ukraine\/blik-on-phone\/\" \/>\n<meta property=\"og:locale\" content=\"en_US\" \/>\n<meta property=\"og:type\" content=\"article\" \/>\n<meta property=\"og:title\" content=\"BLIK on phone - Fundacja Ukraina\" \/>\n<meta property=\"og:description\" content=\"Make a donation with BLIK__ Helping is even easier! For your comfort Foundation Ukraine has launched a new donation option &#8211; BLIK payment to a phone number. Now you can do it anytime, anywhere &#8211; all you need is your smartphone and internet access! All donations will go to the account of our &#8220;SAVE UKRAINE&#8221;...\" \/>\n<meta property=\"og:url\" content=\"https:\/\/fundacjaukraina.eu\/en\/support-ukraine\/blik-on-phone\/\" \/>\n<meta property=\"og:site_name\" content=\"Fundacja Ukraina\" \/>\n<meta property=\"article:publisher\" content=\"https:\/\/www.facebook.com\/fundacja.ukraina\/\" \/>\n<meta property=\"article:modified_time\" content=\"2024-04-09T15:10:40+00:00\" \/>\n<meta property=\"og:image\" content=\"https:\/\/fundacjaukraina.eu\/wp-content\/uploads\/2024\/04\/blik.png\" \/>\n<meta name=\"twitter:card\" content=\"summary_large_image\" \/>\n<meta name=\"twitter:label1\" content=\"Est. reading time\" \/>\n\t<meta name=\"twitter:data1\" content=\"2 minutes\" \/>\n<script type=\"application\/ld+json\" class=\"yoast-schema-graph\">{\"@context\":\"https:\/\/schema.org\",\"@graph\":[{\"@type\":\"WebPage\",\"@id\":\"https:\/\/fundacjaukraina.eu\/en\/support-ukraine\/blik-on-phone\/\",\"url\":\"https:\/\/fundacjaukraina.eu\/en\/support-ukraine\/blik-on-phone\/\",\"name\":\"BLIK on phone - Fundacja Ukraina\",\"isPartOf\":{\"@id\":\"https:\/\/fundacjaukraina.eu\/#website\"},\"primaryImageOfPage\":{\"@id\":\"https:\/\/fundacjaukraina.eu\/en\/support-ukraine\/blik-on-phone\/#primaryimage\"},\"image\":{\"@id\":\"https:\/\/fundacjaukraina.eu\/en\/support-ukraine\/blik-on-phone\/#primaryimage\"},\"thumbnailUrl\":\"https:\/\/fundacjaukraina.eu\/wp-content\/uploads\/2024\/04\/blik.png\",\"datePublished\":\"2024-04-09T14:13:34+00:00\",\"dateModified\":\"2024-04-09T15:10:40+00:00\",\"breadcrumb\":{\"@id\":\"https:\/\/fundacjaukraina.eu\/en\/support-ukraine\/blik-on-phone\/#breadcrumb\"},\"inLanguage\":\"en-US\",\"potentialAction\":[{\"@type\":\"ReadAction\",\"target\":[\"https:\/\/fundacjaukraina.eu\/en\/support-ukraine\/blik-on-phone\/\"]}]},{\"@type\":\"ImageObject\",\"inLanguage\":\"en-US\",\"@id\":\"https:\/\/fundacjaukraina.eu\/en\/support-ukraine\/blik-on-phone\/#primaryimage\",\"url\":\"https:\/\/fundacjaukraina.eu\/wp-content\/uploads\/2024\/04\/blik.png\",\"contentUrl\":\"https:\/\/fundacjaukraina.eu\/wp-content\/uploads\/2024\/04\/blik.png\"},{\"@type\":\"BreadcrumbList\",\"@id\":\"https:\/\/fundacjaukraina.eu\/en\/support-ukraine\/blik-on-phone\/#breadcrumb\",\"itemListElement\":[{\"@type\":\"ListItem\",\"position\":1,\"name\":\"Home\",\"item\":\"https:\/\/fundacjaukraina.eu\/en\/\"},{\"@type\":\"ListItem\",\"position\":2,\"name\":\"HELP FOR UKRAINE\",\"item\":\"https:\/\/fundacjaukraina.eu\/en\/support-ukraine\/\"},{\"@type\":\"ListItem\",\"position\":3,\"name\":\"BLIK on phone\"}]},{\"@type\":\"WebSite\",\"@id\":\"https:\/\/fundacjaukraina.eu\/#website\",\"url\":\"https:\/\/fundacjaukraina.eu\/\",\"name\":\"Fundacja Ukraina\",\"description\":\"Pracujemy z lud\u017ami i dla ludzi\",\"publisher\":{\"@id\":\"https:\/\/fundacjaukraina.eu\/#organization\"},\"potentialAction\":[{\"@type\":\"SearchAction\",\"target\":{\"@type\":\"EntryPoint\",\"urlTemplate\":\"https:\/\/fundacjaukraina.eu\/?s={search_term_string}\"},\"query-input\":{\"@type\":\"PropertyValueSpecification\",\"valueRequired\":true,\"valueName\":\"search_term_string\"}}],\"inLanguage\":\"en-US\"},{\"@type\":\"Organization\",\"@id\":\"https:\/\/fundacjaukraina.eu\/#organization\",\"name\":\"Fundacja Ukraina\",\"url\":\"https:\/\/fundacjaukraina.eu\/\",\"logo\":{\"@type\":\"ImageObject\",\"inLanguage\":\"en-US\",\"@id\":\"https:\/\/fundacjaukraina.eu\/#\/schema\/logo\/image\/\",\"url\":\"https:\/\/fundacjaukraina.eu\/wp-content\/uploads\/2023\/09\/fu-main.png\",\"contentUrl\":\"https:\/\/fundacjaukraina.eu\/wp-content\/uploads\/2023\/09\/fu-main.png\",\"width\":1200,\"height\":630,\"caption\":\"Fundacja Ukraina\"},\"image\":{\"@id\":\"https:\/\/fundacjaukraina.eu\/#\/schema\/logo\/image\/\"},\"sameAs\":[\"https:\/\/www.facebook.com\/fundacja.ukraina\/\",\"https:\/\/www.linkedin.com\/company\/fundacja-ukraina\"]}]}<\/script>\n<!-- \/ Yoast SEO plugin. -->","yoast_head_json":{"title":"BLIK on phone - Fundacja Ukraina","robots":{"index":"index","follow":"follow","max-snippet":"max-snippet:-1","max-image-preview":"max-image-preview:large","max-video-preview":"max-video-preview:-1"},"canonical":"https:\/\/fundacjaukraina.eu\/en\/support-ukraine\/blik-on-phone\/","og_locale":"en_US","og_type":"article","og_title":"BLIK on phone - Fundacja Ukraina","og_description":"Make a donation with BLIK__ Helping is even easier! For your comfort Foundation Ukraine has launched a new donation option &#8211; BLIK payment to a phone number. Now you can do it anytime, anywhere &#8211; all you need is your smartphone and internet access! All donations will go to the account of our &#8220;SAVE UKRAINE&#8221;...","og_url":"https:\/\/fundacjaukraina.eu\/en\/support-ukraine\/blik-on-phone\/","og_site_name":"Fundacja Ukraina","article_publisher":"https:\/\/www.facebook.com\/fundacja.ukraina\/","article_modified_time":"2024-04-09T15:10:40+00:00","og_image":[{"url":"https:\/\/fundacjaukraina.eu\/wp-content\/uploads\/2024\/04\/blik.png","type":"","width":"","height":""}],"twitter_card":"summary_large_image","twitter_misc":{"Est. reading time":"2 minutes"},"schema":{"@context":"https:\/\/schema.org","@graph":[{"@type":"WebPage","@id":"https:\/\/fundacjaukraina.eu\/en\/support-ukraine\/blik-on-phone\/","url":"https:\/\/fundacjaukraina.eu\/en\/support-ukraine\/blik-on-phone\/","name":"BLIK on phone - Fundacja Ukraina","isPartOf":{"@id":"https:\/\/fundacjaukraina.eu\/#website"},"primaryImageOfPage":{"@id":"https:\/\/fundacjaukraina.eu\/en\/support-ukraine\/blik-on-phone\/#primaryimage"},"image":{"@id":"https:\/\/fundacjaukraina.eu\/en\/support-ukraine\/blik-on-phone\/#primaryimage"},"thumbnailUrl":"https:\/\/fundacjaukraina.eu\/wp-content\/uploads\/2024\/04\/blik.png","datePublished":"2024-04-09T14:13:34+00:00","dateModified":"2024-04-09T15:10:40+00:00","breadcrumb":{"@id":"https:\/\/fundacjaukraina.eu\/en\/support-ukraine\/blik-on-phone\/#breadcrumb"},"inLanguage":"en-US","potentialAction":[{"@type":"ReadAction","target":["https:\/\/fundacjaukraina.eu\/en\/support-ukraine\/blik-on-phone\/"]}]},{"@type":"ImageObject","inLanguage":"en-US","@id":"https:\/\/fundacjaukraina.eu\/en\/support-ukraine\/blik-on-phone\/#primaryimage","url":"https:\/\/fundacjaukraina.eu\/wp-content\/uploads\/2024\/04\/blik.png","contentUrl":"https:\/\/fundacjaukraina.eu\/wp-content\/uploads\/2024\/04\/blik.png"},{"@type":"BreadcrumbList","@id":"https:\/\/fundacjaukraina.eu\/en\/support-ukraine\/blik-on-phone\/#breadcrumb","itemListElement":[{"@type":"ListItem","position":1,"name":"Home","item":"https:\/\/fundacjaukraina.eu\/en\/"},{"@type":"ListItem","position":2,"name":"HELP FOR UKRAINE","item":"https:\/\/fundacjaukraina.eu\/en\/support-ukraine\/"},{"@type":"ListItem","position":3,"name":"BLIK on phone"}]},{"@type":"WebSite","@id":"https:\/\/fundacjaukraina.eu\/#website","url":"https:\/\/fundacjaukraina.eu\/","name":"Fundacja Ukraina","description":"Pracujemy z lud\u017ami i dla ludzi","publisher":{"@id":"https:\/\/fundacjaukraina.eu\/#organization"},"potentialAction":[{"@type":"SearchAction","target":{"@type":"EntryPoint","urlTemplate":"https:\/\/fundacjaukraina.eu\/?s={search_term_string}"},"query-input":{"@type":"PropertyValueSpecification","valueRequired":true,"valueName":"search_term_string"}}],"inLanguage":"en-US"},{"@type":"Organization","@id":"https:\/\/fundacjaukraina.eu\/#organization","name":"Fundacja Ukraina","url":"https:\/\/fundacjaukraina.eu\/","logo":{"@type":"ImageObject","inLanguage":"en-US","@id":"https:\/\/fundacjaukraina.eu\/#\/schema\/logo\/image\/","url":"https:\/\/fundacjaukraina.eu\/wp-content\/uploads\/2023\/09\/fu-main.png","contentUrl":"https:\/\/fundacjaukraina.eu\/wp-content\/uploads\/2023\/09\/fu-main.png","width":1200,"height":630,"caption":"Fundacja Ukraina"},"image":{"@id":"https:\/\/fundacjaukraina.eu\/#\/schema\/logo\/image\/"},"sameAs":["https:\/\/www.facebook.com\/fundacja.ukraina\/","https:\/\/www.linkedin.com\/company\/fundacja-ukraina"]}]}},"coauthors":[],"author_meta":{"author_link":"https:\/\/fundacjaukraina.eu\/en\/author\/fu-admin\/","display_name":"fu-admin"},"relative_dates":{"created":"Posted 2 years ago","modified":"Updated 2 years ago"},"absolute_dates":{"created":"Posted on 2024-04-09","modified":"Updated on 2024-04-09"},"absolute_dates_time":{"created":"Posted on 2024-04-09 16:13","modified":"Updated on 2024-04-09 17:10"},"featured_img_caption":"","featured_img":false,"series_order":"","_links":{"self":[{"href":"https:\/\/fundacjaukraina.eu\/en\/wp-json\/wp\/v2\/pages\/14073","targetHints":{"allow":["GET"]}}],"collection":[{"href":"https:\/\/fundacjaukraina.eu\/en\/wp-json\/wp\/v2\/pages"}],"about":[{"href":"https:\/\/fundacjaukraina.eu\/en\/wp-json\/wp\/v2\/types\/page"}],"author":[{"embeddable":true,"href":"https:\/\/fundacjaukraina.eu\/en\/wp-json\/wp\/v2\/users\/1"}],"replies":[{"embeddable":true,"href":"https:\/\/fundacjaukraina.eu\/en\/wp-json\/wp\/v2\/comments?post=14073"}],"version-history":[{"count":1,"href":"https:\/\/fundacjaukraina.eu\/en\/wp-json\/wp\/v2\/pages\/14073\/revisions"}],"predecessor-version":[{"id":14079,"href":"https:\/\/fundacjaukraina.eu\/en\/wp-json\/wp\/v2\/pages\/14073\/revisions\/14079"}],"up":[{"embeddable":true,"href":"https:\/\/fundacjaukraina.eu\/en\/wp-json\/wp\/v2\/pages\/11554"}],"wp:attachment":[{"href":"https:\/\/fundacjaukraina.eu\/en\/wp-json\/wp\/v2\/media?parent=14073"}],"curies":[{"name":"wp","href":"https:\/\/api.w.org\/{rel}","templated":true}]}}