{"id":14554,"date":"2024-06-07T13:03:17","date_gmt":"2024-06-07T11:03:17","guid":{"rendered":"https:\/\/fundacjaukraina.eu\/support-ukraine\/saveukraine\/saveukraine-raport-styczen-marzec-2024\/"},"modified":"2024-12-20T16:49:03","modified_gmt":"2024-12-20T15:49:03","slug":"january-march-saveukraine-report","status":"publish","type":"page","link":"https:\/\/fundacjaukraina.eu\/en\/support-ukraine\/saveukraine\/january-march-saveukraine-report\/","title":{"rendered":"January &#8211; March 2024 SAVEUKRAINE REPORT"},"content":{"rendered":"\n<div class=\"wp-block-group section-subpage-top has-blue-background-color has-background is-layout-flow wp-block-group-is-layout-flow\">\n<div class=\"wp-block-group container is-layout-flow wp-block-group-is-layout-flow\">\n<p class=\"has-white-color has-text-color has-x-large-font-size\">2024<\/p>\n\n\n\n<h1 class=\"wp-block-heading has-white-color has-text-color\">REPORT<\/h1>\n\n\n\n<div class=\"wp-block-group desktop-70 is-layout-flow wp-block-group-is-layout-flow\">\n<p class=\"has-white-color has-text-color has-x-large-font-size\"><strong><strong><strong>SUMMARY OF FOUNDATION UKRAINE\u2019S ACTIVITY FOR THE FIRST QUARTER OF 2024<\/strong><\/strong><\/strong><\/p>\n<\/div>\n<\/div>\n<\/div>\n\n\n\n<div class=\"wp-block-group section-display-content is-layout-flow wp-block-group-is-layout-flow\">\n<div class=\"wp-block-group container is-layout-flow wp-block-group-is-layout-flow\">\n<div class=\"wp-block-columns is-layout-flex wp-container-core-columns-is-layout-9d6595d7 wp-block-columns-is-layout-flex\">\n<div class=\"wp-block-column is-layout-flow wp-block-column-is-layout-flow\">\n<p class=\"has-large-font-size\">Growing up together with society. Current challenges and directions of Foundation Ukraine&#8217;s activity in 2024.<\/p>\n\n\n\n<p>The first quarter of the year is already behind us, so we&#8217;ve decided to take stock of the early results for this year. And it turns out that&#8230; In the first 3 months, we managed to help almost 9000 individuals!&nbsp;<\/p>\n\n\n\n<p>Check out how we managed this in our new report on Foundation\u2019s activities for the period from 01.01.2024 to 31.03.2024!<\/p>\n\n\n\n<p>The new year has brought us new opportunities for collaboration. We have taken on the implementation of <strong>another 7 projects<\/strong>, which have opened up opportunities for us to effectively support the adaptation and self-reliance of migrants in Lower Silesia.<\/p>\n<\/div>\n<\/div>\n\n\n\n<div class=\"wp-block-essential-blocks-image-gallery  root-eb-image-gallery-kdn2e\"><div class=\"eb-parent-wrapper eb-parent-eb-image-gallery-kdn2e \"><div class=\"eb-gallery-img-wrapper eb-image-gallery-kdn2e grid overlay-bottom caption-style-0   no-isotope \" data-id=\"eb-image-gallery-kdn2e\"><a href=\"https:\/\/fundacjaukraina.eu\/wp-content\/uploads\/2024\/06\/raport-1-2024-1.webp\" rel=\"noopener\" data-fslightbox=\"gallery\" data-type=\"image\" class=\"eb-gallery-img-content eb-filter-img-\"><span class=\"eb-gallery-link-wrapper\"><img decoding=\"async\" class=\"eb-gallery-img\" src=\"https:\/\/fundacjaukraina.eu\/wp-content\/uploads\/2024\/06\/raport-1-2024-1.webp\" image-index=\"0\" alt=\"Fundacja report za pierwszy kwartal 2024\"\/><\/span><\/a><a href=\"https:\/\/fundacjaukraina.eu\/wp-content\/uploads\/2024\/06\/raport-1-2024-2.webp\" rel=\"noopener\" data-fslightbox=\"gallery\" data-type=\"image\" class=\"eb-gallery-img-content eb-filter-img-\"><span class=\"eb-gallery-link-wrapper\"><img decoding=\"async\" class=\"eb-gallery-img\" src=\"https:\/\/fundacjaukraina.eu\/wp-content\/uploads\/2024\/06\/raport-1-2024-2.webp\" image-index=\"1\" alt=\"Fundacja report za pierwszy kwartal 2024\"\/><\/span><\/a><a href=\"https:\/\/fundacjaukraina.eu\/wp-content\/uploads\/2024\/06\/raport-1-2024-3.webp\" rel=\"noopener\" data-fslightbox=\"gallery\" data-type=\"image\" class=\"eb-gallery-img-content eb-filter-img-\"><span class=\"eb-gallery-link-wrapper\"><img decoding=\"async\" class=\"eb-gallery-img\" src=\"https:\/\/fundacjaukraina.eu\/wp-content\/uploads\/2024\/06\/raport-1-2024-3.webp\" image-index=\"2\" alt=\"Fundacja report za pierwszy kwartal 2024\"\/><\/span><\/a><a href=\"https:\/\/fundacjaukraina.eu\/wp-content\/uploads\/2024\/06\/raport-1-2024-4.webp\" rel=\"noopener\" data-fslightbox=\"gallery\" data-type=\"image\" class=\"eb-gallery-img-content eb-filter-img-\"><span class=\"eb-gallery-link-wrapper\"><img decoding=\"async\" class=\"eb-gallery-img\" src=\"https:\/\/fundacjaukraina.eu\/wp-content\/uploads\/2024\/06\/raport-1-2024-4.webp\" image-index=\"3\" alt=\"Fundacja report za pierwszy kwartal 2024\"\/><\/span><\/a><a href=\"https:\/\/fundacjaukraina.eu\/wp-content\/uploads\/2024\/06\/raport-1-2024-5.webp\" rel=\"noopener\" data-fslightbox=\"gallery\" data-type=\"image\" class=\"eb-gallery-img-content eb-filter-img-\"><span class=\"eb-gallery-link-wrapper\"><img decoding=\"async\" class=\"eb-gallery-img\" src=\"https:\/\/fundacjaukraina.eu\/wp-content\/uploads\/2024\/06\/raport-1-2024-5.webp\" image-index=\"4\" alt=\"Fundacja report za pierwszy kwartal 2024\"\/><\/span><\/a><a href=\"https:\/\/fundacjaukraina.eu\/wp-content\/uploads\/2024\/06\/raport-1-2024-6.webp\" rel=\"noopener\" data-fslightbox=\"gallery\" data-type=\"image\" class=\"eb-gallery-img-content eb-filter-img-\"><span class=\"eb-gallery-link-wrapper\"><img decoding=\"async\" class=\"eb-gallery-img\" src=\"https:\/\/fundacjaukraina.eu\/wp-content\/uploads\/2024\/06\/raport-1-2024-6.webp\" image-index=\"5\" alt=\"Fundacja report za pierwszy kwartal 2024\"\/><\/span><\/a><a href=\"https:\/\/fundacjaukraina.eu\/wp-content\/uploads\/2024\/06\/raport-1-2024-7.webp\" rel=\"noopener\" data-fslightbox=\"gallery\" data-type=\"image\" class=\"eb-gallery-img-content eb-filter-img-\"><span class=\"eb-gallery-link-wrapper\"><img decoding=\"async\" class=\"eb-gallery-img\" src=\"https:\/\/fundacjaukraina.eu\/wp-content\/uploads\/2024\/06\/raport-1-2024-7.webp\" image-index=\"6\" alt=\"Fundacja report za pierwszy kwartal 2024\"\/><\/span><\/a><a href=\"https:\/\/fundacjaukraina.eu\/wp-content\/uploads\/2024\/06\/raport-1-2024-8.webp\" rel=\"noopener\" data-fslightbox=\"gallery\" data-type=\"image\" class=\"eb-gallery-img-content eb-filter-img-\"><span class=\"eb-gallery-link-wrapper\"><img decoding=\"async\" class=\"eb-gallery-img\" src=\"https:\/\/fundacjaukraina.eu\/wp-content\/uploads\/2024\/06\/raport-1-2024-8.webp\" image-index=\"7\" alt=\"Fundacja report za pierwszy kwartal 2024\"\/><\/span><\/a><a href=\"https:\/\/fundacjaukraina.eu\/wp-content\/uploads\/2024\/06\/raport-1-2024-9.webp\" rel=\"noopener\" data-fslightbox=\"gallery\" data-type=\"image\" class=\"eb-gallery-img-content eb-filter-img-\"><span class=\"eb-gallery-link-wrapper\"><img decoding=\"async\" class=\"eb-gallery-img\" src=\"https:\/\/fundacjaukraina.eu\/wp-content\/uploads\/2024\/06\/raport-1-2024-9.webp\" image-index=\"8\" alt=\"Fundacja report za pierwszy kwartal 2024\"\/><\/span><\/a><\/div><\/div><\/div>\n\n\n\n<div style=\"height:60px\" aria-hidden=\"true\" class=\"wp-block-spacer\"><\/div>\n\n\n\n<h3 class=\"wp-block-heading\"><strong>As part of the project activities, we provided knowledge to about 1550 individuals who participated in <strong>over 80 events<\/strong>! This means that:<\/strong><\/h3>\n\n\n\n<ul class=\"wp-block-list\">\n<li><strong>109 migrants<\/strong> received comprehensive support in the legalization of residence and work by participating in our trainings and courses;<\/li>\n\n\n\n<li><strong>over 750 people<\/strong> participated in 35 meetings of the Polish Speaking Club and English Speaking Club, integrating and getting to know each other during the meetings;<\/li>\n\n\n\n<li><strong>687 people<\/strong> gained new knowledge and skills during 42 educational and integration-adaptation events, such as ProMova club meetings, Cashflow, board games, quizzes.<\/li>\n<\/ul>\n\n\n\n<p>During the first three months of this year, we managed to provide informational support in the areas of legalization and adaptation to<strong> 5930 individuals.<\/strong> Our specialists conducted <strong>over 2450 individual consultations<\/strong>, including over 300 legal consultations, over 60 career advisory consultations, and over 70 consultations on tax settlements. <\/p>\n\n\n\n<p>Approximately 3470 migrants received professional advice remotely: through telephone and email consultations conducted by our legalization specialists.<\/p>\n\n\n\n<div style=\"height:40px\" aria-hidden=\"true\" class=\"wp-block-spacer\"><\/div>\n\n\n\n<h3 class=\"wp-block-heading\"><strong>Within the direction of support for children and adults with refugee experience, we managed to:<\/strong><\/h3>\n\n\n\n<ul class=\"wp-block-list\">\n<li>Provide temporary accommodation for <strong>over 140 refugees<\/strong> in Lower Silesia in the following locations: Wroc\u0142aw, L\u0105dek-Zdr\u00f3j, Polanica-Zdr\u00f3j, Kudowa-Zdr\u00f3j, Karpacz, Szklarska Por\u0119ba, Legnica, and others.<\/li>\n\n\n\n<li>Organize<strong> 372 hours of Polish language learning for 90 refugees<\/strong> at risk of social exclusion as part of 6 new language courses.<\/li>\n\n\n\n<li>Support<strong> over 1190 school students and their parents<\/strong> with refugee experience in <strong>25 schools in Lower Silesia<\/strong>, thanks to the employment of intercultural assistants.<\/li>\n<\/ul>\n\n\n\n<p class=\"has-large-font-size\">In addition to the aforementioned activities, we actively executed the advocacy activities, representing the voices of refugees and migrants at meetings shaping migration policy. We would like to thank our employees for co-organizing the national minorities meeting &#8220;Wroc\u0142awska Kutia 2024&#8221; and actively participating in events such as:<\/p>\n\n\n\n<ul class=\"wp-block-list\">\n<li>Meeting with the Voivode of Lower Silesia, Maciej Awi\u017cen;<\/li>\n\n\n\n<li>Appeal Regarding the Situation of Ukrainian Refugees in Poland;<\/li>\n\n\n\n<li>Meeting &#8220;Beyond the School. Analysis of Systemic Barriers for Ukrainian Teenagers Residing in Poland&#8221;;<\/li>\n\n\n\n<li>IX European Congress of Local Governments in Miko\u0142ajki;<\/li>\n\n\n\n<li>Conference on the Housing Situation of Ukrainian Refugees in Poland.<\/li>\n<\/ul>\n\n\n\n<p>Speaking of successes in one direction of our activities, we must also mention our problems and difficulties in others. We observe an unfortunate tendency of decreasing donations made for Ukraine. Currently, fundraising within our charity campaign SAVE UKRAINE is progressing very slowly. We lack funds for the purchase and shipment of humanitarian aid, though Ukraine still needs support due to the ongoing war. Therefore, we ask you to stay responsible and emphatic!<\/p>\n\n\n\n<div style=\"height:50px\" aria-hidden=\"true\" class=\"wp-block-spacer\"><\/div>\n\n\n\n<p class=\"has-text-align-center\">Contribute to our efforts by donation to our SAVE UKRAINE fundraiser through the Foundation Ukraine website: <a href=\"https:\/\/fundacjaukraina.eu\/saveukraine\/\">https:\/\/fundacjaukraina.eu\/saveukraine\/<\/a>.<\/p>\n\n\n\n<p class=\"has-text-align-center\">We must not give up or get used to war! Remember that even the smallest good deed, a donated z\u0142oty, or sharing information can make a big difference in the lives of those in need.<\/p>\n\n\n\n<h4 class=\"wp-block-heading has-text-align-center\"><strong><strong>Together for victory!<\/strong><\/strong><\/h4>\n<\/div>\n<\/div>\n","protected":false},"excerpt":{"rendered":"<p>2024 REPORT SUMMARY OF FOUNDATION UKRAINE\u2019S ACTIVITY FOR THE FIRST QUARTER OF 2024 Growing up together with society. Current challenges and directions of Foundation Ukraine&#8217;s activity in 2024. The first quarter of the year is already behind us, so we&#8217;ve decided to take stock of the early results for this year. And it turns out&#8230;<\/p>\n","protected":false},"author":1,"featured_media":0,"parent":11585,"menu_order":37,"comment_status":"closed","ping_status":"closed","template":"page-fullwidth-blue.php","meta":{"_eb_attr":"","inline_featured_image":false,"advgb_blocks_editor_width":"","advgb_blocks_columns_visual_guide":"","footnotes":""},"class_list":["post-14554","page","type-page","status-publish","hentry"],"yoast_head":"<!-- This site is optimized with the Yoast SEO plugin v24.7 - https:\/\/yoast.com\/wordpress\/plugins\/seo\/ -->\n<title>January - March 2024 SAVEUKRAINE REPORT - Fundacja Ukraina<\/title>\n<meta name=\"robots\" content=\"index, follow, max-snippet:-1, max-image-preview:large, max-video-preview:-1\" \/>\n<link rel=\"canonical\" href=\"https:\/\/fundacjaukraina.eu\/en\/support-ukraine\/saveukraine\/january-march-saveukraine-report\/\" \/>\n<meta property=\"og:locale\" content=\"en_US\" \/>\n<meta property=\"og:type\" content=\"article\" \/>\n<meta property=\"og:title\" content=\"January - March 2024 SAVEUKRAINE REPORT - Fundacja Ukraina\" \/>\n<meta property=\"og:description\" content=\"2024 REPORT SUMMARY OF FOUNDATION UKRAINE\u2019S ACTIVITY FOR THE FIRST QUARTER OF 2024 Growing up together with society. Current challenges and directions of Foundation Ukraine&#8217;s activity in 2024. The first quarter of the year is already behind us, so we&#8217;ve decided to take stock of the early results for this year. And it turns out...\" \/>\n<meta property=\"og:url\" content=\"https:\/\/fundacjaukraina.eu\/en\/support-ukraine\/saveukraine\/january-march-saveukraine-report\/\" \/>\n<meta property=\"og:site_name\" content=\"Fundacja Ukraina\" \/>\n<meta property=\"article:publisher\" content=\"https:\/\/www.facebook.com\/fundacja.ukraina\/\" \/>\n<meta property=\"article:modified_time\" content=\"2024-12-20T15:49:03+00:00\" \/>\n<meta property=\"og:image\" content=\"https:\/\/fundacjaukraina.eu\/wp-content\/uploads\/2024\/06\/raport-1-2024-1.webp\" \/>\n<meta name=\"twitter:card\" content=\"summary_large_image\" \/>\n<meta name=\"twitter:label1\" content=\"Est. reading time\" \/>\n\t<meta name=\"twitter:data1\" content=\"6 minutes\" \/>\n<script type=\"application\/ld+json\" class=\"yoast-schema-graph\">{\"@context\":\"https:\/\/schema.org\",\"@graph\":[{\"@type\":\"WebPage\",\"@id\":\"https:\/\/fundacjaukraina.eu\/en\/support-ukraine\/saveukraine\/january-march-saveukraine-report\/\",\"url\":\"https:\/\/fundacjaukraina.eu\/en\/support-ukraine\/saveukraine\/january-march-saveukraine-report\/\",\"name\":\"January - March 2024 SAVEUKRAINE REPORT - Fundacja Ukraina\",\"isPartOf\":{\"@id\":\"https:\/\/fundacjaukraina.eu\/#website\"},\"primaryImageOfPage\":{\"@id\":\"https:\/\/fundacjaukraina.eu\/en\/support-ukraine\/saveukraine\/january-march-saveukraine-report\/#primaryimage\"},\"image\":{\"@id\":\"https:\/\/fundacjaukraina.eu\/en\/support-ukraine\/saveukraine\/january-march-saveukraine-report\/#primaryimage\"},\"thumbnailUrl\":\"https:\/\/fundacjaukraina.eu\/wp-content\/uploads\/2024\/06\/raport-1-2024-1.webp\",\"datePublished\":\"2024-06-07T11:03:17+00:00\",\"dateModified\":\"2024-12-20T15:49:03+00:00\",\"breadcrumb\":{\"@id\":\"https:\/\/fundacjaukraina.eu\/en\/support-ukraine\/saveukraine\/january-march-saveukraine-report\/#breadcrumb\"},\"inLanguage\":\"en-US\",\"potentialAction\":[{\"@type\":\"ReadAction\",\"target\":[\"https:\/\/fundacjaukraina.eu\/en\/support-ukraine\/saveukraine\/january-march-saveukraine-report\/\"]}]},{\"@type\":\"ImageObject\",\"inLanguage\":\"en-US\",\"@id\":\"https:\/\/fundacjaukraina.eu\/en\/support-ukraine\/saveukraine\/january-march-saveukraine-report\/#primaryimage\",\"url\":\"https:\/\/fundacjaukraina.eu\/wp-content\/uploads\/2024\/06\/raport-1-2024-1.webp\",\"contentUrl\":\"https:\/\/fundacjaukraina.eu\/wp-content\/uploads\/2024\/06\/raport-1-2024-1.webp\"},{\"@type\":\"BreadcrumbList\",\"@id\":\"https:\/\/fundacjaukraina.eu\/en\/support-ukraine\/saveukraine\/january-march-saveukraine-report\/#breadcrumb\",\"itemListElement\":[{\"@type\":\"ListItem\",\"position\":1,\"name\":\"Home\",\"item\":\"https:\/\/fundacjaukraina.eu\/en\/\"},{\"@type\":\"ListItem\",\"position\":2,\"name\":\"HELP FOR UKRAINE\",\"item\":\"https:\/\/fundacjaukraina.eu\/en\/support-ukraine\/\"},{\"@type\":\"ListItem\",\"position\":3,\"name\":\"#SaveUkraine Fundraising\",\"item\":\"https:\/\/fundacjaukraina.eu\/en\/support-ukraine\/saveukraine\/\"},{\"@type\":\"ListItem\",\"position\":4,\"name\":\"January &#8211; March 2024 SAVEUKRAINE REPORT\"}]},{\"@type\":\"WebSite\",\"@id\":\"https:\/\/fundacjaukraina.eu\/#website\",\"url\":\"https:\/\/fundacjaukraina.eu\/\",\"name\":\"Fundacja Ukraina\",\"description\":\"Pracujemy z lud\u017ami i dla ludzi\",\"publisher\":{\"@id\":\"https:\/\/fundacjaukraina.eu\/#organization\"},\"potentialAction\":[{\"@type\":\"SearchAction\",\"target\":{\"@type\":\"EntryPoint\",\"urlTemplate\":\"https:\/\/fundacjaukraina.eu\/?s={search_term_string}\"},\"query-input\":{\"@type\":\"PropertyValueSpecification\",\"valueRequired\":true,\"valueName\":\"search_term_string\"}}],\"inLanguage\":\"en-US\"},{\"@type\":\"Organization\",\"@id\":\"https:\/\/fundacjaukraina.eu\/#organization\",\"name\":\"Fundacja Ukraina\",\"url\":\"https:\/\/fundacjaukraina.eu\/\",\"logo\":{\"@type\":\"ImageObject\",\"inLanguage\":\"en-US\",\"@id\":\"https:\/\/fundacjaukraina.eu\/#\/schema\/logo\/image\/\",\"url\":\"https:\/\/fundacjaukraina.eu\/wp-content\/uploads\/2023\/09\/fu-main.png\",\"contentUrl\":\"https:\/\/fundacjaukraina.eu\/wp-content\/uploads\/2023\/09\/fu-main.png\",\"width\":1200,\"height\":630,\"caption\":\"Fundacja Ukraina\"},\"image\":{\"@id\":\"https:\/\/fundacjaukraina.eu\/#\/schema\/logo\/image\/\"},\"sameAs\":[\"https:\/\/www.facebook.com\/fundacja.ukraina\/\",\"https:\/\/www.linkedin.com\/company\/fundacja-ukraina\"]}]}<\/script>\n<!-- \/ Yoast SEO plugin. -->","yoast_head_json":{"title":"January - March 2024 SAVEUKRAINE REPORT - Fundacja Ukraina","robots":{"index":"index","follow":"follow","max-snippet":"max-snippet:-1","max-image-preview":"max-image-preview:large","max-video-preview":"max-video-preview:-1"},"canonical":"https:\/\/fundacjaukraina.eu\/en\/support-ukraine\/saveukraine\/january-march-saveukraine-report\/","og_locale":"en_US","og_type":"article","og_title":"January - March 2024 SAVEUKRAINE REPORT - Fundacja Ukraina","og_description":"2024 REPORT SUMMARY OF FOUNDATION UKRAINE\u2019S ACTIVITY FOR THE FIRST QUARTER OF 2024 Growing up together with society. Current challenges and directions of Foundation Ukraine&#8217;s activity in 2024. The first quarter of the year is already behind us, so we&#8217;ve decided to take stock of the early results for this year. And it turns out...","og_url":"https:\/\/fundacjaukraina.eu\/en\/support-ukraine\/saveukraine\/january-march-saveukraine-report\/","og_site_name":"Fundacja Ukraina","article_publisher":"https:\/\/www.facebook.com\/fundacja.ukraina\/","article_modified_time":"2024-12-20T15:49:03+00:00","og_image":[{"url":"https:\/\/fundacjaukraina.eu\/wp-content\/uploads\/2024\/06\/raport-1-2024-1.webp","type":"","width":"","height":""}],"twitter_card":"summary_large_image","twitter_misc":{"Est. reading time":"6 minutes"},"schema":{"@context":"https:\/\/schema.org","@graph":[{"@type":"WebPage","@id":"https:\/\/fundacjaukraina.eu\/en\/support-ukraine\/saveukraine\/january-march-saveukraine-report\/","url":"https:\/\/fundacjaukraina.eu\/en\/support-ukraine\/saveukraine\/january-march-saveukraine-report\/","name":"January - March 2024 SAVEUKRAINE REPORT - Fundacja Ukraina","isPartOf":{"@id":"https:\/\/fundacjaukraina.eu\/#website"},"primaryImageOfPage":{"@id":"https:\/\/fundacjaukraina.eu\/en\/support-ukraine\/saveukraine\/january-march-saveukraine-report\/#primaryimage"},"image":{"@id":"https:\/\/fundacjaukraina.eu\/en\/support-ukraine\/saveukraine\/january-march-saveukraine-report\/#primaryimage"},"thumbnailUrl":"https:\/\/fundacjaukraina.eu\/wp-content\/uploads\/2024\/06\/raport-1-2024-1.webp","datePublished":"2024-06-07T11:03:17+00:00","dateModified":"2024-12-20T15:49:03+00:00","breadcrumb":{"@id":"https:\/\/fundacjaukraina.eu\/en\/support-ukraine\/saveukraine\/january-march-saveukraine-report\/#breadcrumb"},"inLanguage":"en-US","potentialAction":[{"@type":"ReadAction","target":["https:\/\/fundacjaukraina.eu\/en\/support-ukraine\/saveukraine\/january-march-saveukraine-report\/"]}]},{"@type":"ImageObject","inLanguage":"en-US","@id":"https:\/\/fundacjaukraina.eu\/en\/support-ukraine\/saveukraine\/january-march-saveukraine-report\/#primaryimage","url":"https:\/\/fundacjaukraina.eu\/wp-content\/uploads\/2024\/06\/raport-1-2024-1.webp","contentUrl":"https:\/\/fundacjaukraina.eu\/wp-content\/uploads\/2024\/06\/raport-1-2024-1.webp"},{"@type":"BreadcrumbList","@id":"https:\/\/fundacjaukraina.eu\/en\/support-ukraine\/saveukraine\/january-march-saveukraine-report\/#breadcrumb","itemListElement":[{"@type":"ListItem","position":1,"name":"Home","item":"https:\/\/fundacjaukraina.eu\/en\/"},{"@type":"ListItem","position":2,"name":"HELP FOR UKRAINE","item":"https:\/\/fundacjaukraina.eu\/en\/support-ukraine\/"},{"@type":"ListItem","position":3,"name":"#SaveUkraine Fundraising","item":"https:\/\/fundacjaukraina.eu\/en\/support-ukraine\/saveukraine\/"},{"@type":"ListItem","position":4,"name":"January &#8211; March 2024 SAVEUKRAINE REPORT"}]},{"@type":"WebSite","@id":"https:\/\/fundacjaukraina.eu\/#website","url":"https:\/\/fundacjaukraina.eu\/","name":"Fundacja Ukraina","description":"Pracujemy z lud\u017ami i dla ludzi","publisher":{"@id":"https:\/\/fundacjaukraina.eu\/#organization"},"potentialAction":[{"@type":"SearchAction","target":{"@type":"EntryPoint","urlTemplate":"https:\/\/fundacjaukraina.eu\/?s={search_term_string}"},"query-input":{"@type":"PropertyValueSpecification","valueRequired":true,"valueName":"search_term_string"}}],"inLanguage":"en-US"},{"@type":"Organization","@id":"https:\/\/fundacjaukraina.eu\/#organization","name":"Fundacja Ukraina","url":"https:\/\/fundacjaukraina.eu\/","logo":{"@type":"ImageObject","inLanguage":"en-US","@id":"https:\/\/fundacjaukraina.eu\/#\/schema\/logo\/image\/","url":"https:\/\/fundacjaukraina.eu\/wp-content\/uploads\/2023\/09\/fu-main.png","contentUrl":"https:\/\/fundacjaukraina.eu\/wp-content\/uploads\/2023\/09\/fu-main.png","width":1200,"height":630,"caption":"Fundacja Ukraina"},"image":{"@id":"https:\/\/fundacjaukraina.eu\/#\/schema\/logo\/image\/"},"sameAs":["https:\/\/www.facebook.com\/fundacja.ukraina\/","https:\/\/www.linkedin.com\/company\/fundacja-ukraina"]}]}},"coauthors":[],"author_meta":{"author_link":"https:\/\/fundacjaukraina.eu\/en\/author\/fu-admin\/","display_name":"fu-admin"},"relative_dates":{"created":"Posted 2 years ago","modified":"Updated 1 year ago"},"absolute_dates":{"created":"Posted on 2024-06-07","modified":"Updated on 2024-12-20"},"absolute_dates_time":{"created":"Posted on 2024-06-07 13:03","modified":"Updated on 2024-12-20 16:49"},"featured_img_caption":"","featured_img":false,"series_order":"","_links":{"self":[{"href":"https:\/\/fundacjaukraina.eu\/en\/wp-json\/wp\/v2\/pages\/14554","targetHints":{"allow":["GET"]}}],"collection":[{"href":"https:\/\/fundacjaukraina.eu\/en\/wp-json\/wp\/v2\/pages"}],"about":[{"href":"https:\/\/fundacjaukraina.eu\/en\/wp-json\/wp\/v2\/types\/page"}],"author":[{"embeddable":true,"href":"https:\/\/fundacjaukraina.eu\/en\/wp-json\/wp\/v2\/users\/1"}],"replies":[{"embeddable":true,"href":"https:\/\/fundacjaukraina.eu\/en\/wp-json\/wp\/v2\/comments?post=14554"}],"version-history":[{"count":4,"href":"https:\/\/fundacjaukraina.eu\/en\/wp-json\/wp\/v2\/pages\/14554\/revisions"}],"predecessor-version":[{"id":16544,"href":"https:\/\/fundacjaukraina.eu\/en\/wp-json\/wp\/v2\/pages\/14554\/revisions\/16544"}],"up":[{"embeddable":true,"href":"https:\/\/fundacjaukraina.eu\/en\/wp-json\/wp\/v2\/pages\/11585"}],"wp:attachment":[{"href":"https:\/\/fundacjaukraina.eu\/en\/wp-json\/wp\/v2\/media?parent=14554"}],"curies":[{"name":"wp","href":"https:\/\/api.w.org\/{rel}","templated":true}]}}