{"id":14074,"date":"2024-04-09T16:13:34","date_gmt":"2024-04-09T14:13:34","guid":{"rendered":"https:\/\/fundacjaukraina.eu\/pomoc-da-ukrainy\/blik-na-telefon\/"},"modified":"2024-04-09T17:06:39","modified_gmt":"2024-04-09T15:06:39","slug":"blik-na-telefon","status":"publish","type":"page","link":"https:\/\/fundacjaukraina.eu\/uk\/pomoc-da-ukrainy\/blik-na-telefon\/","title":{"rendered":"BLIK \u043f\u043e \u0442\u0435\u043b\u0435\u0444\u043e\u043d\u0443"},"content":{"rendered":"\n<div class=\"wp-block-columns is-layout-flex wp-container-core-columns-is-layout-9d6595d7 wp-block-columns-is-layout-flex\">\n<div class=\"wp-block-column is-layout-flow wp-block-column-is-layout-flow\">\n<h2 class=\"wp-block-heading\"><strong>\u041f\u0456\u0434\u0442\u0440\u0438\u043c\u0430\u0439\u0442\u0435 \u043d\u0430\u0448 \u0437\u0431\u0456\u0440 \u043a\u043e\u0448\u0442\u0456\u0432 BLIK-\u043e\u043c<\/strong><mark style=\"background-color:rgba(0, 0, 0, 0)\" class=\"has-inline-color has-blue-color\">__<\/mark><\/h2>\n\n\n\n<p>\u0422\u0435\u043f\u0435\u0440 \u0434\u043e\u043f\u043e\u043c\u0430\u0433\u0430\u0442\u0438 \u0441\u0442\u0430\u043b\u043e \u0449\u0435 \u043f\u0440\u043e\u0441\u0442\u0456\u0448\u0435! \u0424\u0443\u043d\u0434\u0430\u0446\u0456\u044f \u0423\u043a\u0440\u0430\u0457\u043d\u0430 \u0437\u0430\u043f\u0440\u043e\u0432\u0430\u0434\u0438\u043b\u0430 \u043d\u043e\u0432\u0443 \u043e\u043f\u0446\u0456\u044e \u0434\u043b\u044f \u043f\u043e\u0436\u0435\u0440\u0442\u0432\u0443\u0432\u0430\u043d\u044c \u2013 \u0437\u0430 \u0434\u043e\u043f\u043e\u043c\u043e\u0433\u043e\u044e \u043f\u0435\u0440\u0435\u043a\u0430\u0437\u0443 BLIK \u043d\u0430 \u0442\u0435\u043b\u0435\u0444\u043e\u043d. \u0412\u0456\u0434\u0442\u0435\u043f\u0435\u0440 \u0432\u0438 \u043c\u043e\u0436\u0435\u0442\u0435 \u0437\u0440\u043e\u0431\u0438\u0442\u0438 \u043f\u0435\u0440\u0435\u043a\u0430\u0437 \u043a\u043e\u0448\u0442\u0456\u0432 \u0431\u0443\u0434\u044c-\u0434\u0435 \u0442\u0430 \u0431\u0443\u0434\u044c-\u043a\u043e\u043b\u0438 &#8211; \u043f\u043e\u0442\u0440\u0456\u0431\u0435\u043d \u043b\u0438\u0448\u0435 \u0442\u0435\u043b\u0435\u0444\u043e\u043d \u0442\u0430 \u0434\u043e\u0441\u0442\u0443\u043f \u0434\u043e \u0456\u043d\u0442\u0435\u0440\u043d\u0435\u0442\u0443!<\/p>\n\n\n\n<p>\u041f\u043b\u0430\u0442\u0435\u0436\u0456 \u0431\u0443\u0434\u0443\u0442\u044c \u043f\u0435\u0440\u0435\u0440\u0430\u0445\u043e\u0432\u0430\u043d\u0456 \u043d\u0430 \u0440\u0430\u0445\u0443\u043d\u043e\u043a \u043d\u0430\u0448\u043e\u0457 \u0437\u0431\u0456\u0440\u043a\u0438 \u00abSAVE UKRAINE\u00bb, \u0437\u0430\u043f\u043e\u0447\u0430\u0442\u043a\u043e\u0432\u0430\u043d\u043e\u0457 \u0443 2022 \u0440\u043e\u0446\u0456 \u0432 \u043f\u043e\u0440\u043e\u0437\u0443\u043c\u0456\u043d\u043d\u0456 \u0437 \u043f\u0440\u0435\u0437\u0438\u0434\u0435\u043d\u0442\u043e\u043c \u0412\u0440\u043e\u0446\u043b\u0430\u0432\u0430 \u042f\u0446\u043a\u043e\u043c \u0421\u0443\u0442\u0440\u0438\u043a\u043e\u043c, \u0456 \u0431\u0443\u0434\u0443\u0442\u044c \u043f\u0440\u0438\u0437\u043d\u0430\u0447\u0435\u043d\u0456 \u043d\u0430 \u043f\u0456\u0434\u0442\u0440\u0438\u043c\u043a\u0443 \u0423\u043a\u0440\u0430\u0457\u043d\u0438 \u0442\u0430 \u0457\u0457 \u0433\u0440\u043e\u043c\u0430\u0434\u044f\u043d, \u044f\u043a\u0456 \u0437\u043d\u0430\u0439\u0448\u043b\u0438 \u043f\u0440\u0438\u0442\u0443\u043b\u043e\u043a \u0443 \u041d\u0438\u0436\u043d\u0456\u0439 \u0421\u0456\u043b\u0435\u0437\u0456\u0457.<\/p>\n<\/div>\n\n\n\n<div class=\"wp-block-column has-light-blue-background-color has-background is-layout-flow wp-block-column-is-layout-flow\" style=\"padding-top:var(--wp--preset--spacing--60);padding-right:var(--wp--preset--spacing--70);padding-bottom:var(--wp--preset--spacing--60);padding-left:var(--wp--preset--spacing--70)\">\n<figure class=\"wp-block-image aligncenter size-full\"><img loading=\"lazy\" decoding=\"async\" width=\"400\" height=\"300\" src=\"https:\/\/fundacjaukraina.eu\/wp-content\/uploads\/2024\/04\/blik.png\" alt=\"Dzi\u0119ki Twojemu wsparciu mo\u017cemy jeszcze skuteczniej wspiera\u0107 integracj\u0119 i rozw\u00f3j spo\u0142ecze\u0144stwa, zmieniaj\u0105c \u015bwiat na lepsze.\u00a0\" class=\"wp-image-14013\"\/><\/figure>\n\n\n\n<p class=\"has-text-align-center has-large-font-size\"><strong><mark style=\"background-color:rgba(0, 0, 0, 0)\" class=\"has-inline-color has-blue-color\">BLIK \u041f\u041e \u0422\u0415\u041b\u0415\u0424\u041e\u041d\u0423 +48 510 011 846<\/mark><\/strong><\/p>\n\n\n\n<p class=\"has-text-align-center has-small-font-size\">\u0432 \u043d\u0430\u0437\u0432\u0456 \u043f\u0435\u0440\u0435\u043a\u0430\u0437\u0443 \u0432\u043f\u0438\u0448\u0456\u0442\u044c: \u201e<strong>DAROWIZNA SAVE UKRAINE<\/strong>\u201d<\/p>\n\n\n\n<h3 class=\"wp-block-heading has-text-align-center has-medium-font-size\">\u0417\u0430\u0432\u0434\u044f\u043a\u0438 <strong>\u0432\u0430\u0448\u0456\u0439 \u043f\u0456\u0434\u0442\u0440\u0438\u043c\u0446\u0456<\/strong> \u043c\u0438 \u043c\u043e\u0436\u0435\u043c\u043e \u0449\u0435 \u0435\u0444\u0435\u043a\u0442\u0438\u0432\u043d\u0456\u0448\u0435 \u043f\u0456\u0434\u0442\u0440\u0438\u043c\u0443\u0432\u0430\u0442\u0438 \u0456\u043d\u0442\u0435\u0433\u0440\u0430\u0446\u0456\u044e \u0442\u0430 \u0440\u043e\u0437\u0432\u0438\u0442\u043e\u043a \u0441\u0443\u0441\u043f\u0456\u043b\u044c\u0441\u0442\u0432\u0430, \u0437\u043c\u0456\u043d\u044e\u044e\u0447\u0438 \u0441\u0432\u0456\u0442 \u043d\u0430 \u043a\u0440\u0430\u0449\u0435.<\/h3>\n<\/div>\n<\/div>\n\n\n\n<h3 class=\"wp-block-heading\"><strong><strong>\u042f\u043a \u0437\u0440\u043e\u0431\u0438\u0442\u0438 \u043f\u043e\u0436\u0435\u0440\u0442\u0432\u0443 \u0437\u0430 \u0434\u043e\u043f\u043e\u043c\u043e\u0433\u043e\u044e BLIK?<\/strong><\/strong><\/h3>\n\n\n\n<ol class=\"wp-block-list\">\n<li>\u0423 \u043c\u043e\u0431\u0456\u043b\u044c\u043d\u043e\u043c\u0443 \u0434\u043e\u0434\u0430\u0442\u043a\u0443 \u0441\u0432\u043e\u0433\u043e \u0431\u0430\u043d\u043a\u0443 \u0432\u0438\u0431\u0435\u0440\u0456\u0442\u044c \u043e\u043f\u0446\u0456\u044e \u00ab\u041c\u043e\u0431\u0456\u043b\u044c\u043d\u0438\u0439 \u043f\u0435\u0440\u0435\u043a\u0430\u0437 BLIK\u00bb.<\/li>\n\n\n\n<li>\u0412\u0432\u0435\u0434\u0456\u0442\u044c \u043d\u043e\u043c\u0435\u0440 \u0442\u0435\u043b\u0435\u0444\u043e\u043d\u0443 \u0424\u0443\u043d\u0434\u0430\u0446\u0456\u0457 \u0423\u043a\u0440\u0430\u0457\u043d\u0430: <strong>+48 510 011 846<\/strong>, \u0430 \u0432 \u043d\u0430\u0437\u0432\u0456 \u043f\u0435\u0440\u0435\u043a\u0430\u0437\u0443 \u0432\u043f\u0438\u0448\u0456\u0442\u044c: \u201e<strong>DAROWIZNA SAVE UKRAINE<\/strong>\u201d.\u00a0<\/li>\n\n\n\n<li>\u0414\u0430\u043b\u0456 \u0432\u0438\u0431\u0435\u0440\u0456\u0442\u044c \u0431\u0443\u0434\u044c-\u044f\u043a\u0443 \u0441\u0443\u043c\u0443 \u043f\u0456\u0434\u0442\u0440\u0438\u043c\u043a\u0438 \u0442\u0430 \u043f\u0456\u0434\u0442\u0432\u0435\u0440\u0434\u044c\u0442\u0435 \u043f\u0435\u0440\u0435\u043a\u0430\u0437 \u0437\u0430 \u0434\u043e\u043f\u043e\u043c\u043e\u0433\u043e\u044e \u043c\u043e\u0431\u0456\u043b\u044c\u043d\u043e\u0457 \u0430\u0432\u0442\u043e\u0440\u0438\u0437\u0430\u0446\u0456\u0457.<\/li>\n<\/ol>\n\n\n\n<p>\u0417\u0430\u043f\u0440\u043e\u0448\u0443\u0454\u043c\u043e \u0434\u043e \u043e\u0437\u043d\u0430\u0439\u043e\u043c\u043b\u0435\u043d\u043d\u044f \u0437\u0456 <a href=\"https:\/\/fundacjaukraina.eu\/uk\/pomoc-da-ukrainy\/#raporty\">\u0437\u0432\u0456\u0442\u0430\u043c\u0438 \u043f\u0440\u043e \u043d\u0430\u0448\u0443 \u0434\u0456\u044f\u043b\u044c\u043d\u0456\u0441\u0442\u044c<\/a> \u0432 \u0440\u0430\u043c\u043a\u0430\u0445 \u0430\u043a\u0446\u0456\u0457 SAVE UKRAINE:<\/p>\n\n\n\n\n","protected":false},"excerpt":{"rendered":"<p>\u041f\u0456\u0434\u0442\u0440\u0438\u043c\u0430\u0439\u0442\u0435 \u043d\u0430\u0448 \u0437\u0431\u0456\u0440 \u043a\u043e\u0448\u0442\u0456\u0432 BLIK-\u043e\u043c__ \u0422\u0435\u043f\u0435\u0440 \u0434\u043e\u043f\u043e\u043c\u0430\u0433\u0430\u0442\u0438 \u0441\u0442\u0430\u043b\u043e \u0449\u0435 \u043f\u0440\u043e\u0441\u0442\u0456\u0448\u0435! \u0424\u0443\u043d\u0434\u0430\u0446\u0456\u044f \u0423\u043a\u0440\u0430\u0457\u043d\u0430 \u0437\u0430\u043f\u0440\u043e\u0432\u0430\u0434\u0438\u043b\u0430 \u043d\u043e\u0432\u0443 \u043e\u043f\u0446\u0456\u044e \u0434\u043b\u044f \u043f\u043e\u0436\u0435\u0440\u0442\u0432\u0443\u0432\u0430\u043d\u044c \u2013 \u0437\u0430 \u0434\u043e\u043f\u043e\u043c\u043e\u0433\u043e\u044e \u043f\u0435\u0440\u0435\u043a\u0430\u0437\u0443 BLIK \u043d\u0430 \u0442\u0435\u043b\u0435\u0444\u043e\u043d. \u0412\u0456\u0434\u0442\u0435\u043f\u0435\u0440 \u0432\u0438 \u043c\u043e\u0436\u0435\u0442\u0435 \u0437\u0440\u043e\u0431\u0438\u0442\u0438 \u043f\u0435\u0440\u0435\u043a\u0430\u0437 \u043a\u043e\u0448\u0442\u0456\u0432 \u0431\u0443\u0434\u044c-\u0434\u0435 \u0442\u0430 \u0431\u0443\u0434\u044c-\u043a\u043e\u043b\u0438 &#8211; \u043f\u043e\u0442\u0440\u0456\u0431\u0435\u043d \u043b\u0438\u0448\u0435 \u0442\u0435\u043b\u0435\u0444\u043e\u043d \u0442\u0430 \u0434\u043e\u0441\u0442\u0443\u043f \u0434\u043e \u0456\u043d\u0442\u0435\u0440\u043d\u0435\u0442\u0443! \u041f\u043b\u0430\u0442\u0435\u0436\u0456 \u0431\u0443\u0434\u0443\u0442\u044c \u043f\u0435\u0440\u0435\u0440\u0430\u0445\u043e\u0432\u0430\u043d\u0456 \u043d\u0430 \u0440\u0430\u0445\u0443\u043d\u043e\u043a \u043d\u0430\u0448\u043e\u0457 \u0437\u0431\u0456\u0440\u043a\u0438 \u00abSAVE UKRAINE\u00bb, \u0437\u0430\u043f\u043e\u0447\u0430\u0442\u043a\u043e\u0432\u0430\u043d\u043e\u0457 \u0443 2022 \u0440\u043e\u0446\u0456 \u0432&#8230;<\/p>\n","protected":false},"author":1,"featured_media":0,"parent":9715,"menu_order":42,"comment_status":"closed","ping_status":"closed","template":"","meta":{"_eb_attr":"","inline_featured_image":false,"advgb_blocks_editor_width":"","advgb_blocks_columns_visual_guide":"","footnotes":""},"class_list":["post-14074","page","type-page","status-publish","hentry"],"yoast_head":"<!-- This site is optimized with the Yoast SEO plugin v24.7 - https:\/\/yoast.com\/wordpress\/plugins\/seo\/ -->\n<title>BLIK \u043f\u043e \u0442\u0435\u043b\u0435\u0444\u043e\u043d\u0443 - Fundacja Ukraina<\/title>\n<meta name=\"robots\" content=\"index, follow, max-snippet:-1, max-image-preview:large, max-video-preview:-1\" \/>\n<link rel=\"canonical\" href=\"https:\/\/fundacjaukraina.eu\/uk\/pomoc-da-ukrainy\/blik-na-telefon\/\" \/>\n<meta property=\"og:locale\" content=\"en_US\" \/>\n<meta property=\"og:type\" content=\"article\" \/>\n<meta property=\"og:title\" content=\"BLIK \u043f\u043e \u0442\u0435\u043b\u0435\u0444\u043e\u043d\u0443 - Fundacja Ukraina\" \/>\n<meta property=\"og:description\" content=\"\u041f\u0456\u0434\u0442\u0440\u0438\u043c\u0430\u0439\u0442\u0435 \u043d\u0430\u0448 \u0437\u0431\u0456\u0440 \u043a\u043e\u0448\u0442\u0456\u0432 BLIK-\u043e\u043c__ \u0422\u0435\u043f\u0435\u0440 \u0434\u043e\u043f\u043e\u043c\u0430\u0433\u0430\u0442\u0438 \u0441\u0442\u0430\u043b\u043e \u0449\u0435 \u043f\u0440\u043e\u0441\u0442\u0456\u0448\u0435! \u0424\u0443\u043d\u0434\u0430\u0446\u0456\u044f \u0423\u043a\u0440\u0430\u0457\u043d\u0430 \u0437\u0430\u043f\u0440\u043e\u0432\u0430\u0434\u0438\u043b\u0430 \u043d\u043e\u0432\u0443 \u043e\u043f\u0446\u0456\u044e \u0434\u043b\u044f \u043f\u043e\u0436\u0435\u0440\u0442\u0432\u0443\u0432\u0430\u043d\u044c \u2013 \u0437\u0430 \u0434\u043e\u043f\u043e\u043c\u043e\u0433\u043e\u044e \u043f\u0435\u0440\u0435\u043a\u0430\u0437\u0443 BLIK \u043d\u0430 \u0442\u0435\u043b\u0435\u0444\u043e\u043d. \u0412\u0456\u0434\u0442\u0435\u043f\u0435\u0440 \u0432\u0438 \u043c\u043e\u0436\u0435\u0442\u0435 \u0437\u0440\u043e\u0431\u0438\u0442\u0438 \u043f\u0435\u0440\u0435\u043a\u0430\u0437 \u043a\u043e\u0448\u0442\u0456\u0432 \u0431\u0443\u0434\u044c-\u0434\u0435 \u0442\u0430 \u0431\u0443\u0434\u044c-\u043a\u043e\u043b\u0438 &#8211; \u043f\u043e\u0442\u0440\u0456\u0431\u0435\u043d \u043b\u0438\u0448\u0435 \u0442\u0435\u043b\u0435\u0444\u043e\u043d \u0442\u0430 \u0434\u043e\u0441\u0442\u0443\u043f \u0434\u043e \u0456\u043d\u0442\u0435\u0440\u043d\u0435\u0442\u0443! \u041f\u043b\u0430\u0442\u0435\u0436\u0456 \u0431\u0443\u0434\u0443\u0442\u044c \u043f\u0435\u0440\u0435\u0440\u0430\u0445\u043e\u0432\u0430\u043d\u0456 \u043d\u0430 \u0440\u0430\u0445\u0443\u043d\u043e\u043a \u043d\u0430\u0448\u043e\u0457 \u0437\u0431\u0456\u0440\u043a\u0438 \u00abSAVE UKRAINE\u00bb, \u0437\u0430\u043f\u043e\u0447\u0430\u0442\u043a\u043e\u0432\u0430\u043d\u043e\u0457 \u0443 2022 \u0440\u043e\u0446\u0456 \u0432...\" \/>\n<meta property=\"og:url\" content=\"https:\/\/fundacjaukraina.eu\/uk\/pomoc-da-ukrainy\/blik-na-telefon\/\" \/>\n<meta property=\"og:site_name\" content=\"Fundacja Ukraina\" \/>\n<meta property=\"article:publisher\" content=\"https:\/\/www.facebook.com\/fundacja.ukraina\/\" \/>\n<meta property=\"article:modified_time\" content=\"2024-04-09T15:06:39+00:00\" \/>\n<meta property=\"og:image\" content=\"https:\/\/fundacjaukraina.eu\/wp-content\/uploads\/2024\/04\/blik.png\" \/>\n<meta name=\"twitter:card\" content=\"summary_large_image\" \/>\n<meta name=\"twitter:label1\" content=\"Est. reading time\" \/>\n\t<meta name=\"twitter:data1\" content=\"2 minutes\" \/>\n<script type=\"application\/ld+json\" class=\"yoast-schema-graph\">{\"@context\":\"https:\/\/schema.org\",\"@graph\":[{\"@type\":\"WebPage\",\"@id\":\"https:\/\/fundacjaukraina.eu\/uk\/pomoc-da-ukrainy\/blik-na-telefon\/\",\"url\":\"https:\/\/fundacjaukraina.eu\/uk\/pomoc-da-ukrainy\/blik-na-telefon\/\",\"name\":\"BLIK \u043f\u043e \u0442\u0435\u043b\u0435\u0444\u043e\u043d\u0443 - Fundacja Ukraina\",\"isPartOf\":{\"@id\":\"https:\/\/fundacjaukraina.eu\/#website\"},\"primaryImageOfPage\":{\"@id\":\"https:\/\/fundacjaukraina.eu\/uk\/pomoc-da-ukrainy\/blik-na-telefon\/#primaryimage\"},\"image\":{\"@id\":\"https:\/\/fundacjaukraina.eu\/uk\/pomoc-da-ukrainy\/blik-na-telefon\/#primaryimage\"},\"thumbnailUrl\":\"https:\/\/fundacjaukraina.eu\/wp-content\/uploads\/2024\/04\/blik.png\",\"datePublished\":\"2024-04-09T14:13:34+00:00\",\"dateModified\":\"2024-04-09T15:06:39+00:00\",\"breadcrumb\":{\"@id\":\"https:\/\/fundacjaukraina.eu\/uk\/pomoc-da-ukrainy\/blik-na-telefon\/#breadcrumb\"},\"inLanguage\":\"ua-UA\",\"potentialAction\":[{\"@type\":\"ReadAction\",\"target\":[\"https:\/\/fundacjaukraina.eu\/uk\/pomoc-da-ukrainy\/blik-na-telefon\/\"]}]},{\"@type\":\"ImageObject\",\"inLanguage\":\"ua-UA\",\"@id\":\"https:\/\/fundacjaukraina.eu\/uk\/pomoc-da-ukrainy\/blik-na-telefon\/#primaryimage\",\"url\":\"https:\/\/fundacjaukraina.eu\/wp-content\/uploads\/2024\/04\/blik.png\",\"contentUrl\":\"https:\/\/fundacjaukraina.eu\/wp-content\/uploads\/2024\/04\/blik.png\"},{\"@type\":\"BreadcrumbList\",\"@id\":\"https:\/\/fundacjaukraina.eu\/uk\/pomoc-da-ukrainy\/blik-na-telefon\/#breadcrumb\",\"itemListElement\":[{\"@type\":\"ListItem\",\"position\":1,\"name\":\"Home\",\"item\":\"https:\/\/fundacjaukraina.eu\/uk\/\"},{\"@type\":\"ListItem\",\"position\":2,\"name\":\"\u0414\u043e\u043f\u043e\u043c\u043e\u0433\u0430 \u0434\u043b\u044f \u0423\u043a\u0440\u0430\u0457\u043d\u0438\",\"item\":\"https:\/\/fundacjaukraina.eu\/uk\/pomoc-da-ukrainy\/\"},{\"@type\":\"ListItem\",\"position\":3,\"name\":\"BLIK \u043f\u043e \u0442\u0435\u043b\u0435\u0444\u043e\u043d\u0443\"}]},{\"@type\":\"WebSite\",\"@id\":\"https:\/\/fundacjaukraina.eu\/#website\",\"url\":\"https:\/\/fundacjaukraina.eu\/\",\"name\":\"Fundacja Ukraina\",\"description\":\"Pracujemy z lud\u017ami i dla ludzi\",\"publisher\":{\"@id\":\"https:\/\/fundacjaukraina.eu\/#organization\"},\"potentialAction\":[{\"@type\":\"SearchAction\",\"target\":{\"@type\":\"EntryPoint\",\"urlTemplate\":\"https:\/\/fundacjaukraina.eu\/?s={search_term_string}\"},\"query-input\":{\"@type\":\"PropertyValueSpecification\",\"valueRequired\":true,\"valueName\":\"search_term_string\"}}],\"inLanguage\":\"ua-UA\"},{\"@type\":\"Organization\",\"@id\":\"https:\/\/fundacjaukraina.eu\/#organization\",\"name\":\"Fundacja Ukraina\",\"url\":\"https:\/\/fundacjaukraina.eu\/\",\"logo\":{\"@type\":\"ImageObject\",\"inLanguage\":\"ua-UA\",\"@id\":\"https:\/\/fundacjaukraina.eu\/#\/schema\/logo\/image\/\",\"url\":\"https:\/\/fundacjaukraina.eu\/wp-content\/uploads\/2023\/09\/fu-main.png\",\"contentUrl\":\"https:\/\/fundacjaukraina.eu\/wp-content\/uploads\/2023\/09\/fu-main.png\",\"width\":1200,\"height\":630,\"caption\":\"Fundacja Ukraina\"},\"image\":{\"@id\":\"https:\/\/fundacjaukraina.eu\/#\/schema\/logo\/image\/\"},\"sameAs\":[\"https:\/\/www.facebook.com\/fundacja.ukraina\/\",\"https:\/\/www.linkedin.com\/company\/fundacja-ukraina\"]}]}<\/script>\n<!-- \/ Yoast SEO plugin. -->","yoast_head_json":{"title":"BLIK \u043f\u043e \u0442\u0435\u043b\u0435\u0444\u043e\u043d\u0443 - Fundacja Ukraina","robots":{"index":"index","follow":"follow","max-snippet":"max-snippet:-1","max-image-preview":"max-image-preview:large","max-video-preview":"max-video-preview:-1"},"canonical":"https:\/\/fundacjaukraina.eu\/uk\/pomoc-da-ukrainy\/blik-na-telefon\/","og_locale":"en_US","og_type":"article","og_title":"BLIK \u043f\u043e \u0442\u0435\u043b\u0435\u0444\u043e\u043d\u0443 - Fundacja Ukraina","og_description":"\u041f\u0456\u0434\u0442\u0440\u0438\u043c\u0430\u0439\u0442\u0435 \u043d\u0430\u0448 \u0437\u0431\u0456\u0440 \u043a\u043e\u0448\u0442\u0456\u0432 BLIK-\u043e\u043c__ \u0422\u0435\u043f\u0435\u0440 \u0434\u043e\u043f\u043e\u043c\u0430\u0433\u0430\u0442\u0438 \u0441\u0442\u0430\u043b\u043e \u0449\u0435 \u043f\u0440\u043e\u0441\u0442\u0456\u0448\u0435! \u0424\u0443\u043d\u0434\u0430\u0446\u0456\u044f \u0423\u043a\u0440\u0430\u0457\u043d\u0430 \u0437\u0430\u043f\u0440\u043e\u0432\u0430\u0434\u0438\u043b\u0430 \u043d\u043e\u0432\u0443 \u043e\u043f\u0446\u0456\u044e \u0434\u043b\u044f \u043f\u043e\u0436\u0435\u0440\u0442\u0432\u0443\u0432\u0430\u043d\u044c \u2013 \u0437\u0430 \u0434\u043e\u043f\u043e\u043c\u043e\u0433\u043e\u044e \u043f\u0435\u0440\u0435\u043a\u0430\u0437\u0443 BLIK \u043d\u0430 \u0442\u0435\u043b\u0435\u0444\u043e\u043d. \u0412\u0456\u0434\u0442\u0435\u043f\u0435\u0440 \u0432\u0438 \u043c\u043e\u0436\u0435\u0442\u0435 \u0437\u0440\u043e\u0431\u0438\u0442\u0438 \u043f\u0435\u0440\u0435\u043a\u0430\u0437 \u043a\u043e\u0448\u0442\u0456\u0432 \u0431\u0443\u0434\u044c-\u0434\u0435 \u0442\u0430 \u0431\u0443\u0434\u044c-\u043a\u043e\u043b\u0438 &#8211; \u043f\u043e\u0442\u0440\u0456\u0431\u0435\u043d \u043b\u0438\u0448\u0435 \u0442\u0435\u043b\u0435\u0444\u043e\u043d \u0442\u0430 \u0434\u043e\u0441\u0442\u0443\u043f \u0434\u043e \u0456\u043d\u0442\u0435\u0440\u043d\u0435\u0442\u0443! \u041f\u043b\u0430\u0442\u0435\u0436\u0456 \u0431\u0443\u0434\u0443\u0442\u044c \u043f\u0435\u0440\u0435\u0440\u0430\u0445\u043e\u0432\u0430\u043d\u0456 \u043d\u0430 \u0440\u0430\u0445\u0443\u043d\u043e\u043a \u043d\u0430\u0448\u043e\u0457 \u0437\u0431\u0456\u0440\u043a\u0438 \u00abSAVE UKRAINE\u00bb, \u0437\u0430\u043f\u043e\u0447\u0430\u0442\u043a\u043e\u0432\u0430\u043d\u043e\u0457 \u0443 2022 \u0440\u043e\u0446\u0456 \u0432...","og_url":"https:\/\/fundacjaukraina.eu\/uk\/pomoc-da-ukrainy\/blik-na-telefon\/","og_site_name":"Fundacja Ukraina","article_publisher":"https:\/\/www.facebook.com\/fundacja.ukraina\/","article_modified_time":"2024-04-09T15:06:39+00:00","og_image":[{"url":"https:\/\/fundacjaukraina.eu\/wp-content\/uploads\/2024\/04\/blik.png","type":"","width":"","height":""}],"twitter_card":"summary_large_image","twitter_misc":{"Est. reading time":"2 minutes"},"schema":{"@context":"https:\/\/schema.org","@graph":[{"@type":"WebPage","@id":"https:\/\/fundacjaukraina.eu\/uk\/pomoc-da-ukrainy\/blik-na-telefon\/","url":"https:\/\/fundacjaukraina.eu\/uk\/pomoc-da-ukrainy\/blik-na-telefon\/","name":"BLIK \u043f\u043e \u0442\u0435\u043b\u0435\u0444\u043e\u043d\u0443 - Fundacja Ukraina","isPartOf":{"@id":"https:\/\/fundacjaukraina.eu\/#website"},"primaryImageOfPage":{"@id":"https:\/\/fundacjaukraina.eu\/uk\/pomoc-da-ukrainy\/blik-na-telefon\/#primaryimage"},"image":{"@id":"https:\/\/fundacjaukraina.eu\/uk\/pomoc-da-ukrainy\/blik-na-telefon\/#primaryimage"},"thumbnailUrl":"https:\/\/fundacjaukraina.eu\/wp-content\/uploads\/2024\/04\/blik.png","datePublished":"2024-04-09T14:13:34+00:00","dateModified":"2024-04-09T15:06:39+00:00","breadcrumb":{"@id":"https:\/\/fundacjaukraina.eu\/uk\/pomoc-da-ukrainy\/blik-na-telefon\/#breadcrumb"},"inLanguage":"ua-UA","potentialAction":[{"@type":"ReadAction","target":["https:\/\/fundacjaukraina.eu\/uk\/pomoc-da-ukrainy\/blik-na-telefon\/"]}]},{"@type":"ImageObject","inLanguage":"ua-UA","@id":"https:\/\/fundacjaukraina.eu\/uk\/pomoc-da-ukrainy\/blik-na-telefon\/#primaryimage","url":"https:\/\/fundacjaukraina.eu\/wp-content\/uploads\/2024\/04\/blik.png","contentUrl":"https:\/\/fundacjaukraina.eu\/wp-content\/uploads\/2024\/04\/blik.png"},{"@type":"BreadcrumbList","@id":"https:\/\/fundacjaukraina.eu\/uk\/pomoc-da-ukrainy\/blik-na-telefon\/#breadcrumb","itemListElement":[{"@type":"ListItem","position":1,"name":"Home","item":"https:\/\/fundacjaukraina.eu\/uk\/"},{"@type":"ListItem","position":2,"name":"\u0414\u043e\u043f\u043e\u043c\u043e\u0433\u0430 \u0434\u043b\u044f \u0423\u043a\u0440\u0430\u0457\u043d\u0438","item":"https:\/\/fundacjaukraina.eu\/uk\/pomoc-da-ukrainy\/"},{"@type":"ListItem","position":3,"name":"BLIK \u043f\u043e \u0442\u0435\u043b\u0435\u0444\u043e\u043d\u0443"}]},{"@type":"WebSite","@id":"https:\/\/fundacjaukraina.eu\/#website","url":"https:\/\/fundacjaukraina.eu\/","name":"Fundacja Ukraina","description":"Pracujemy z lud\u017ami i dla ludzi","publisher":{"@id":"https:\/\/fundacjaukraina.eu\/#organization"},"potentialAction":[{"@type":"SearchAction","target":{"@type":"EntryPoint","urlTemplate":"https:\/\/fundacjaukraina.eu\/?s={search_term_string}"},"query-input":{"@type":"PropertyValueSpecification","valueRequired":true,"valueName":"search_term_string"}}],"inLanguage":"ua-UA"},{"@type":"Organization","@id":"https:\/\/fundacjaukraina.eu\/#organization","name":"Fundacja Ukraina","url":"https:\/\/fundacjaukraina.eu\/","logo":{"@type":"ImageObject","inLanguage":"ua-UA","@id":"https:\/\/fundacjaukraina.eu\/#\/schema\/logo\/image\/","url":"https:\/\/fundacjaukraina.eu\/wp-content\/uploads\/2023\/09\/fu-main.png","contentUrl":"https:\/\/fundacjaukraina.eu\/wp-content\/uploads\/2023\/09\/fu-main.png","width":1200,"height":630,"caption":"Fundacja Ukraina"},"image":{"@id":"https:\/\/fundacjaukraina.eu\/#\/schema\/logo\/image\/"},"sameAs":["https:\/\/www.facebook.com\/fundacja.ukraina\/","https:\/\/www.linkedin.com\/company\/fundacja-ukraina"]}]}},"coauthors":[],"author_meta":{"author_link":"https:\/\/fundacjaukraina.eu\/uk\/author\/fu-admin\/","display_name":"fu-admin"},"relative_dates":{"created":"Posted 2 years ago","modified":"Updated 2 years ago"},"absolute_dates":{"created":"Posted on 2024-04-09","modified":"Updated on 2024-04-09"},"absolute_dates_time":{"created":"Posted on 2024-04-09 16:13","modified":"Updated on 2024-04-09 17:06"},"featured_img_caption":"","featured_img":false,"series_order":"","_links":{"self":[{"href":"https:\/\/fundacjaukraina.eu\/uk\/wp-json\/wp\/v2\/pages\/14074","targetHints":{"allow":["GET"]}}],"collection":[{"href":"https:\/\/fundacjaukraina.eu\/uk\/wp-json\/wp\/v2\/pages"}],"about":[{"href":"https:\/\/fundacjaukraina.eu\/uk\/wp-json\/wp\/v2\/types\/page"}],"author":[{"embeddable":true,"href":"https:\/\/fundacjaukraina.eu\/uk\/wp-json\/wp\/v2\/users\/1"}],"replies":[{"embeddable":true,"href":"https:\/\/fundacjaukraina.eu\/uk\/wp-json\/wp\/v2\/comments?post=14074"}],"version-history":[{"count":1,"href":"https:\/\/fundacjaukraina.eu\/uk\/wp-json\/wp\/v2\/pages\/14074\/revisions"}],"predecessor-version":[{"id":14076,"href":"https:\/\/fundacjaukraina.eu\/uk\/wp-json\/wp\/v2\/pages\/14074\/revisions\/14076"}],"up":[{"embeddable":true,"href":"https:\/\/fundacjaukraina.eu\/uk\/wp-json\/wp\/v2\/pages\/9715"}],"wp:attachment":[{"href":"https:\/\/fundacjaukraina.eu\/uk\/wp-json\/wp\/v2\/media?parent=14074"}],"curies":[{"name":"wp","href":"https:\/\/api.w.org\/{rel}","templated":true}]}}